{"id":8309,"date":"2022-11-24T09:22:56","date_gmt":"2022-11-24T07:22:56","guid":{"rendered":"https:\/\/www.ffr-frv.ch\/aktivitaeten\/cybersecurite\/"},"modified":"2025-11-09T12:25:09","modified_gmt":"2025-11-09T10:25:09","slug":"cybersicherheit","status":"publish","type":"page","link":"https:\/\/www.ffr-frv.ch\/de\/aktivitaeten\/cybersicherheit\/","title":{"rendered":"Cybersicherheit"},"content":{"rendered":"<section class=\"wpb-content-wrapper\"><p>[vc_row][vc_column][vc_column_text]<\/p>\n<h2>Cybersicherheit<\/h2>\n<p><a href=\"https:\/\/www.ffr-frv.ch\/wp-content\/uploads\/2025\/11\/Schutzen-Sie-Ihren-Computer_1.pdf\" target=\"_blank\" rel=\"noopener\">Sch\u00fctzen Sie Ihren Computer<\/a><\/p>\n<p><a href=\"https:\/\/www.ffr-frv.ch\/wp-content\/uploads\/2023\/05\/Sicheres-Passwort-Gebrauchsanleitung-.pdf\" target=\"_blank\" rel=\"noopener\">Sicheres Passwort Gebrauchsanleitung<\/a><\/p>\n<p><a href=\"https:\/\/www.ffr-frv.ch\/wp-content\/uploads\/2023\/05\/Umfassende-und-zuverlassige-Schweizer-Internet.pdf\" target=\"_blank\" rel=\"noopener\">Umfassende und zuverl\u00e4ssige\u00a0 Internet<\/a><\/p>\n<p><a href=\"https:\/\/www.ibarry.ch\/de\/\" target=\"_blank\" rel=\"noopener\">Schweizer Plattform zur Internetsicherheit<\/a><\/p>\n<p><a href=\"https:\/\/www.ffr-frv.ch\/wp-content\/uploads\/2024\/12\/Donnees-piratees_D.pdf\" target=\"_blank\" rel=\"noopener\">Wie Sie \u00fcberpr\u00fcfen k\u00f6nnen, ob Ihre pers\u00f6nlichen Angaben gehackt wurde<\/a><\/p>\n<p><a href=\"https:\/\/www.card-security.ch\/quiz\/\" target=\"_blank\" rel=\"noopener\">Bin ich im Internet vorsichtig genug? Testen Sie Ihr Wissen, um Betrug zu vermeiden<\/a>[\/vc_column_text][\/vc_column][\/vc_row]<\/p>\n<\/section>","protected":false},"excerpt":{"rendered":"<p>[vc_row][vc_column][vc_column_text] Cybersicherheit Sch\u00fctzen Sie Ihren Computer Sicheres Passwort Gebrauchsanleitung Umfassende und zuverl\u00e4ssige\u00a0 Internet Schweizer Plattform zur Internetsicherheit Wie Sie \u00fcberpr\u00fcfen k\u00f6nnen, ob Ihre pers\u00f6nlichen Angaben gehackt wurde Bin ich im Internet vorsichtig genug? Testen Sie Ihr Wissen, um Betrug zu vermeiden[\/vc_column_text][\/vc_column][\/vc_row]<\/p>\n","protected":false},"author":1,"featured_media":0,"parent":1122,"menu_order":0,"comment_status":"closed","ping_status":"closed","template":"template-with-menu.php","meta":{"_acf_changed":false,"footnotes":""},"folder":[],"class_list":["post-8309","page","type-page","status-publish","hentry"],"acf":[],"yoast_head":"<!-- This site is optimized with the Yoast SEO plugin v27.1.1 - https:\/\/yoast.com\/product\/yoast-seo-wordpress\/ -->\n<title>Cybersicherheit | Bienvenue sur le site de la FFR-FRV<\/title>\n<meta name=\"description\" content=\"Retrouvez dans cette page les nouvelles de la FFR.\" \/>\n<meta name=\"robots\" content=\"index, follow, max-snippet:-1, max-image-preview:large, max-video-preview:-1\" \/>\n<link rel=\"canonical\" href=\"https:\/\/www.ffr-frv.ch\/de\/aktivitaeten\/cybersicherheit\/\" \/>\n<meta property=\"og:locale\" content=\"de_DE\" \/>\n<meta property=\"og:type\" content=\"article\" \/>\n<meta property=\"og:title\" content=\"Cybersicherheit | Bienvenue sur le site de la FFR-FRV\" \/>\n<meta property=\"og:description\" content=\"Retrouvez dans cette page les nouvelles de la FFR.\" \/>\n<meta property=\"og:url\" content=\"https:\/\/www.ffr-frv.ch\/de\/aktivitaeten\/cybersicherheit\/\" \/>\n<meta property=\"og:site_name\" content=\"Bienvenue sur le site de la FFR-FRV\" \/>\n<meta property=\"article:modified_time\" content=\"2025-11-09T10:25:09+00:00\" \/>\n<meta name=\"twitter:card\" content=\"summary_large_image\" \/>\n<meta name=\"twitter:label1\" content=\"Gesch\u00e4tzte Lesezeit\" \/>\n\t<meta name=\"twitter:data1\" content=\"1\u00a0Minute\" \/>\n<script type=\"application\/ld+json\" class=\"yoast-schema-graph\">{\"@context\":\"https:\/\/schema.org\",\"@graph\":[{\"@type\":\"WebPage\",\"@id\":\"https:\/\/www.ffr-frv.ch\/de\/aktivitaeten\/cybersicherheit\/\",\"url\":\"https:\/\/www.ffr-frv.ch\/de\/aktivitaeten\/cybersicherheit\/\",\"name\":\"Cybersicherheit | Bienvenue sur le site de la FFR-FRV\",\"isPartOf\":{\"@id\":\"https:\/\/www.ffr-frv.ch\/de\/#website\"},\"datePublished\":\"2022-11-24T07:22:56+00:00\",\"dateModified\":\"2025-11-09T10:25:09+00:00\",\"description\":\"Retrouvez dans cette page les nouvelles de la FFR.\",\"breadcrumb\":{\"@id\":\"https:\/\/www.ffr-frv.ch\/de\/aktivitaeten\/cybersicherheit\/#breadcrumb\"},\"inLanguage\":\"de\",\"potentialAction\":[{\"@type\":\"ReadAction\",\"target\":[\"https:\/\/www.ffr-frv.ch\/de\/aktivitaeten\/cybersicherheit\/\"]}]},{\"@type\":\"BreadcrumbList\",\"@id\":\"https:\/\/www.ffr-frv.ch\/de\/aktivitaeten\/cybersicherheit\/#breadcrumb\",\"itemListElement\":[{\"@type\":\"ListItem\",\"position\":1,\"name\":\"Titelseite\",\"item\":\"https:\/\/www.ffr-frv.ch\/de\/\"},{\"@type\":\"ListItem\",\"position\":2,\"name\":\"Aktivit\u00e4ten\",\"item\":\"https:\/\/www.ffr-frv.ch\/de\/aktivitaeten\/\"},{\"@type\":\"ListItem\",\"position\":3,\"name\":\"Cybersicherheit\"}]},{\"@type\":\"WebSite\",\"@id\":\"https:\/\/www.ffr-frv.ch\/de\/#website\",\"url\":\"https:\/\/www.ffr-frv.ch\/de\/\",\"name\":\"Bienvenue sur le site de la FFR-FRV\",\"description\":\"\",\"potentialAction\":[{\"@type\":\"SearchAction\",\"target\":{\"@type\":\"EntryPoint\",\"urlTemplate\":\"https:\/\/www.ffr-frv.ch\/de\/?s={search_term_string}\"},\"query-input\":{\"@type\":\"PropertyValueSpecification\",\"valueRequired\":true,\"valueName\":\"search_term_string\"}}],\"inLanguage\":\"de\"}]}<\/script>\n<!-- \/ Yoast SEO plugin. -->","yoast_head_json":{"title":"Cybersicherheit | Bienvenue sur le site de la FFR-FRV","description":"Retrouvez dans cette page les nouvelles de la FFR.","robots":{"index":"index","follow":"follow","max-snippet":"max-snippet:-1","max-image-preview":"max-image-preview:large","max-video-preview":"max-video-preview:-1"},"canonical":"https:\/\/www.ffr-frv.ch\/de\/aktivitaeten\/cybersicherheit\/","og_locale":"de_DE","og_type":"article","og_title":"Cybersicherheit | Bienvenue sur le site de la FFR-FRV","og_description":"Retrouvez dans cette page les nouvelles de la FFR.","og_url":"https:\/\/www.ffr-frv.ch\/de\/aktivitaeten\/cybersicherheit\/","og_site_name":"Bienvenue sur le site de la FFR-FRV","article_modified_time":"2025-11-09T10:25:09+00:00","twitter_card":"summary_large_image","twitter_misc":{"Gesch\u00e4tzte Lesezeit":"1\u00a0Minute"},"schema":{"@context":"https:\/\/schema.org","@graph":[{"@type":"WebPage","@id":"https:\/\/www.ffr-frv.ch\/de\/aktivitaeten\/cybersicherheit\/","url":"https:\/\/www.ffr-frv.ch\/de\/aktivitaeten\/cybersicherheit\/","name":"Cybersicherheit | Bienvenue sur le site de la FFR-FRV","isPartOf":{"@id":"https:\/\/www.ffr-frv.ch\/de\/#website"},"datePublished":"2022-11-24T07:22:56+00:00","dateModified":"2025-11-09T10:25:09+00:00","description":"Retrouvez dans cette page les nouvelles de la FFR.","breadcrumb":{"@id":"https:\/\/www.ffr-frv.ch\/de\/aktivitaeten\/cybersicherheit\/#breadcrumb"},"inLanguage":"de","potentialAction":[{"@type":"ReadAction","target":["https:\/\/www.ffr-frv.ch\/de\/aktivitaeten\/cybersicherheit\/"]}]},{"@type":"BreadcrumbList","@id":"https:\/\/www.ffr-frv.ch\/de\/aktivitaeten\/cybersicherheit\/#breadcrumb","itemListElement":[{"@type":"ListItem","position":1,"name":"Titelseite","item":"https:\/\/www.ffr-frv.ch\/de\/"},{"@type":"ListItem","position":2,"name":"Aktivit\u00e4ten","item":"https:\/\/www.ffr-frv.ch\/de\/aktivitaeten\/"},{"@type":"ListItem","position":3,"name":"Cybersicherheit"}]},{"@type":"WebSite","@id":"https:\/\/www.ffr-frv.ch\/de\/#website","url":"https:\/\/www.ffr-frv.ch\/de\/","name":"Bienvenue sur le site de la FFR-FRV","description":"","potentialAction":[{"@type":"SearchAction","target":{"@type":"EntryPoint","urlTemplate":"https:\/\/www.ffr-frv.ch\/de\/?s={search_term_string}"},"query-input":{"@type":"PropertyValueSpecification","valueRequired":true,"valueName":"search_term_string"}}],"inLanguage":"de"}]}},"_links":{"self":[{"href":"https:\/\/www.ffr-frv.ch\/de\/wp-json\/wp\/v2\/pages\/8309","targetHints":{"allow":["GET"]}}],"collection":[{"href":"https:\/\/www.ffr-frv.ch\/de\/wp-json\/wp\/v2\/pages"}],"about":[{"href":"https:\/\/www.ffr-frv.ch\/de\/wp-json\/wp\/v2\/types\/page"}],"author":[{"embeddable":true,"href":"https:\/\/www.ffr-frv.ch\/de\/wp-json\/wp\/v2\/users\/1"}],"replies":[{"embeddable":true,"href":"https:\/\/www.ffr-frv.ch\/de\/wp-json\/wp\/v2\/comments?post=8309"}],"version-history":[{"count":9,"href":"https:\/\/www.ffr-frv.ch\/de\/wp-json\/wp\/v2\/pages\/8309\/revisions"}],"predecessor-version":[{"id":17612,"href":"https:\/\/www.ffr-frv.ch\/de\/wp-json\/wp\/v2\/pages\/8309\/revisions\/17612"}],"up":[{"embeddable":true,"href":"https:\/\/www.ffr-frv.ch\/de\/wp-json\/wp\/v2\/pages\/1122"}],"wp:attachment":[{"href":"https:\/\/www.ffr-frv.ch\/de\/wp-json\/wp\/v2\/media?parent=8309"}],"wp:term":[{"taxonomy":"folder","embeddable":true,"href":"https:\/\/www.ffr-frv.ch\/de\/wp-json\/wp\/v2\/folder?post=8309"}],"curies":[{"name":"wp","href":"https:\/\/api.w.org\/{rel}","templated":true}]}}