{"id":5048,"date":"2021-11-22T14:53:51","date_gmt":"2021-11-22T12:53:51","guid":{"rendered":"https:\/\/www.ffr-frv.ch\/?page_id=5048"},"modified":"2021-12-14T17:41:48","modified_gmt":"2021-12-14T15:41:48","slug":"engagements","status":"publish","type":"page","link":"https:\/\/www.ffr-frv.ch\/de\/aktivitaeten\/engagements\/","title":{"rendered":"Unsere Aktivit\u00e4ten"},"content":{"rendered":"<section class=\"wpb-content-wrapper\"><p>[vc_row][vc_column][vc_column_text]<\/p>\n<h2>Unsere Aktivit\u00e4ten<\/h2>\n<p>Wichtigste Entscheide der FRV, Stellungsnahmen, Versammlungsberichte:<br \/>\nsiehe unten.<\/p>\n<hr \/>\n<p>&nbsp;<\/p>\n<p><span style=\"color: #000000;\"><strong>DELEGIERTENVERSAMMLUNG DER FRV:<\/strong><\/span><br \/>\n<strong><span style=\"color: #339966;\"><span style=\"color: #008000;\">STANDHAFTE AKTIVIT\u00c4T UND STAB\u00dcBERGABEN\u00a0<\/span><br \/>\n<\/span><\/strong><br \/>\n<em>Am 10. November 2021 hat die Freiburgische Rentnervereinigung unter der Leitung ihres Pr\u00e4sidenten Jacques Morel in L\u00e9chelles ihre Delegiertenversammlung abgehalten. Rund 100 Personen, darunter 63 Delegierte, haben daran teilgenommen.<\/em><\/p>\n<p><img loading=\"lazy\" decoding=\"async\" class=\"alignnone size-medium wp-image-5029\" src=\"https:\/\/www.ffr-frv.ch\/wp-content\/uploads\/2021\/11\/FFR-AD2021-morel-300x200.jpg\" alt=\"\" width=\"300\" height=\"200\" \/>\u00a0 \u00a0 <img loading=\"lazy\" decoding=\"async\" class=\"alignnone size-medium wp-image-5025\" src=\"https:\/\/www.ffr-frv.ch\/wp-content\/uploads\/2021\/11\/FFR-AD2021-01-300x200.jpg\" alt=\"\" width=\"300\" height=\"200\" \/><br \/>\n<em>Der FRV-Pr\u00e4sident Jacques Morel hat rund 100 Personen in L\u00e9chelles empfangen.<\/em><\/p>\n<p>In seiner Begr\u00fcssungsansprache an G\u00e4ste und Delegierte richtete Jacques Morel besondere Willkommensworte an den Oberamtmann des Broyebezirks, Nicolas Kilchoer, an Albert Pauchard, den Ammann von Belmont-Broye und an Bundesrichter Jean-Luc Baechler vom Bundesverwaltungsgericht in St. Gallen, dem Referent des Tages. Die Sektion Broye &#8211; 770 Mitglieder stark und pr\u00e4sidiert von Bernard Noble \u2013 stand wirkungsvoll hinter der Organisation des Anlasses.<br \/>\nIn seinem Jahresbericht 2019-2020 hob Jacques Morel hervor, dass die Kommission f\u00fcr Wirtschaftsfragen (CQE) mit Bedauern zur Kenntnis nehmen musste, dass ihr Vorstoss in der Frage der Medikamentenbeschaffung durch die Pflegeheime noch keine Resultate gezeitigt hatte; baldige Fortschritte stehen jedoch in Aussicht.<\/p>\n<p><strong>Die Initiative \u00abBachmann\u00bb: eine Bedrohung f\u00fcr die Rentner<\/strong><br \/>\nGrund zur Befriedigung f\u00fcr die CQE war hingegen der R\u00fcckzug der Intitiative \u00abBachmann\u00bb, welche die K\u00fcrzung von bereits zugesprochenen Renten zum Ziel gehabt hatte.<br \/>\nJosef Bachmann, Komiteepr\u00e4sident der neuen Generationeninitiative mit dem Titel \u00abJa zu fairen und sicheren Renten\u00bb hat Anfang September die Debatte neu angekurbelt und eine Unterschriftensammlung gestartet. Unterst\u00fctzung dazu kommt aus Kreisen der Rechten, darunter der Jungfreisinnigen und der Jungen SVP. Die Initiative verlangt insbesondere, das Alter zur Rentenberechtigung mit der Lebenserwartung zu verkn\u00fcpfen und beruft sich darauf, dass das gegenw\u00e4rtige System \u00abdie jungen Generationen benachteiligt\u00bb, welche f\u00fcr die Rentner zahlen m\u00fcssen.<\/p>\n<p><strong>Volksinitiative f\u00fcr eine 13. AHV-Rente<\/strong><br \/>\nDie Kommission f\u00fcr Wirtschaftsfragen wird sp\u00e4ter zur eingereichten Volksinitiative f\u00fcr eine 13. AHV-Rente Stellung nehmen, welche sich f\u00fcr die Rentner auf den ersten Blick sehr attraktiv ausnimmt, aber die schon ernsthaften Schwierigkeiten bei der Finanzierung der ersten S\u00e4ule noch verschlimmert.<br \/>\nDie Kommission hat den Beschluss des St\u00e4nderates zur Kenntnis genommen, den Eigenmietwert eines Wohngeb\u00e4udes abzuschaffen, wenn es vom Besitzer selbst bewohnt wird. Falls die Frage vor das Volk gelangen sollte, wird die Kommission sie erneut er\u00f6rtern.<br \/>\nDie Kommission Gesundheit und Soziales (CSS), pr\u00e4sidiert von Beat Bucheli, bef\u00fcrwortet den Zusammenschluss der Vereinigung freiburgischer Alterseinrichtungen (AFIPA-VFA) und des Spitex-Verbands Freiburg (AFAS-SVF). Ihre Zustimmung gibt sie auch dem Ausf\u00fchrungsgesetz und der Verordnung zum verbesserten Schutz von Gewaltopfern.<\/p>\n<p><strong>Stellungsnahmen zu Gesetzesentw\u00fcrfen:<\/strong><br \/>\n<strong>Sozialhilfe (DSAS) und Erg\u00e4nzungsleistungen f\u00fcr Familien (FamELG)<\/strong><br \/>\nDie CSS hat im Jahre 2021 die Vorentw\u00fcrfe zum Sozialhilfegesetz (DSAS) und zum Gesetz \u00fcber die Erg\u00e4nzungsleistungen f\u00fcr Familien (FamELG) begutachtet. Was die \u00c4nderungen beim DSAS betrifft, zeigt sich die CSS haupts\u00e4chlich besorgt, wenn es um die R\u00fcckzahlung der erhaltenen Hilfsbeitr\u00e4ge geht. Diese Massnahmen d\u00fcrfen in keinem Fall eine Verminderung der AHV-Renten nach sich ziehen, denn die davon betroffenen Personen k\u00f6nnten Gefahr laufen, beim Erreichen des Rentenalters in die Armut abzugleiten.<br \/>\nZum Gesetzesentwurf des FamELG begr\u00fcsst die Kommission Gesundheit und Soziales alle Massnahmen, welche zum Ziel haben, die wirtschaftlich schwachen Familien mit Kindern zu entlasten. Sie betrachtet hingegen die Bedingung, dass man mindestens zwei Jahre im Kanton gewohnt haben muss, um Anspruch auf Erg\u00e4nzungsleistungen (EL) zu erheben, als zu hohe H\u00fcrde. Sie w\u00fcrde diese Einschr\u00e4nkung gerne streichen oder mindestens auf ein Jahr reduzieren. Die EL betreffen die Kinder, sie sollten ihnen ohne Vorbehalt auf die Wohnsituation der Eltern ausbezahlt werden.<\/p>\n<p>T<strong>ariferm\u00e4ssigungen f\u00fcr Senioren in den \u00d6V<\/strong><br \/>\nDie Kommission f\u00fcr Sicherheit und Mobilit\u00e4t (CST) will die Initiative nicht unterst\u00fctzen, welche kostenlose \u00d6V f\u00fcr die Senioren anstrebt. Hingegen tritt sie f\u00fcr eine Verbilligung der Fahrtarife ein. Sie hat auch mit Erfolg die Wiederinbetriebnahme der Bushaltestelle \u00abCimeti\u00e8re\u00bb in Freiburg unterst\u00fctzt. Vereint mit anderen Organisationen und Privaten hat sie den Einbau von Aufz\u00fcgen im Bahnhof Freiburg erwirkt.<\/p>\n<p><strong>Jahresabschluss 2020 und Budget 2022<\/strong><br \/>\nDer Kassierer Lorenzo Ponzo stellt den Jahresabschluss 2020 mit einem Defizit von Fr. 9828,70 vor, was sich angesichts der grassierenden Pandemie des Covid-19 w\u00e4hrend dieser Zeit gar nicht schlecht ausnimmt. Durch diesen Verlust schrumpft aber das Verm\u00f6gen beim Stichtag des 31. Dez. 2020 auf Fr. 71\u2019006,80. Einstimmig gutgeheissen werden der Jahresabschluss 2020 und das Budget 2022, welches einen Ertrag von Fr. 525.- vorsieht.<br \/>\nEbenfalls einstimmig gehen die unver\u00e4nderten Jahresbeitr\u00e4ge \u00fcber die B\u00fchne: in den Sektionen Fr. 4.50 pro Mitglied und f\u00fcr die angeschlossenen Gruppierungen zwischen minimal Fr. 90.- und h\u00f6chstens Fr. 450.-.<\/p>\n<p><strong>Applaus zur Wiederwahl des Pr\u00e4sidenten und des Sekret\u00e4rs<\/strong><br \/>\nJacques Morel, Pr\u00e4sident der FRV, und Andr\u00e9 Oberson, ihr Sekret\u00e4r, nehmen ein zus\u00e4tzliches Mandat an. Nach der einstimmigen Wiederwahl des Sekret\u00e4rs wird Jacques Morel f\u00fcr ein Dreijahresmandat durch eine ausdrucksvolle Akklamation wiedergew\u00e4hlt. Die Versammlung erf\u00e4hrt dann noch, dass die Gruppierung Cardinal die FRV auf den 31. Dezember 2020 wegen zunehmender Personalknappheit verlassen hat.<\/p>\n<p><strong>Fragw\u00fcrdige Verkehrssicherheit in Montagny-la-Ville<\/strong><br \/>\nAnl\u00e4sslich der Delegiertenversammlung der FRV in L\u00e9chelles hat Georges V\u00e9sy, als Vertreter der angeschlossenen Gruppierung ARBRE, einen eindringlichen Aufruf zur Sicherheit aller Verkehrsteilnehmer, insbesondere der Rentner, auf dem Strassennetz bei Montagny-la-Ville erlassen. Als haupts\u00e4chlichen Gefahrenherd stellte er den Abschnitt der Kantonalstrasse unterhalb Montagny-la-Ville an den Pranger, der trotz 12% Gef\u00e4lle und einer Verengung beim Bahn\u00fcbergang nicht einmal einen Gehsteig aufweist. Einen Fussweg f\u00fcr Passanten und Pendler gibt es auch nicht. \u00abDas dauert nun schon zu lange und ich appelliere an den Herrn Oberamtmann, sich bei den kantonalen Beh\u00f6rden f\u00fcr das Problem einzusetzen. Diese Beh\u00f6rden weisen uns seit Jahrzehnten mit der Begr\u00fcndung ab, die Frage stehe bei ihren Investitionen nicht im Vordergrund.\u00bb Sein Appell erreichte jedoch den eigentlichen Adressat, Nicolas Kilchoer, Oberamtmann des Broyebezirkes, nicht, weil dieser den Saal im Moment der Intervention leider schon verlassen hatte.<\/p>\n<p>Die n\u00e4chste Delegiertenversammlung der FRV wird am 2. Juni 2022 in B\u00f6singen stattfinden und die Sektion Sense ist mit deren Organisation betraut.<\/p>\n<p>&nbsp;<\/p>\n<p>&nbsp;<\/p>\n<p><span style=\"color: #008000;\"><strong>WECHSEL BEI DEN FINANZEN:<\/strong><\/span><br \/>\n<span style=\"color: #339966;\"><span style=\"color: #008000;\"><strong>LORENZO PONZO \u00dcBERGIBT DIE KASSE AN PAUL-ANDRE JORDAN<\/strong><\/span><br \/>\n<\/span><br \/>\n<em>Nachdem er nahezu drei Jahrzehnte lang \u00ab unter drei Pr\u00e4sidenten \u00bb Kassierer war, reichte Lorenzo Ponzo, der am vergangenen 12. November 90 Jahre alt wurde, seinen R\u00fccktritt auf Ende 2021 ein. \u00ab Zwei Pr\u00e4sidenten habe ich abgenutzt \u00bb, scherzt er, \u00ab beim dritten, Jacques Morel, ist es mir nicht gelungen. \u00bb Der 68-j\u00e4hrige Diderain (d.h. Einwohner von Domdidier) Paul-Andr\u00e9 Jordan wird ihn ersetzen. Als Kenner der Finanzen und der Buchhaltung amtierte er bereits seit einem Jahr als Kassierer bei der Sektion Broye.<\/em><\/p>\n<p><img loading=\"lazy\" decoding=\"async\" class=\"alignnone size-medium wp-image-5031\" src=\"https:\/\/www.ffr-frv.ch\/wp-content\/uploads\/2021\/11\/lorenzo-successeur-300x200.jpg\" alt=\"\" width=\"300\" height=\"200\" \/><br \/>\n<em>Lorenzo Ponzo (links) \u00fcbergibt die Kasse an Paul-Andr\u00e9 Jordan.<\/em><\/p>\n<p>Lorenzo Ponzo, dessen facettenreiches Lebensportr\u00e4t wir in der n\u00e4chsten Nummer von Horizon entdecken werden, ist Vater von zwei Kindern, sechs Enkeln und sieben Grossenkeln. Nach 63 Ehejahren verlor er seine aus Farvagny stammende Gattin am 5. Februar 2020. Seine Ausbildung zum Mechaniker erhielt er in einer Werkstatt in Tunis, wo er inmitten der italienischen Gemeinschaft seine fr\u00fche Jugend verbrachte. Ab 1952 lebte er in Turin und im November 1956 liess er sich in Freiburg nieder, der Stadt, die er nie mehr verliess. Die Firma Condensateurs AG warb ihn an; zuerst arbeitete er an der Drehbank, bevor er zum Produktionstechniker bef\u00f6rdert wurde. Von 1969 bis 1991, dem Jahr seiner Pensionierung, war er bei M\u00e9tar AG t\u00e4tig, immer noch im Verbund von Condensateurs Fribourg Holding, vorerst als Produktionsleiter und anschliessend als Vizedirektor. Seine Liebe zur Oper f\u00fchrte ihn zur Oper Freiburg, wo er lange Zeit f\u00fcr die Werbung und den Kartenverkauf zust\u00e4ndig war. Auch organisierte er w\u00e4hrend Jahren Reisen, um die grossen Opern zu besuchen. Er ist auch Mitglied der Dante-Alighieri-Gesellschaft, welche im Kanton die italienische Kultur f\u00f6rdert. Seit 2019 ist er schweizerisch-italienischer Doppelb\u00fcrger.<br \/>\nSein Nachfolger, Paul-Andr\u00e9 Jordan, Vater dreier T\u00f6chter und von sieben Enkelinnen, bestens bekannt in Ringerkreisen ( das ist nebst Reisen eines seiner Hobbys), ist ein treuer Einwohner seines Dorfes Domdidier. Ausser zwei Jahren, die er aus beruflichen Gr\u00fcnden in Basel verbrachte, wohnte er nie anderswo. Als ausgebildeter kaufm\u00e4nnischer Angestellter arbeitete er 41 Jahre lang bei Monney Forster, besser bekannt unter den Namen Mofor, sp\u00e4ter umbenannt in SFS. Von 1990 bis zu seiner Pensionierung leitete Paul-Andr\u00e9 Jordan die Filiale dieser Firma in Payerne.<br \/>\nPaul-Andr\u00e9 Jordan ist Fan von Freistilringen und griechisch-r\u00f6mischem Ringen, welches er von 16 bis hin zu 57 Jahren aktiv praktizierte, ja 1975 er war sogar Schweizermeister im griechisch-r\u00f6mischen Stil! W\u00e4hrend 40 Jahren geh\u00f6rte er dem Klub Olympic Domdidier an und zehn Jahre lang pr\u00e4sidierte er die Ortsvereine, die Union des Soci\u00e9t\u00e9s Locales (USL).<br \/>\nSo reiselustig er ist, musste er jedoch w\u00e4hrend der Covid-Pandemie seine Entdeckungsw\u00fcnsche z\u00fcgeln. Zum Trost nahm er das Mountain-Bike zu Hilfe, neuerdings mit Elektro-Unterst\u00fctzung, und radelte damit runde 5000 Jahreskilometer. <strong>JB<\/strong><\/p>\n<p>&nbsp;<\/p>\n<p><span style=\"color: #339966;\"><strong><br \/>\nSTAB\u00dcBERGABE:<\/strong><\/span><br \/>\n<span style=\"color: #339966;\"><strong>WECHSEL IN DER KOMMISSION F\u00dcR WIRTSCHAFTSFRAGEN (CQE)<br \/>\n<\/strong><\/span><br \/>\n<em>Nach 10 Jahren an der Spitze der Kommission f\u00fcr Wirtschaftsfragen der Freiburgischen Rentnervereinigung (FRV) \u00fcberl\u00e4sst Albert Marti, Elektroingenieur HTL, geboren 1940, seinen Platz einem anderen Albert, dem Wirtschaftsfachmann Albert Noth, geboren 1947, ehemaliger Herausgeber der Tageszeitung \u00abLa Libert\u00e9\u00bb und gesch\u00e4ftsf\u00fchrender Direktor der Gruppe Saint-Paul AG und dies von 1993 bis zu seiner Pensionierung 2011. Albert Noth ist Mitglied in den Komitees der Sektion Sense und auch bei den Senioren der Gruppe St.Paul.<\/em><\/p>\n<p><img loading=\"lazy\" decoding=\"async\" class=\"alignnone size-medium wp-image-5035\" src=\"https:\/\/www.ffr-frv.ch\/wp-content\/uploads\/2021\/11\/marti-noth-300x200.jpg\" alt=\"\" width=\"300\" height=\"200\" \/><\/p>\n<p><em>Albert Noth (links) tritt in die Fussstapfen von Albert Marti.<\/em><\/p>\n<p>Albert Marti, wohnhaft in Marly, verheiratet und Vater von vier erwachsenen Kindern, hat den gr\u00f6ssten Teil seiner beruflichen Laufbahn bei den Freiburgischen Elektrizit\u00e4tswerken verbracht, die seither zur Groupe e geworden sind. In diesem Unternehmen war er Vizedirektor, als er im Jahre 2000 in Fr\u00fchrente ging. Als er Komiteemitglied bei der FRV war, pr\u00e4sidierte er gleichzeitig die Rentnervereinigung der Groupe e (ARBRE), von 2005 bis 2010. Er ist auch Mitglied der Schweizerischen Rentnervereinigung (FSR-SRV) seit 2011 und neuerdings (2021!) Sonderbeauftragter des Zentralkomitees.<br \/>\nAlbert Noth wohnt im Sensebezirk in St-Antoni und ist heute Witwer. Als Doktor der Wirtschaftswissenschaft der Universit\u00e4t Freiburg, Gymnasiallehrer in Gambach, Wirtschaftsberater in einem Berner Unternehmen und gleichzeitig Lehrbeauftragter an der Universit\u00e4t Freiburg wurde er im Jahre 1984 vom damaligen Bundesrat Alfons Egli an das Eidgen\u00f6ssische Departement des Innern berufen. Zuerst war er dort t\u00e4tig als Mitarbeiter des Generalsekret\u00e4rs. 1991 wurde er erster stellvertretender Generalsekret\u00e4r von Flavio Cotti. In seiner Wohngemeinde wirkte er als Gemeinderat. Im Freiburger Grossen Rat vertrat er die Christlichdemokratische Volkpartei (CVP).<\/p>\n<p><em>Es sei noch daran erinnert, dass die CQE \u00abdie Wahrung der wirtschaftlichen und finanziellen Interessen der Rentner\u00bb zum Ziel hat. Vorrangig bedeutet das, deren Kaufkraft zu wahren gem\u00e4ss der Entwicklung des durchschnittlichen Rentnereinkommens, genau gesagt der Renten der 1. und 2. S\u00e4ule und der Erg\u00e4nzungsleistungen (EL). Die Kommission analysiert auch die fixen Ausgaben, also jene betreffend Gesundheit, Steuern, Mieten und Fahrkosten.<\/em> <strong>JB<\/strong><\/p>\n<p>&nbsp;<\/p>\n<p>&nbsp;<\/p>\n<p><span style=\"color: #339966;\"><br \/>\n<span style=\"color: #008000;\"><strong>STAB\u00dcBERGABE:<\/strong><\/span><\/span><br \/>\n<span style=\"color: #339966;\"><span style=\"color: #008000;\"><strong>KOMMISSION F\u00dcR SICHERHEIT UND MOBILIT\u00c4T (CST)<br \/>\n<\/strong><\/span><\/span><br \/>\n<em>Martial Pittet aus Belfaux war 10 Jahre lang Pr\u00e4sident der Kommission f\u00fcr Sicherheit und Mobilit\u00e4t (CST). Jetzt tritt er zur\u00fcck. Das Amt \u00fcbernimmt Dominique Facciuto aus Rossens.<\/em><\/p>\n<p><img loading=\"lazy\" decoding=\"async\" class=\"alignnone wp-image-5033\" src=\"https:\/\/www.ffr-frv.ch\/wp-content\/uploads\/2021\/11\/martial-successeur-300x200.jpg\" alt=\"\" width=\"303\" height=\"202\" \/><br \/>\n<em>Martial Pittet (links) tritt seinen Platz an Domenico Facciuto ab.<\/em><\/p>\n<p>Als vielschichtig aktive Person kann man den 1940 geborenen Martial Pittet in der Tat bezeichnen: fr\u00fcher Bahnhofsvorstand in Murten, 17 Jahre lang (1974-1991) Gemeinderat im Hauptort des Seebezirks, 28 Jahre lang Grossrat als Mitglied der Sozialialdemokratischen Partei, Mitglied des Verfassungsrates von 2000 bis 2004, um die neue Kantonsverfassung auszuarbeiten, Gewerkschafter, 17 Jahre lang Verantwortlicher der Gewerkschaft des Verkehrspersonals Saane und Broye, Pr\u00e4sident der Rentnervereinigung des franz\u00f6sischsprachigen Seebezirks w\u00e4hrend 10 Jahren, anschliessend Vizepr\u00e4sident der Rentnervereinigung Saane und 15 Jahre lang kantonaler Vizepr\u00e4sident. Als Sportler begeistert er sich f\u00fcr Turnen, Wandern, Schneeschuh laufen und Bergtouren. Zudem ist er Familienvater, hat zwei Kinder und sechs Enkelkinder.<br \/>\nAus Potenza in der s\u00fcditaienischen Basilicata stammt der 63-j\u00e4hrige Domenico Facciuto. Er ist mit 17 Jahren als diplomierter Mechaniker der Berufsschule Potenza in die Schweiz gekommen. Zuerst arbeitete er bei Condensateurs AG Freiburg, dann wurde er bei der SBB und schliesslich bei den TPF angestellt. Er hat sich engagiert bei den Gewerkschaften SEV und Transfair und bei der Gewerkschaft des Personals der \u00f6ffentlichen Verkehrsmittel. Seit 2005 wohnt er in Rossens und geniesst seine Fr\u00fchpensionierung, bleibt aber aktiv t\u00e4tig in der Sozialdemokratischen Partei. In Rossens war er auch Gemeinderat und anschliessend Generalrat in der neu fusionierten Gemeinde Gibloux. Domenico Facciuto ist verheiratet und hat vier Kinder. Sein politisches Engagement f\u00fchrt er weiter, pflegt aber auch seine Hobbys als G\u00e4rtner und Wanderer. <strong>JB<\/strong>[\/vc_column_text][\/vc_column][\/vc_row]<\/p>\n<\/section>","protected":false},"excerpt":{"rendered":"<p>[vc_row][vc_column][vc_column_text] Unsere Aktivit\u00e4ten Wichtigste Entscheide der FRV, Stellungsnahmen, Versammlungsberichte: siehe unten. &nbsp; DELEGIERTENVERSAMMLUNG DER FRV: STANDHAFTE AKTIVIT\u00c4T UND STAB\u00dcBERGABEN\u00a0 Am 10. November 2021 hat die Freiburgische Rentnervereinigung unter der Leitung ihres Pr\u00e4sidenten Jacques Morel in L\u00e9chelles ihre Delegiertenversammlung abgehalten. Rund 100 Personen, darunter 63 Delegierte, haben daran teilgenommen. \u00a0 \u00a0 Der FRV-Pr\u00e4sident Jacques Morel hat [&hellip;]<\/p>\n","protected":false},"author":1,"featured_media":0,"parent":1122,"menu_order":0,"comment_status":"closed","ping_status":"closed","template":"template-with-menu.php","meta":{"_acf_changed":false,"footnotes":""},"folder":[34],"class_list":["post-5048","page","type-page","status-publish","hentry"],"acf":[],"yoast_head":"<!-- This site is optimized with the Yoast SEO plugin v27.1.1 - https:\/\/yoast.com\/product\/yoast-seo-wordpress\/ -->\n<title>Unsere Aktivit\u00e4ten | Bienvenue sur le site de la FFR-FRV<\/title>\n<meta name=\"description\" content=\"Retrouvez dans cette page les nouvelles de la FFR.\" \/>\n<meta name=\"robots\" content=\"index, follow, max-snippet:-1, max-image-preview:large, max-video-preview:-1\" \/>\n<link rel=\"canonical\" href=\"https:\/\/www.ffr-frv.ch\/de\/aktivitaeten\/engagements\/\" \/>\n<meta property=\"og:locale\" content=\"de_DE\" \/>\n<meta property=\"og:type\" content=\"article\" \/>\n<meta property=\"og:title\" content=\"Unsere Aktivit\u00e4ten | Bienvenue sur le site de la FFR-FRV\" \/>\n<meta property=\"og:description\" content=\"Retrouvez dans cette page les nouvelles de la FFR.\" \/>\n<meta property=\"og:url\" content=\"https:\/\/www.ffr-frv.ch\/de\/aktivitaeten\/engagements\/\" \/>\n<meta property=\"og:site_name\" content=\"Bienvenue sur le site de la FFR-FRV\" \/>\n<meta property=\"article:modified_time\" content=\"2021-12-14T15:41:48+00:00\" \/>\n<meta name=\"twitter:card\" content=\"summary_large_image\" \/>\n<meta name=\"twitter:label1\" content=\"Gesch\u00e4tzte Lesezeit\" \/>\n\t<meta name=\"twitter:data1\" content=\"10\u00a0Minuten\" \/>\n<script type=\"application\/ld+json\" class=\"yoast-schema-graph\">{\"@context\":\"https:\/\/schema.org\",\"@graph\":[{\"@type\":\"WebPage\",\"@id\":\"https:\/\/www.ffr-frv.ch\/de\/aktivitaeten\/engagements\/\",\"url\":\"https:\/\/www.ffr-frv.ch\/de\/aktivitaeten\/engagements\/\",\"name\":\"Unsere Aktivit\u00e4ten | Bienvenue sur le site de la FFR-FRV\",\"isPartOf\":{\"@id\":\"https:\/\/www.ffr-frv.ch\/de\/#website\"},\"primaryImageOfPage\":{\"@id\":\"https:\/\/www.ffr-frv.ch\/de\/aktivitaeten\/engagements\/#primaryimage\"},\"image\":{\"@id\":\"https:\/\/www.ffr-frv.ch\/de\/aktivitaeten\/engagements\/#primaryimage\"},\"thumbnailUrl\":\"https:\/\/www.ffr-frv.ch\/wp-content\/uploads\/2021\/11\/FFR-AD2021-morel-300x200.jpg\",\"datePublished\":\"2021-11-22T12:53:51+00:00\",\"dateModified\":\"2021-12-14T15:41:48+00:00\",\"description\":\"Retrouvez dans cette page les nouvelles de la FFR.\",\"breadcrumb\":{\"@id\":\"https:\/\/www.ffr-frv.ch\/de\/aktivitaeten\/engagements\/#breadcrumb\"},\"inLanguage\":\"de\",\"potentialAction\":[{\"@type\":\"ReadAction\",\"target\":[\"https:\/\/www.ffr-frv.ch\/de\/aktivitaeten\/engagements\/\"]}]},{\"@type\":\"ImageObject\",\"inLanguage\":\"de\",\"@id\":\"https:\/\/www.ffr-frv.ch\/de\/aktivitaeten\/engagements\/#primaryimage\",\"url\":\"https:\/\/www.ffr-frv.ch\/wp-content\/uploads\/2021\/11\/FFR-AD2021-morel-300x200.jpg\",\"contentUrl\":\"https:\/\/www.ffr-frv.ch\/wp-content\/uploads\/2021\/11\/FFR-AD2021-morel-300x200.jpg\"},{\"@type\":\"BreadcrumbList\",\"@id\":\"https:\/\/www.ffr-frv.ch\/de\/aktivitaeten\/engagements\/#breadcrumb\",\"itemListElement\":[{\"@type\":\"ListItem\",\"position\":1,\"name\":\"Titelseite\",\"item\":\"https:\/\/www.ffr-frv.ch\/de\/\"},{\"@type\":\"ListItem\",\"position\":2,\"name\":\"Aktivit\u00e4ten\",\"item\":\"https:\/\/www.ffr-frv.ch\/de\/aktivitaeten\/\"},{\"@type\":\"ListItem\",\"position\":3,\"name\":\"Unsere Aktivit\u00e4ten\"}]},{\"@type\":\"WebSite\",\"@id\":\"https:\/\/www.ffr-frv.ch\/de\/#website\",\"url\":\"https:\/\/www.ffr-frv.ch\/de\/\",\"name\":\"Bienvenue sur le site de la FFR-FRV\",\"description\":\"\",\"potentialAction\":[{\"@type\":\"SearchAction\",\"target\":{\"@type\":\"EntryPoint\",\"urlTemplate\":\"https:\/\/www.ffr-frv.ch\/de\/?s={search_term_string}\"},\"query-input\":{\"@type\":\"PropertyValueSpecification\",\"valueRequired\":true,\"valueName\":\"search_term_string\"}}],\"inLanguage\":\"de\"}]}<\/script>\n<!-- \/ Yoast SEO plugin. -->","yoast_head_json":{"title":"Unsere Aktivit\u00e4ten | Bienvenue sur le site de la FFR-FRV","description":"Retrouvez dans cette page les nouvelles de la FFR.","robots":{"index":"index","follow":"follow","max-snippet":"max-snippet:-1","max-image-preview":"max-image-preview:large","max-video-preview":"max-video-preview:-1"},"canonical":"https:\/\/www.ffr-frv.ch\/de\/aktivitaeten\/engagements\/","og_locale":"de_DE","og_type":"article","og_title":"Unsere Aktivit\u00e4ten | Bienvenue sur le site de la FFR-FRV","og_description":"Retrouvez dans cette page les nouvelles de la FFR.","og_url":"https:\/\/www.ffr-frv.ch\/de\/aktivitaeten\/engagements\/","og_site_name":"Bienvenue sur le site de la FFR-FRV","article_modified_time":"2021-12-14T15:41:48+00:00","twitter_card":"summary_large_image","twitter_misc":{"Gesch\u00e4tzte Lesezeit":"10\u00a0Minuten"},"schema":{"@context":"https:\/\/schema.org","@graph":[{"@type":"WebPage","@id":"https:\/\/www.ffr-frv.ch\/de\/aktivitaeten\/engagements\/","url":"https:\/\/www.ffr-frv.ch\/de\/aktivitaeten\/engagements\/","name":"Unsere Aktivit\u00e4ten | Bienvenue sur le site de la FFR-FRV","isPartOf":{"@id":"https:\/\/www.ffr-frv.ch\/de\/#website"},"primaryImageOfPage":{"@id":"https:\/\/www.ffr-frv.ch\/de\/aktivitaeten\/engagements\/#primaryimage"},"image":{"@id":"https:\/\/www.ffr-frv.ch\/de\/aktivitaeten\/engagements\/#primaryimage"},"thumbnailUrl":"https:\/\/www.ffr-frv.ch\/wp-content\/uploads\/2021\/11\/FFR-AD2021-morel-300x200.jpg","datePublished":"2021-11-22T12:53:51+00:00","dateModified":"2021-12-14T15:41:48+00:00","description":"Retrouvez dans cette page les nouvelles de la FFR.","breadcrumb":{"@id":"https:\/\/www.ffr-frv.ch\/de\/aktivitaeten\/engagements\/#breadcrumb"},"inLanguage":"de","potentialAction":[{"@type":"ReadAction","target":["https:\/\/www.ffr-frv.ch\/de\/aktivitaeten\/engagements\/"]}]},{"@type":"ImageObject","inLanguage":"de","@id":"https:\/\/www.ffr-frv.ch\/de\/aktivitaeten\/engagements\/#primaryimage","url":"https:\/\/www.ffr-frv.ch\/wp-content\/uploads\/2021\/11\/FFR-AD2021-morel-300x200.jpg","contentUrl":"https:\/\/www.ffr-frv.ch\/wp-content\/uploads\/2021\/11\/FFR-AD2021-morel-300x200.jpg"},{"@type":"BreadcrumbList","@id":"https:\/\/www.ffr-frv.ch\/de\/aktivitaeten\/engagements\/#breadcrumb","itemListElement":[{"@type":"ListItem","position":1,"name":"Titelseite","item":"https:\/\/www.ffr-frv.ch\/de\/"},{"@type":"ListItem","position":2,"name":"Aktivit\u00e4ten","item":"https:\/\/www.ffr-frv.ch\/de\/aktivitaeten\/"},{"@type":"ListItem","position":3,"name":"Unsere Aktivit\u00e4ten"}]},{"@type":"WebSite","@id":"https:\/\/www.ffr-frv.ch\/de\/#website","url":"https:\/\/www.ffr-frv.ch\/de\/","name":"Bienvenue sur le site de la FFR-FRV","description":"","potentialAction":[{"@type":"SearchAction","target":{"@type":"EntryPoint","urlTemplate":"https:\/\/www.ffr-frv.ch\/de\/?s={search_term_string}"},"query-input":{"@type":"PropertyValueSpecification","valueRequired":true,"valueName":"search_term_string"}}],"inLanguage":"de"}]}},"_links":{"self":[{"href":"https:\/\/www.ffr-frv.ch\/de\/wp-json\/wp\/v2\/pages\/5048","targetHints":{"allow":["GET"]}}],"collection":[{"href":"https:\/\/www.ffr-frv.ch\/de\/wp-json\/wp\/v2\/pages"}],"about":[{"href":"https:\/\/www.ffr-frv.ch\/de\/wp-json\/wp\/v2\/types\/page"}],"author":[{"embeddable":true,"href":"https:\/\/www.ffr-frv.ch\/de\/wp-json\/wp\/v2\/users\/1"}],"replies":[{"embeddable":true,"href":"https:\/\/www.ffr-frv.ch\/de\/wp-json\/wp\/v2\/comments?post=5048"}],"version-history":[{"count":4,"href":"https:\/\/www.ffr-frv.ch\/de\/wp-json\/wp\/v2\/pages\/5048\/revisions"}],"predecessor-version":[{"id":5057,"href":"https:\/\/www.ffr-frv.ch\/de\/wp-json\/wp\/v2\/pages\/5048\/revisions\/5057"}],"up":[{"embeddable":true,"href":"https:\/\/www.ffr-frv.ch\/de\/wp-json\/wp\/v2\/pages\/1122"}],"wp:attachment":[{"href":"https:\/\/www.ffr-frv.ch\/de\/wp-json\/wp\/v2\/media?parent=5048"}],"wp:term":[{"taxonomy":"folder","embeddable":true,"href":"https:\/\/www.ffr-frv.ch\/de\/wp-json\/wp\/v2\/folder?post=5048"}],"curies":[{"name":"wp","href":"https:\/\/api.w.org\/{rel}","templated":true}]}}