{"id":445,"date":"2020-01-31T07:57:08","date_gmt":"2020-01-31T07:57:08","guid":{"rendered":"http:\/\/www.ffr-frv.ch\/liens-utiles\/sante\/"},"modified":"2021-05-06T10:28:40","modified_gmt":"2021-05-06T08:28:40","slug":"gesundheit","status":"publish","type":"page","link":"https:\/\/www.ffr-frv.ch\/de\/kontakt\/nuetzliche-links\/gesundheit\/","title":{"rendered":"Gesundheit"},"content":{"rendered":"<section class=\"wpb-content-wrapper\"><p>[vc_row][vc_column][vc_column_text]<\/p>\n<h2>Gesundheit<\/h2>\n<p><strong>Mit dem Klicken auf den Link der unten aufgef\u00fchrten Institution gelangen Sie direkt auf deren Internetseite:<\/strong><\/p>\n<hr \/>\n<p><a href=\"https:\/\/freiburg.krebsliga.ch\/\" target=\"_blank\" rel=\"noopener noreferrer\">Krebsliga Freiburg<\/a><\/p>\n<p><a href=\"https:\/\/www.lungenliga.ch\/de\/lungenliga-freiburg\/startseite\" target=\"_blank\" rel=\"noopener noreferrer\">Lungenliga Freiburg<\/a><\/p>\n<p><a href=\"https:\/\/www.diabetesfreiburg.ch\/startseite\" target=\"_blank\" rel=\"noopener noreferrer\">Diabetes Freiburg<\/a><\/p>\n<p><a href=\"http:\/\/cipretfribourg.ch\/de\" target=\"_blank\" rel=\"noopener noreferrer\">Fachstelle Tabakpr\u00e4vention<\/a><\/p>\n<p><a href=\"https:\/\/www.alzheimer-schweiz.ch\/de\/fribourg\/home\/\" target=\"_blank\" rel=\"noopener noreferrer\">Alzheimer Freiburg<\/a><\/p>\n<p><a href=\"https:\/\/www.santesuisse.ch\/\" target=\"_blank\" rel=\"noopener noreferrer\">Sant\u00e9suisse<\/a><br \/>\n<em>Online-Informationsplattform f\u00fcr Versicherte.<\/em><\/p>\n<p>[\/vc_column_text][\/vc_column][\/vc_row]<\/p>\n<\/section>","protected":false},"excerpt":{"rendered":"<p>[vc_row][vc_column][vc_column_text] Gesundheit Mit dem Klicken auf den Link der unten aufgef\u00fchrten Institution gelangen Sie direkt auf deren Internetseite: Krebsliga Freiburg Lungenliga Freiburg Diabetes Freiburg Fachstelle Tabakpr\u00e4vention Alzheimer Freiburg Sant\u00e9suisse Online-Informationsplattform f\u00fcr Versicherte. [\/vc_column_text][\/vc_column][\/vc_row]<\/p>\n","protected":false},"author":1,"featured_media":0,"parent":437,"menu_order":0,"comment_status":"closed","ping_status":"closed","template":"template-with-menu.php","meta":{"_acf_changed":false,"footnotes":""},"folder":[34],"class_list":["post-445","page","type-page","status-publish","hentry"],"acf":[],"yoast_head":"<!-- This site is optimized with the Yoast SEO plugin v27.1.1 - https:\/\/yoast.com\/product\/yoast-seo-wordpress\/ -->\n<title>Gesundheit | Bienvenue sur le site de la FFR-FRV<\/title>\n<meta name=\"robots\" content=\"index, follow, max-snippet:-1, max-image-preview:large, max-video-preview:-1\" \/>\n<link rel=\"canonical\" href=\"https:\/\/www.ffr-frv.ch\/de\/kontakt\/nuetzliche-links\/gesundheit\/\" \/>\n<meta property=\"og:locale\" content=\"de_DE\" \/>\n<meta property=\"og:type\" content=\"article\" \/>\n<meta property=\"og:title\" content=\"Gesundheit | Bienvenue sur le site de la FFR-FRV\" \/>\n<meta property=\"og:description\" content=\"[vc_row][vc_column][vc_column_text] Gesundheit Mit dem Klicken auf den Link der unten aufgef\u00fchrten Institution gelangen Sie direkt auf deren Internetseite: Krebsliga Freiburg Lungenliga Freiburg Diabetes Freiburg Fachstelle Tabakpr\u00e4vention Alzheimer Freiburg Sant\u00e9suisse Online-Informationsplattform f\u00fcr Versicherte. [\/vc_column_text][\/vc_column][\/vc_row]\" \/>\n<meta property=\"og:url\" content=\"https:\/\/www.ffr-frv.ch\/de\/kontakt\/nuetzliche-links\/gesundheit\/\" \/>\n<meta property=\"og:site_name\" content=\"Bienvenue sur le site de la FFR-FRV\" \/>\n<meta property=\"article:modified_time\" content=\"2021-05-06T08:28:40+00:00\" \/>\n<meta name=\"twitter:card\" content=\"summary_large_image\" \/>\n<script type=\"application\/ld+json\" class=\"yoast-schema-graph\">{\"@context\":\"https:\/\/schema.org\",\"@graph\":[{\"@type\":\"WebPage\",\"@id\":\"https:\/\/www.ffr-frv.ch\/de\/kontakt\/nuetzliche-links\/gesundheit\/\",\"url\":\"https:\/\/www.ffr-frv.ch\/de\/kontakt\/nuetzliche-links\/gesundheit\/\",\"name\":\"Gesundheit | Bienvenue sur le site de la FFR-FRV\",\"isPartOf\":{\"@id\":\"https:\/\/www.ffr-frv.ch\/de\/#website\"},\"datePublished\":\"2020-01-31T07:57:08+00:00\",\"dateModified\":\"2021-05-06T08:28:40+00:00\",\"breadcrumb\":{\"@id\":\"https:\/\/www.ffr-frv.ch\/de\/kontakt\/nuetzliche-links\/gesundheit\/#breadcrumb\"},\"inLanguage\":\"de\",\"potentialAction\":[{\"@type\":\"ReadAction\",\"target\":[\"https:\/\/www.ffr-frv.ch\/de\/kontakt\/nuetzliche-links\/gesundheit\/\"]}]},{\"@type\":\"BreadcrumbList\",\"@id\":\"https:\/\/www.ffr-frv.ch\/de\/kontakt\/nuetzliche-links\/gesundheit\/#breadcrumb\",\"itemListElement\":[{\"@type\":\"ListItem\",\"position\":1,\"name\":\"Titelseite\",\"item\":\"https:\/\/www.ffr-frv.ch\/de\/\"},{\"@type\":\"ListItem\",\"position\":2,\"name\":\"Kontakt\",\"item\":\"https:\/\/www.ffr-frv.ch\/de\/kontakt\/\"},{\"@type\":\"ListItem\",\"position\":3,\"name\":\"N\u00fctzliche Links\",\"item\":\"https:\/\/www.ffr-frv.ch\/de\/kontakt\/nuetzliche-links\/\"},{\"@type\":\"ListItem\",\"position\":4,\"name\":\"Gesundheit\"}]},{\"@type\":\"WebSite\",\"@id\":\"https:\/\/www.ffr-frv.ch\/de\/#website\",\"url\":\"https:\/\/www.ffr-frv.ch\/de\/\",\"name\":\"Bienvenue sur le site de la FFR-FRV\",\"description\":\"\",\"potentialAction\":[{\"@type\":\"SearchAction\",\"target\":{\"@type\":\"EntryPoint\",\"urlTemplate\":\"https:\/\/www.ffr-frv.ch\/de\/?s={search_term_string}\"},\"query-input\":{\"@type\":\"PropertyValueSpecification\",\"valueRequired\":true,\"valueName\":\"search_term_string\"}}],\"inLanguage\":\"de\"}]}<\/script>\n<!-- \/ Yoast SEO plugin. -->","yoast_head_json":{"title":"Gesundheit | Bienvenue sur le site de la FFR-FRV","robots":{"index":"index","follow":"follow","max-snippet":"max-snippet:-1","max-image-preview":"max-image-preview:large","max-video-preview":"max-video-preview:-1"},"canonical":"https:\/\/www.ffr-frv.ch\/de\/kontakt\/nuetzliche-links\/gesundheit\/","og_locale":"de_DE","og_type":"article","og_title":"Gesundheit | Bienvenue sur le site de la FFR-FRV","og_description":"[vc_row][vc_column][vc_column_text] Gesundheit Mit dem Klicken auf den Link der unten aufgef\u00fchrten Institution gelangen Sie direkt auf deren Internetseite: Krebsliga Freiburg Lungenliga Freiburg Diabetes Freiburg Fachstelle Tabakpr\u00e4vention Alzheimer Freiburg Sant\u00e9suisse Online-Informationsplattform f\u00fcr Versicherte. [\/vc_column_text][\/vc_column][\/vc_row]","og_url":"https:\/\/www.ffr-frv.ch\/de\/kontakt\/nuetzliche-links\/gesundheit\/","og_site_name":"Bienvenue sur le site de la FFR-FRV","article_modified_time":"2021-05-06T08:28:40+00:00","twitter_card":"summary_large_image","schema":{"@context":"https:\/\/schema.org","@graph":[{"@type":"WebPage","@id":"https:\/\/www.ffr-frv.ch\/de\/kontakt\/nuetzliche-links\/gesundheit\/","url":"https:\/\/www.ffr-frv.ch\/de\/kontakt\/nuetzliche-links\/gesundheit\/","name":"Gesundheit | Bienvenue sur le site de la FFR-FRV","isPartOf":{"@id":"https:\/\/www.ffr-frv.ch\/de\/#website"},"datePublished":"2020-01-31T07:57:08+00:00","dateModified":"2021-05-06T08:28:40+00:00","breadcrumb":{"@id":"https:\/\/www.ffr-frv.ch\/de\/kontakt\/nuetzliche-links\/gesundheit\/#breadcrumb"},"inLanguage":"de","potentialAction":[{"@type":"ReadAction","target":["https:\/\/www.ffr-frv.ch\/de\/kontakt\/nuetzliche-links\/gesundheit\/"]}]},{"@type":"BreadcrumbList","@id":"https:\/\/www.ffr-frv.ch\/de\/kontakt\/nuetzliche-links\/gesundheit\/#breadcrumb","itemListElement":[{"@type":"ListItem","position":1,"name":"Titelseite","item":"https:\/\/www.ffr-frv.ch\/de\/"},{"@type":"ListItem","position":2,"name":"Kontakt","item":"https:\/\/www.ffr-frv.ch\/de\/kontakt\/"},{"@type":"ListItem","position":3,"name":"N\u00fctzliche Links","item":"https:\/\/www.ffr-frv.ch\/de\/kontakt\/nuetzliche-links\/"},{"@type":"ListItem","position":4,"name":"Gesundheit"}]},{"@type":"WebSite","@id":"https:\/\/www.ffr-frv.ch\/de\/#website","url":"https:\/\/www.ffr-frv.ch\/de\/","name":"Bienvenue sur le site de la FFR-FRV","description":"","potentialAction":[{"@type":"SearchAction","target":{"@type":"EntryPoint","urlTemplate":"https:\/\/www.ffr-frv.ch\/de\/?s={search_term_string}"},"query-input":{"@type":"PropertyValueSpecification","valueRequired":true,"valueName":"search_term_string"}}],"inLanguage":"de"}]}},"_links":{"self":[{"href":"https:\/\/www.ffr-frv.ch\/de\/wp-json\/wp\/v2\/pages\/445","targetHints":{"allow":["GET"]}}],"collection":[{"href":"https:\/\/www.ffr-frv.ch\/de\/wp-json\/wp\/v2\/pages"}],"about":[{"href":"https:\/\/www.ffr-frv.ch\/de\/wp-json\/wp\/v2\/types\/page"}],"author":[{"embeddable":true,"href":"https:\/\/www.ffr-frv.ch\/de\/wp-json\/wp\/v2\/users\/1"}],"replies":[{"embeddable":true,"href":"https:\/\/www.ffr-frv.ch\/de\/wp-json\/wp\/v2\/comments?post=445"}],"version-history":[{"count":4,"href":"https:\/\/www.ffr-frv.ch\/de\/wp-json\/wp\/v2\/pages\/445\/revisions"}],"predecessor-version":[{"id":1916,"href":"https:\/\/www.ffr-frv.ch\/de\/wp-json\/wp\/v2\/pages\/445\/revisions\/1916"}],"up":[{"embeddable":true,"href":"https:\/\/www.ffr-frv.ch\/de\/wp-json\/wp\/v2\/pages\/437"}],"wp:attachment":[{"href":"https:\/\/www.ffr-frv.ch\/de\/wp-json\/wp\/v2\/media?parent=445"}],"wp:term":[{"taxonomy":"folder","embeddable":true,"href":"https:\/\/www.ffr-frv.ch\/de\/wp-json\/wp\/v2\/folder?post=445"}],"curies":[{"name":"wp","href":"https:\/\/api.w.org\/{rel}","templated":true}]}}