{"id":2042,"date":"2020-04-15T06:43:54","date_gmt":"2020-04-15T06:43:54","guid":{"rendered":"https:\/\/www.ffr-frv.ch\/coronavirus\/bon-a-savoir\/"},"modified":"2022-10-11T17:05:28","modified_gmt":"2022-10-11T15:05:28","slug":"gut-zu-wissen","status":"publish","type":"page","link":"https:\/\/www.ffr-frv.ch\/de\/coronavirus\/gut-zu-wissen\/","title":{"rendered":"Gut zu wissen"},"content":{"rendered":"<h2>Gut zu wissen<\/h2>\n<p><strong>Einen der untenstehenden Links anklicken, um das PDF zu \u00f6ffnen:<\/strong><\/p>\n<hr \/>\n<p><a href=\"https:\/\/www.ffr-frv.ch\/wp-content\/uploads\/2022\/10\/covid19-impfempfehlungen-herbst-2022-stand-10-oktober-2022_1.pdf\">COVID-19-Impfung: Zwischenstand am 11. Oktober 2022<\/a><\/p>\n<p><a href=\"https:\/\/www.ffr-frv.ch\/wp-content\/uploads\/2021\/01\/Covid19_P_DSAS_Impfung_comm210111_D.pdf\" target=\"_blank\" rel=\"noopener noreferrer\">COVID-19-Impfung: Zwischenstand am 11. Januar 2021<\/a><\/p>\n<p><a href=\"https:\/\/www.ffr-frv.ch\/wp-content\/uploads\/2021\/01\/Covid19_P_DSAS_vaccination_comm210111_F.pdf\" target=\"_blank\" rel=\"noopener noreferrer\">Vaccin anti-Covid: le point de la situation le 11 janvier 2021<\/a><\/p>\n<p><a href=\"https:\/\/www.ffr-frv.ch\/wp-content\/uploads\/2020\/12\/Covid_Impfung_MM201229.pdf\" target=\"_blank\" rel=\"noopener noreferrer\">COVID-19-Impfung: Priorit\u00e4t f\u00fcr Senioren<\/a><\/p>\n<p><a href=\"https:\/\/www.ffr-frv.ch\/wp-content\/uploads\/2020\/12\/Covid_vaccination_comm201229.pdf\" target=\"_blank\" rel=\"noopener noreferrer\">Vaccin anti-Covid: priorit\u00e9 aux a\u00een\u00e9s<\/a><\/p>\n<p><a href=\"https:\/\/www.ffr-frv.ch\/wp-content\/uploads\/2020\/05\/Covid19_P_DAEC_Appel-dessins-enfants_F.pdf\" target=\"_blank\" rel=\"noopener noreferrer\">Soutien aux EMS: enfants invit\u00e9s \u00e0 la cr\u00e9ativit\u00e9<\/a><\/p>\n<p><a href=\"https:\/\/www.ffr-frv.ch\/wp-content\/uploads\/2020\/05\/Covid19_P_DAEC_Appell-Kreativitaet-Kinder_D.pdf\" target=\"_blank\" rel=\"noopener noreferrer\">Unterst\u00fctzung f\u00fcr die Pflegeheimen: Appell an die Kreativit\u00e4t der Kinder<\/a><\/p>\n<p><a href=\"https:\/\/www.ffr-frv.ch\/wp-content\/uploads\/2020\/05\/Covid19_P_OCC_visitesEMS_F.pdf\" target=\"_blank\" rel=\"noopener noreferrer\">Visites autoris\u00e9es en EMS d\u00e8s le 9 mai<\/a><\/p>\n<p><a href=\"https:\/\/www.ffr-frv.ch\/wp-content\/uploads\/2020\/05\/Covid19_P_OCC_visitesEMS_D.pdf\" target=\"_blank\" rel=\"noopener noreferrer\">Besuche in der Pflegeheimen ab dem 9. Mai<\/a><\/p>\n<p><a href=\"https:\/\/www.ffr-frv.ch\/wp-content\/uploads\/2020\/04\/Covid19_P_exercices_pour_garder_la_forme_F.pdf\" target=\"_blank\" rel=\"noopener noreferrer\">Des exercices pour garder la forme<\/a><\/p>\n<p><a href=\"https:\/\/www.ffr-frv.ch\/wp-content\/uploads\/2020\/04\/Covid19_P_OCC_Quarantaine_conseils_F.pdf\" target=\"_blank\" rel=\"noopener noreferrer\">Quarantaine: les conseils de l&#8217;Organe cantonal de conduite<\/a><\/p>\n<p><a href=\"https:\/\/www.ffr-frv.ch\/wp-content\/uploads\/2020\/04\/Covid19_P_KFO_Quarantaene_Ratschlaege_D.pdf\" target=\"_blank\" rel=\"noopener noreferrer\">Quarant\u00e4ne: die Ratschl\u00e4ge des Kantonales F\u00fchrungsorgans<\/a><\/p>\n<p><a href=\"https:\/\/www.ffr-frv.ch\/wp-content\/uploads\/2020\/04\/Covid19_P_RSS_benevoles_bonnespratiques_F.pdf\" target=\"_blank\" rel=\"noopener noreferrer\">B\u00e9n\u00e9voles: les bonnes pratiques dispens\u00e9es par le R\u00e9seau Sant\u00e9 Sarine<\/a><\/p>\n<p><a href=\"https:\/\/www.ffr-frv.ch\/wp-content\/uploads\/2020\/04\/Covid19_P_RSS_proches_bonnespratiques_F.pdf\" target=\"_blank\" rel=\"noopener noreferrer\">Proches aidants: les bonnes pratiques dispens\u00e9es par le R\u00e9seau Sant\u00e9 Sarine<\/a><\/p>\n<p><a href=\"https:\/\/www.ffr-frv.ch\/wp-content\/uploads\/2020\/04\/Covid19_P_OCC_65ans_comm200414_F.pdf\" target=\"_blank\" rel=\"noopener noreferrer\">Services d&#8217;aides et de soins \u00e0 domicile: communiqu\u00e9 de presse du 14 avril 2020<\/a><\/p>\n<p><a href=\"https:\/\/www.ffr-frv.ch\/wp-content\/uploads\/2020\/04\/Covid19_P_KFO_65Jahre_comm200414_D.pdf\" target=\"_blank\" rel=\"noopener noreferrer\">Dienste f\u00fcr Spitex und Freiwillige: Medienmitteilung des KFO (14\/04\/2020)<\/a><\/p>\n<p><a href=\"https:\/\/www.ffr-frv.ch\/wp-content\/uploads\/2020\/04\/Covid19_P_OCC_benevoles_consignes_F.pdf\" target=\"_blank\" rel=\"noopener noreferrer\">Consignes pour le b\u00e9n\u00e9volat \u00e0 distance (OCC)<\/a><\/p>\n<p><a href=\"https:\/\/www.ffr-frv.ch\/wp-content\/uploads\/2020\/04\/Covid19_P_KFO_Freiwillige_Ratschlaege_D.pdf\" target=\"_blank\" rel=\"noopener noreferrer\">Ratschl\u00e4ge f\u00fcr Freiwilligenarbeit auf Distanz (KFO)<\/a><\/p>\n<p><a href=\"https:\/\/www.ffr-frv.ch\/wp-content\/uploads\/2020\/04\/Covid19_P_OCC_adressesutiles_F.pdf\" target=\"_blank\" rel=\"noopener noreferrer\">Adresses utiles<\/a><\/p>\n<p><a href=\"https:\/\/www.ffr-frv.ch\/wp-content\/uploads\/2020\/04\/Covid19_P_KFO_nuetzlicheAdresse_D.pdf\" target=\"_blank\" rel=\"noopener noreferrer\">N\u00fctzliche Adesse<\/a><\/p>\n<p><a href=\"https:\/\/www.ffr-frv.ch\/wp-content\/uploads\/2020\/04\/Covid19_P_HETS-FR_enquete65_comm200417.pdf\" target=\"_blank\" rel=\"noopener noreferrer\">La HETS-FR m\u00e8ne l&#8217;enqu\u00eate<\/a><\/p>\n<p>&nbsp;<\/p>\n<p><strong>Andere n\u00fctzliche Informationen<\/strong><\/p>\n<p><a href=\"https:\/\/www.bag.admin.ch\/bag\/de\/home\/krankheiten\/ausbrueche-epidemien-pandemien\/aktuelle-ausbrueche-epidemien\/novel-cov.html\" target=\"_blank\" rel=\"noopener noreferrer\">Seite des Bundesamts f\u00fcr Gesundheit BAG<\/a><\/p>\n<p><a href=\"https:\/\/www.fr.ch\/de\/covid19\" target=\"_blank\" rel=\"noopener noreferrer\">Seite des Staats Freiburg<\/a><\/p>\n","protected":false},"excerpt":{"rendered":"<p>Gut zu wissen Einen der untenstehenden Links anklicken, um das PDF zu \u00f6ffnen: COVID-19-Impfung: Zwischenstand am 11. Oktober 2022 COVID-19-Impfung: Zwischenstand am 11. Januar 2021 Vaccin anti-Covid: le point de la situation le 11 janvier 2021 COVID-19-Impfung: Priorit\u00e4t f\u00fcr Senioren Vaccin anti-Covid: priorit\u00e9 aux a\u00een\u00e9s Soutien aux EMS: enfants invit\u00e9s \u00e0 la cr\u00e9ativit\u00e9 Unterst\u00fctzung f\u00fcr [&hellip;]<\/p>\n","protected":false},"author":1,"featured_media":0,"parent":2039,"menu_order":0,"comment_status":"closed","ping_status":"closed","template":"template-with-menu.php","meta":{"_acf_changed":false,"footnotes":""},"folder":[34],"class_list":["post-2042","page","type-page","status-publish","hentry"],"acf":[],"yoast_head":"<!-- This site is optimized with the Yoast SEO plugin v27.1.1 - https:\/\/yoast.com\/product\/yoast-seo-wordpress\/ -->\n<title>Gut zu wissen | Bienvenue sur le site de la FFR-FRV<\/title>\n<meta name=\"robots\" content=\"index, follow, max-snippet:-1, max-image-preview:large, max-video-preview:-1\" \/>\n<link rel=\"canonical\" href=\"https:\/\/www.ffr-frv.ch\/de\/coronavirus\/gut-zu-wissen\/\" \/>\n<meta property=\"og:locale\" content=\"de_DE\" \/>\n<meta property=\"og:type\" content=\"article\" \/>\n<meta property=\"og:title\" content=\"Gut zu wissen | Bienvenue sur le site de la FFR-FRV\" \/>\n<meta property=\"og:description\" content=\"Gut zu wissen Einen der untenstehenden Links anklicken, um das PDF zu \u00f6ffnen: COVID-19-Impfung: Zwischenstand am 11. Oktober 2022 COVID-19-Impfung: Zwischenstand am 11. Januar 2021 Vaccin anti-Covid: le point de la situation le 11 janvier 2021 COVID-19-Impfung: Priorit\u00e4t f\u00fcr Senioren Vaccin anti-Covid: priorit\u00e9 aux a\u00een\u00e9s Soutien aux EMS: enfants invit\u00e9s \u00e0 la cr\u00e9ativit\u00e9 Unterst\u00fctzung f\u00fcr [&hellip;]\" \/>\n<meta property=\"og:url\" content=\"https:\/\/www.ffr-frv.ch\/de\/coronavirus\/gut-zu-wissen\/\" \/>\n<meta property=\"og:site_name\" content=\"Bienvenue sur le site de la FFR-FRV\" \/>\n<meta property=\"article:modified_time\" content=\"2022-10-11T15:05:28+00:00\" \/>\n<meta name=\"twitter:card\" content=\"summary_large_image\" \/>\n<meta name=\"twitter:label1\" content=\"Gesch\u00e4tzte Lesezeit\" \/>\n\t<meta name=\"twitter:data1\" content=\"1\u00a0Minute\" \/>\n<script type=\"application\/ld+json\" class=\"yoast-schema-graph\">{\"@context\":\"https:\/\/schema.org\",\"@graph\":[{\"@type\":\"WebPage\",\"@id\":\"https:\/\/www.ffr-frv.ch\/de\/coronavirus\/gut-zu-wissen\/\",\"url\":\"https:\/\/www.ffr-frv.ch\/de\/coronavirus\/gut-zu-wissen\/\",\"name\":\"Gut zu wissen | Bienvenue sur le site de la FFR-FRV\",\"isPartOf\":{\"@id\":\"https:\/\/www.ffr-frv.ch\/de\/#website\"},\"datePublished\":\"2020-04-15T06:43:54+00:00\",\"dateModified\":\"2022-10-11T15:05:28+00:00\",\"breadcrumb\":{\"@id\":\"https:\/\/www.ffr-frv.ch\/de\/coronavirus\/gut-zu-wissen\/#breadcrumb\"},\"inLanguage\":\"de\",\"potentialAction\":[{\"@type\":\"ReadAction\",\"target\":[\"https:\/\/www.ffr-frv.ch\/de\/coronavirus\/gut-zu-wissen\/\"]}]},{\"@type\":\"BreadcrumbList\",\"@id\":\"https:\/\/www.ffr-frv.ch\/de\/coronavirus\/gut-zu-wissen\/#breadcrumb\",\"itemListElement\":[{\"@type\":\"ListItem\",\"position\":1,\"name\":\"Titelseite\",\"item\":\"https:\/\/www.ffr-frv.ch\/de\/\"},{\"@type\":\"ListItem\",\"position\":2,\"name\":\"Coronavirus\",\"item\":\"https:\/\/www.ffr-frv.ch\/de\/coronavirus\/\"},{\"@type\":\"ListItem\",\"position\":3,\"name\":\"Gut zu wissen\"}]},{\"@type\":\"WebSite\",\"@id\":\"https:\/\/www.ffr-frv.ch\/de\/#website\",\"url\":\"https:\/\/www.ffr-frv.ch\/de\/\",\"name\":\"Bienvenue sur le site de la FFR-FRV\",\"description\":\"\",\"potentialAction\":[{\"@type\":\"SearchAction\",\"target\":{\"@type\":\"EntryPoint\",\"urlTemplate\":\"https:\/\/www.ffr-frv.ch\/de\/?s={search_term_string}\"},\"query-input\":{\"@type\":\"PropertyValueSpecification\",\"valueRequired\":true,\"valueName\":\"search_term_string\"}}],\"inLanguage\":\"de\"}]}<\/script>\n<!-- \/ Yoast SEO plugin. -->","yoast_head_json":{"title":"Gut zu wissen | Bienvenue sur le site de la FFR-FRV","robots":{"index":"index","follow":"follow","max-snippet":"max-snippet:-1","max-image-preview":"max-image-preview:large","max-video-preview":"max-video-preview:-1"},"canonical":"https:\/\/www.ffr-frv.ch\/de\/coronavirus\/gut-zu-wissen\/","og_locale":"de_DE","og_type":"article","og_title":"Gut zu wissen | Bienvenue sur le site de la FFR-FRV","og_description":"Gut zu wissen Einen der untenstehenden Links anklicken, um das PDF zu \u00f6ffnen: COVID-19-Impfung: Zwischenstand am 11. Oktober 2022 COVID-19-Impfung: Zwischenstand am 11. Januar 2021 Vaccin anti-Covid: le point de la situation le 11 janvier 2021 COVID-19-Impfung: Priorit\u00e4t f\u00fcr Senioren Vaccin anti-Covid: priorit\u00e9 aux a\u00een\u00e9s Soutien aux EMS: enfants invit\u00e9s \u00e0 la cr\u00e9ativit\u00e9 Unterst\u00fctzung f\u00fcr [&hellip;]","og_url":"https:\/\/www.ffr-frv.ch\/de\/coronavirus\/gut-zu-wissen\/","og_site_name":"Bienvenue sur le site de la FFR-FRV","article_modified_time":"2022-10-11T15:05:28+00:00","twitter_card":"summary_large_image","twitter_misc":{"Gesch\u00e4tzte Lesezeit":"1\u00a0Minute"},"schema":{"@context":"https:\/\/schema.org","@graph":[{"@type":"WebPage","@id":"https:\/\/www.ffr-frv.ch\/de\/coronavirus\/gut-zu-wissen\/","url":"https:\/\/www.ffr-frv.ch\/de\/coronavirus\/gut-zu-wissen\/","name":"Gut zu wissen | Bienvenue sur le site de la FFR-FRV","isPartOf":{"@id":"https:\/\/www.ffr-frv.ch\/de\/#website"},"datePublished":"2020-04-15T06:43:54+00:00","dateModified":"2022-10-11T15:05:28+00:00","breadcrumb":{"@id":"https:\/\/www.ffr-frv.ch\/de\/coronavirus\/gut-zu-wissen\/#breadcrumb"},"inLanguage":"de","potentialAction":[{"@type":"ReadAction","target":["https:\/\/www.ffr-frv.ch\/de\/coronavirus\/gut-zu-wissen\/"]}]},{"@type":"BreadcrumbList","@id":"https:\/\/www.ffr-frv.ch\/de\/coronavirus\/gut-zu-wissen\/#breadcrumb","itemListElement":[{"@type":"ListItem","position":1,"name":"Titelseite","item":"https:\/\/www.ffr-frv.ch\/de\/"},{"@type":"ListItem","position":2,"name":"Coronavirus","item":"https:\/\/www.ffr-frv.ch\/de\/coronavirus\/"},{"@type":"ListItem","position":3,"name":"Gut zu wissen"}]},{"@type":"WebSite","@id":"https:\/\/www.ffr-frv.ch\/de\/#website","url":"https:\/\/www.ffr-frv.ch\/de\/","name":"Bienvenue sur le site de la FFR-FRV","description":"","potentialAction":[{"@type":"SearchAction","target":{"@type":"EntryPoint","urlTemplate":"https:\/\/www.ffr-frv.ch\/de\/?s={search_term_string}"},"query-input":{"@type":"PropertyValueSpecification","valueRequired":true,"valueName":"search_term_string"}}],"inLanguage":"de"}]}},"_links":{"self":[{"href":"https:\/\/www.ffr-frv.ch\/de\/wp-json\/wp\/v2\/pages\/2042","targetHints":{"allow":["GET"]}}],"collection":[{"href":"https:\/\/www.ffr-frv.ch\/de\/wp-json\/wp\/v2\/pages"}],"about":[{"href":"https:\/\/www.ffr-frv.ch\/de\/wp-json\/wp\/v2\/types\/page"}],"author":[{"embeddable":true,"href":"https:\/\/www.ffr-frv.ch\/de\/wp-json\/wp\/v2\/users\/1"}],"replies":[{"embeddable":true,"href":"https:\/\/www.ffr-frv.ch\/de\/wp-json\/wp\/v2\/comments?post=2042"}],"version-history":[{"count":10,"href":"https:\/\/www.ffr-frv.ch\/de\/wp-json\/wp\/v2\/pages\/2042\/revisions"}],"predecessor-version":[{"id":8034,"href":"https:\/\/www.ffr-frv.ch\/de\/wp-json\/wp\/v2\/pages\/2042\/revisions\/8034"}],"up":[{"embeddable":true,"href":"https:\/\/www.ffr-frv.ch\/de\/wp-json\/wp\/v2\/pages\/2039"}],"wp:attachment":[{"href":"https:\/\/www.ffr-frv.ch\/de\/wp-json\/wp\/v2\/media?parent=2042"}],"wp:term":[{"taxonomy":"folder","embeddable":true,"href":"https:\/\/www.ffr-frv.ch\/de\/wp-json\/wp\/v2\/folder?post=2042"}],"curies":[{"name":"wp","href":"https:\/\/api.w.org\/{rel}","templated":true}]}}