{"id":2035,"date":"2020-04-15T06:44:11","date_gmt":"2020-04-15T06:44:11","guid":{"rendered":"https:\/\/www.ffr-frv.ch\/etats-dame\/"},"modified":"2020-05-11T10:00:22","modified_gmt":"2020-05-11T10:00:22","slug":"stimmung","status":"publish","type":"page","link":"https:\/\/www.ffr-frv.ch\/de\/coronavirus\/stimmung\/","title":{"rendered":"Stimmung"},"content":{"rendered":"<section class=\"wpb-content-wrapper\"><p>[vc_row][vc_column][vc_column_text]<\/p>\n<h2>Stimmung<\/h2>\n<p><strong>Einen der untenstehenden Links anklicken, um das PDF zu \u00f6ffnen:<\/strong><\/p>\n<hr \/>\n<p><a href=\"https:\/\/www.ffr-frv.ch\/wp-content\/uploads\/2020\/05\/Covid19_T_FSR-SRV_coupdegueule_F.pdf\" target=\"_blank\" rel=\"noopener noreferrer\">Covid-19: le coup de gueule de la FSR<\/a><br \/>\n<a href=\"https:\/\/www.ffr-frv.ch\/wp-content\/uploads\/2020\/05\/Covid19_T_FSR-SRV_coupdegueule_D.pdf\" target=\"_blank\" rel=\"noopener noreferrer\">Covit-19: der Aufschrei des SRV<\/a><\/p>\n<p><a href=\"https:\/\/www.ffr-frv.ch\/wp-content\/uploads\/2020\/05\/Covid19_T_Celestino_F.pdf\" target=\"_blank\" rel=\"noopener noreferrer\">Le banc de C\u00e9lestino<\/a><\/p>\n<p><a href=\"https:\/\/www.ffr-frv.ch\/wp-content\/uploads\/2020\/04\/Covid19_T_billet_PierreEsta_F.pdf\" target=\"_blank\" rel=\"noopener noreferrer\">Les espoirs de Pierre, retrait\u00e9 broyard<\/a><\/p>\n<p><a href=\"https:\/\/www.ffr-frv.ch\/wp-content\/uploads\/2020\/04\/Covid19_T_conseils_JacquesMorel_F.pdf\" target=\"_blank\" rel=\"noopener noreferrer\">Une proposition de Jacques Morel, le pr\u00e9sident de la FFR<\/a><\/p>\n<p><a href=\"https:\/\/www.ffr-frv.ch\/wp-content\/uploads\/2020\/04\/Covid19_T_conseils_JacquesMorel_D.pdf\" target=\"_blank\" rel=\"noopener noreferrer\">Ein Vorschlag von Jacques Morel, Pr\u00e4sident des FRV<\/a><\/p>\n<p><a href=\"https:\/\/www.ffr-frv.ch\/wp-content\/uploads\/2020\/04\/Covid19_T_Notiz_EmilSchneuwly_D.pdf\" target=\"_blank\" rel=\"noopener noreferrer\">Die Notiz von Emil Schneuwly, Rentner<\/a>[\/vc_column_text][\/vc_column][\/vc_row]<\/p>\n<\/section>","protected":false},"excerpt":{"rendered":"<p>[vc_row][vc_column][vc_column_text] Stimmung Einen der untenstehenden Links anklicken, um das PDF zu \u00f6ffnen: Covid-19: le coup de gueule de la FSR Covit-19: der Aufschrei des SRV Le banc de C\u00e9lestino Les espoirs de Pierre, retrait\u00e9 broyard Une proposition de Jacques Morel, le pr\u00e9sident de la FFR Ein Vorschlag von Jacques Morel, Pr\u00e4sident des FRV Die Notiz [&hellip;]<\/p>\n","protected":false},"author":1,"featured_media":0,"parent":2039,"menu_order":0,"comment_status":"closed","ping_status":"closed","template":"template-with-menu.php","meta":{"_acf_changed":false,"footnotes":""},"folder":[34],"class_list":["post-2035","page","type-page","status-publish","hentry"],"acf":[],"yoast_head":"<!-- This site is optimized with the Yoast SEO plugin v27.1.1 - https:\/\/yoast.com\/product\/yoast-seo-wordpress\/ -->\n<title>Stimmung | Bienvenue sur le site de la FFR-FRV<\/title>\n<meta name=\"robots\" content=\"index, follow, max-snippet:-1, max-image-preview:large, max-video-preview:-1\" \/>\n<link rel=\"canonical\" href=\"https:\/\/www.ffr-frv.ch\/de\/coronavirus\/stimmung\/\" \/>\n<meta property=\"og:locale\" content=\"de_DE\" \/>\n<meta property=\"og:type\" content=\"article\" \/>\n<meta property=\"og:title\" content=\"Stimmung | Bienvenue sur le site de la FFR-FRV\" \/>\n<meta property=\"og:description\" content=\"[vc_row][vc_column][vc_column_text] Stimmung Einen der untenstehenden Links anklicken, um das PDF zu \u00f6ffnen: Covid-19: le coup de gueule de la FSR Covit-19: der Aufschrei des SRV Le banc de C\u00e9lestino Les espoirs de Pierre, retrait\u00e9 broyard Une proposition de Jacques Morel, le pr\u00e9sident de la FFR Ein Vorschlag von Jacques Morel, Pr\u00e4sident des FRV Die Notiz [&hellip;]\" \/>\n<meta property=\"og:url\" content=\"https:\/\/www.ffr-frv.ch\/de\/coronavirus\/stimmung\/\" \/>\n<meta property=\"og:site_name\" content=\"Bienvenue sur le site de la FFR-FRV\" \/>\n<meta property=\"article:modified_time\" content=\"2020-05-11T10:00:22+00:00\" \/>\n<meta name=\"twitter:card\" content=\"summary_large_image\" \/>\n<script type=\"application\/ld+json\" class=\"yoast-schema-graph\">{\"@context\":\"https:\/\/schema.org\",\"@graph\":[{\"@type\":\"WebPage\",\"@id\":\"https:\/\/www.ffr-frv.ch\/de\/coronavirus\/stimmung\/\",\"url\":\"https:\/\/www.ffr-frv.ch\/de\/coronavirus\/stimmung\/\",\"name\":\"Stimmung | Bienvenue sur le site de la FFR-FRV\",\"isPartOf\":{\"@id\":\"https:\/\/www.ffr-frv.ch\/de\/#website\"},\"datePublished\":\"2020-04-15T06:44:11+00:00\",\"dateModified\":\"2020-05-11T10:00:22+00:00\",\"breadcrumb\":{\"@id\":\"https:\/\/www.ffr-frv.ch\/de\/coronavirus\/stimmung\/#breadcrumb\"},\"inLanguage\":\"de\",\"potentialAction\":[{\"@type\":\"ReadAction\",\"target\":[\"https:\/\/www.ffr-frv.ch\/de\/coronavirus\/stimmung\/\"]}]},{\"@type\":\"BreadcrumbList\",\"@id\":\"https:\/\/www.ffr-frv.ch\/de\/coronavirus\/stimmung\/#breadcrumb\",\"itemListElement\":[{\"@type\":\"ListItem\",\"position\":1,\"name\":\"Titelseite\",\"item\":\"https:\/\/www.ffr-frv.ch\/de\/\"},{\"@type\":\"ListItem\",\"position\":2,\"name\":\"Coronavirus\",\"item\":\"https:\/\/www.ffr-frv.ch\/de\/coronavirus\/\"},{\"@type\":\"ListItem\",\"position\":3,\"name\":\"Stimmung\"}]},{\"@type\":\"WebSite\",\"@id\":\"https:\/\/www.ffr-frv.ch\/de\/#website\",\"url\":\"https:\/\/www.ffr-frv.ch\/de\/\",\"name\":\"Bienvenue sur le site de la FFR-FRV\",\"description\":\"\",\"potentialAction\":[{\"@type\":\"SearchAction\",\"target\":{\"@type\":\"EntryPoint\",\"urlTemplate\":\"https:\/\/www.ffr-frv.ch\/de\/?s={search_term_string}\"},\"query-input\":{\"@type\":\"PropertyValueSpecification\",\"valueRequired\":true,\"valueName\":\"search_term_string\"}}],\"inLanguage\":\"de\"}]}<\/script>\n<!-- \/ Yoast SEO plugin. -->","yoast_head_json":{"title":"Stimmung | Bienvenue sur le site de la FFR-FRV","robots":{"index":"index","follow":"follow","max-snippet":"max-snippet:-1","max-image-preview":"max-image-preview:large","max-video-preview":"max-video-preview:-1"},"canonical":"https:\/\/www.ffr-frv.ch\/de\/coronavirus\/stimmung\/","og_locale":"de_DE","og_type":"article","og_title":"Stimmung | Bienvenue sur le site de la FFR-FRV","og_description":"[vc_row][vc_column][vc_column_text] Stimmung Einen der untenstehenden Links anklicken, um das PDF zu \u00f6ffnen: Covid-19: le coup de gueule de la FSR Covit-19: der Aufschrei des SRV Le banc de C\u00e9lestino Les espoirs de Pierre, retrait\u00e9 broyard Une proposition de Jacques Morel, le pr\u00e9sident de la FFR Ein Vorschlag von Jacques Morel, Pr\u00e4sident des FRV Die Notiz [&hellip;]","og_url":"https:\/\/www.ffr-frv.ch\/de\/coronavirus\/stimmung\/","og_site_name":"Bienvenue sur le site de la FFR-FRV","article_modified_time":"2020-05-11T10:00:22+00:00","twitter_card":"summary_large_image","schema":{"@context":"https:\/\/schema.org","@graph":[{"@type":"WebPage","@id":"https:\/\/www.ffr-frv.ch\/de\/coronavirus\/stimmung\/","url":"https:\/\/www.ffr-frv.ch\/de\/coronavirus\/stimmung\/","name":"Stimmung | Bienvenue sur le site de la FFR-FRV","isPartOf":{"@id":"https:\/\/www.ffr-frv.ch\/de\/#website"},"datePublished":"2020-04-15T06:44:11+00:00","dateModified":"2020-05-11T10:00:22+00:00","breadcrumb":{"@id":"https:\/\/www.ffr-frv.ch\/de\/coronavirus\/stimmung\/#breadcrumb"},"inLanguage":"de","potentialAction":[{"@type":"ReadAction","target":["https:\/\/www.ffr-frv.ch\/de\/coronavirus\/stimmung\/"]}]},{"@type":"BreadcrumbList","@id":"https:\/\/www.ffr-frv.ch\/de\/coronavirus\/stimmung\/#breadcrumb","itemListElement":[{"@type":"ListItem","position":1,"name":"Titelseite","item":"https:\/\/www.ffr-frv.ch\/de\/"},{"@type":"ListItem","position":2,"name":"Coronavirus","item":"https:\/\/www.ffr-frv.ch\/de\/coronavirus\/"},{"@type":"ListItem","position":3,"name":"Stimmung"}]},{"@type":"WebSite","@id":"https:\/\/www.ffr-frv.ch\/de\/#website","url":"https:\/\/www.ffr-frv.ch\/de\/","name":"Bienvenue sur le site de la FFR-FRV","description":"","potentialAction":[{"@type":"SearchAction","target":{"@type":"EntryPoint","urlTemplate":"https:\/\/www.ffr-frv.ch\/de\/?s={search_term_string}"},"query-input":{"@type":"PropertyValueSpecification","valueRequired":true,"valueName":"search_term_string"}}],"inLanguage":"de"}]}},"_links":{"self":[{"href":"https:\/\/www.ffr-frv.ch\/de\/wp-json\/wp\/v2\/pages\/2035","targetHints":{"allow":["GET"]}}],"collection":[{"href":"https:\/\/www.ffr-frv.ch\/de\/wp-json\/wp\/v2\/pages"}],"about":[{"href":"https:\/\/www.ffr-frv.ch\/de\/wp-json\/wp\/v2\/types\/page"}],"author":[{"embeddable":true,"href":"https:\/\/www.ffr-frv.ch\/de\/wp-json\/wp\/v2\/users\/1"}],"replies":[{"embeddable":true,"href":"https:\/\/www.ffr-frv.ch\/de\/wp-json\/wp\/v2\/comments?post=2035"}],"version-history":[{"count":9,"href":"https:\/\/www.ffr-frv.ch\/de\/wp-json\/wp\/v2\/pages\/2035\/revisions"}],"predecessor-version":[{"id":3336,"href":"https:\/\/www.ffr-frv.ch\/de\/wp-json\/wp\/v2\/pages\/2035\/revisions\/3336"}],"up":[{"embeddable":true,"href":"https:\/\/www.ffr-frv.ch\/de\/wp-json\/wp\/v2\/pages\/2039"}],"wp:attachment":[{"href":"https:\/\/www.ffr-frv.ch\/de\/wp-json\/wp\/v2\/media?parent=2035"}],"wp:term":[{"taxonomy":"folder","embeddable":true,"href":"https:\/\/www.ffr-frv.ch\/de\/wp-json\/wp\/v2\/folder?post=2035"}],"curies":[{"name":"wp","href":"https:\/\/api.w.org\/{rel}","templated":true}]}}