{"id":19376,"date":"2026-04-07T11:48:12","date_gmt":"2026-04-07T09:48:12","guid":{"rendered":"https:\/\/www.ffr-frv.ch\/?page_id=19376"},"modified":"2026-04-07T12:12:45","modified_gmt":"2026-04-07T10:12:45","slug":"geschichte","status":"publish","type":"page","link":"https:\/\/www.ffr-frv.ch\/de\/section-sarine\/la-federation\/geschichte\/","title":{"rendered":"Geschichte"},"content":{"rendered":"<h2>Geschichte<\/h2>\n<p style=\"text-align: center;\"><strong>Freiburgische Rentnervereinigung<br \/>\n<\/strong><strong>Geschichte der kantonalen Organisation und der Sektion Sarine <\/strong><br \/>\n<strong>(Stadt Freiburg und die Gemeinden des Bezirks).<\/strong><\/p>\n<p>Der Freiburgische Rentnervereinigung (FRV) entstand 1983 unter dem Namen \u201eGroupement syndical\u201c (Gewerkschaftsgruppe). Sie wurde von ehemaligen Gewerkschaftern gegr\u00fcndet, die den Kampf f\u00fcr die soziale Sicherheit fortsetzen wollten.<\/p>\n<p>Die FRV wurde am 15. Mai 1984 in Freiburg offiziell gegr\u00fcndet. Zu seinen f\u00fchrenden Pers\u00f6nlichkeiten geh\u00f6rten Joseph Rey und Gilbert D\u00e9vaud.<\/p>\n<p>Dank des unerm\u00fcdlichen Einsatzes dieser Personen, insbesondere von Paul Baumann aus Arconciel, Herrn Paschoud und Fran\u00e7ois Ang\u00e9loz aus Belfaux, konnte die Gr\u00fcndung einer Sektion Sarine, mit oder ohne die Stadt Freiburg, realisiert werden.<\/p>\n<p>Die Sektion Sarine wurde am 8. Juni 1993 offiziell anerkannt.<\/p>\n<p>Zeitweise hatte die Sektion Sarine keinen Vorsitzenden. Die verschiedenen Rentnervereinigungen trafen sich, und ein Dokument vom 8. Juli 1993 erw\u00e4hnt beide Ufer der Sarine sowie die Stadt Freiburg.<\/p>\n<p>Am 25. September 1996 wurden Pierre Berset zum ersten Pr\u00e4sidenten und Fran\u00e7ois Ang\u00e9loz zum Vizepr\u00e4sidenten gew\u00e4hlt.<\/p>\n<p>In den 30 Jahren ihres Bestehens ist die Vereinigung betr\u00e4chtlich gewachsen und z\u00e4hlt heute fast 800 Mitglieder (Stand: 31. Dezember 2024: 759).<\/p>\n<p>Hier die Namen der Pr\u00e4sidenten, die die Sektion Sarine geleitet haben:<\/p>\n<p style=\"text-align: center;\">Pierre Berset 1993\u20132000<br \/>\nGaston Sauterel 2000\u20132001<br \/>\nHubert Chassot 2001\u20132005<br \/>\nS\u00e9bastien Barras 2005\u20132009<br \/>\nJacques Morel 2009\u20132015<br \/>\nJeannette Buchs Rosa 2015\u20132024<br \/>\nDominique Raboud 2024\u20132025<br \/>\nCo-Pr\u00e4sidentinnen Dominique Facciuto und Danielle Chassot 2025-<\/p>\n<p><em>Text von Jeannette Buchs Rosa \u2013 7. Mai 2024 \u2013 Aktualisiert: 7. April 2026<\/em><\/p>\n<p>&nbsp;<\/p>\n","protected":false},"excerpt":{"rendered":"<p>Geschichte Freiburgische Rentnervereinigung Geschichte der kantonalen Organisation und der Sektion Sarine (Stadt Freiburg und die Gemeinden des Bezirks). Der Freiburgische Rentnervereinigung (FRV) entstand 1983 unter dem Namen \u201eGroupement syndical\u201c (Gewerkschaftsgruppe). Sie wurde von ehemaligen Gewerkschaftern gegr\u00fcndet, die den Kampf f\u00fcr die soziale Sicherheit fortsetzen wollten. Die FRV wurde am 15. Mai 1984 in Freiburg offiziell [&hellip;]<\/p>\n","protected":false},"author":10,"featured_media":0,"parent":1307,"menu_order":0,"comment_status":"closed","ping_status":"closed","template":"template-with-menu.php","meta":{"_acf_changed":false,"footnotes":""},"folder":[32],"class_list":["post-19376","page","type-page","status-publish","hentry"],"acf":[],"yoast_head":"<!-- This site is optimized with the Yoast SEO plugin v27.1.1 - https:\/\/yoast.com\/product\/yoast-seo-wordpress\/ -->\n<title>Geschichte | Bienvenue sur le site de la FFR-FRV<\/title>\n<meta name=\"robots\" content=\"index, follow, max-snippet:-1, max-image-preview:large, max-video-preview:-1\" \/>\n<link rel=\"canonical\" href=\"https:\/\/www.ffr-frv.ch\/de\/section-sarine\/la-federation\/geschichte\/\" \/>\n<meta property=\"og:locale\" content=\"de_DE\" \/>\n<meta property=\"og:type\" content=\"article\" \/>\n<meta property=\"og:title\" content=\"Geschichte | Bienvenue sur le site de la FFR-FRV\" \/>\n<meta property=\"og:description\" content=\"Geschichte Freiburgische Rentnervereinigung Geschichte der kantonalen Organisation und der Sektion Sarine (Stadt Freiburg und die Gemeinden des Bezirks). Der Freiburgische Rentnervereinigung (FRV) entstand 1983 unter dem Namen \u201eGroupement syndical\u201c (Gewerkschaftsgruppe). Sie wurde von ehemaligen Gewerkschaftern gegr\u00fcndet, die den Kampf f\u00fcr die soziale Sicherheit fortsetzen wollten. Die FRV wurde am 15. Mai 1984 in Freiburg offiziell [&hellip;]\" \/>\n<meta property=\"og:url\" content=\"https:\/\/www.ffr-frv.ch\/de\/section-sarine\/la-federation\/geschichte\/\" \/>\n<meta property=\"og:site_name\" content=\"Bienvenue sur le site de la FFR-FRV\" \/>\n<meta property=\"article:modified_time\" content=\"2026-04-07T10:12:45+00:00\" \/>\n<meta name=\"twitter:card\" content=\"summary_large_image\" \/>\n<meta name=\"twitter:label1\" content=\"Gesch\u00e4tzte Lesezeit\" \/>\n\t<meta name=\"twitter:data1\" content=\"2\u00a0Minuten\" \/>\n<script type=\"application\/ld+json\" class=\"yoast-schema-graph\">{\"@context\":\"https:\/\/schema.org\",\"@graph\":[{\"@type\":\"WebPage\",\"@id\":\"https:\/\/www.ffr-frv.ch\/de\/section-sarine\/la-federation\/geschichte\/\",\"url\":\"https:\/\/www.ffr-frv.ch\/de\/section-sarine\/la-federation\/geschichte\/\",\"name\":\"Geschichte | Bienvenue sur le site de la FFR-FRV\",\"isPartOf\":{\"@id\":\"https:\/\/www.ffr-frv.ch\/de\/#website\"},\"datePublished\":\"2026-04-07T09:48:12+00:00\",\"dateModified\":\"2026-04-07T10:12:45+00:00\",\"breadcrumb\":{\"@id\":\"https:\/\/www.ffr-frv.ch\/de\/section-sarine\/la-federation\/geschichte\/#breadcrumb\"},\"inLanguage\":\"de\",\"potentialAction\":[{\"@type\":\"ReadAction\",\"target\":[\"https:\/\/www.ffr-frv.ch\/de\/section-sarine\/la-federation\/geschichte\/\"]}]},{\"@type\":\"BreadcrumbList\",\"@id\":\"https:\/\/www.ffr-frv.ch\/de\/section-sarine\/la-federation\/geschichte\/#breadcrumb\",\"itemListElement\":[{\"@type\":\"ListItem\",\"position\":1,\"name\":\"Titelseite\",\"item\":\"https:\/\/www.ffr-frv.ch\/de\/\"},{\"@type\":\"ListItem\",\"position\":2,\"name\":\"Sektion Sarine\",\"item\":\"https:\/\/www.ffr-frv.ch\/de\/section-sarine\/\"},{\"@type\":\"ListItem\",\"position\":3,\"name\":\"Die Vereinigung\",\"item\":\"https:\/\/www.ffr-frv.ch\/de\/section-sarine\/la-federation\/\"},{\"@type\":\"ListItem\",\"position\":4,\"name\":\"Geschichte\"}]},{\"@type\":\"WebSite\",\"@id\":\"https:\/\/www.ffr-frv.ch\/de\/#website\",\"url\":\"https:\/\/www.ffr-frv.ch\/de\/\",\"name\":\"Bienvenue sur le site de la FFR-FRV\",\"description\":\"\",\"potentialAction\":[{\"@type\":\"SearchAction\",\"target\":{\"@type\":\"EntryPoint\",\"urlTemplate\":\"https:\/\/www.ffr-frv.ch\/de\/?s={search_term_string}\"},\"query-input\":{\"@type\":\"PropertyValueSpecification\",\"valueRequired\":true,\"valueName\":\"search_term_string\"}}],\"inLanguage\":\"de\"}]}<\/script>\n<!-- \/ Yoast SEO plugin. -->","yoast_head_json":{"title":"Geschichte | Bienvenue sur le site de la FFR-FRV","robots":{"index":"index","follow":"follow","max-snippet":"max-snippet:-1","max-image-preview":"max-image-preview:large","max-video-preview":"max-video-preview:-1"},"canonical":"https:\/\/www.ffr-frv.ch\/de\/section-sarine\/la-federation\/geschichte\/","og_locale":"de_DE","og_type":"article","og_title":"Geschichte | Bienvenue sur le site de la FFR-FRV","og_description":"Geschichte Freiburgische Rentnervereinigung Geschichte der kantonalen Organisation und der Sektion Sarine (Stadt Freiburg und die Gemeinden des Bezirks). Der Freiburgische Rentnervereinigung (FRV) entstand 1983 unter dem Namen \u201eGroupement syndical\u201c (Gewerkschaftsgruppe). Sie wurde von ehemaligen Gewerkschaftern gegr\u00fcndet, die den Kampf f\u00fcr die soziale Sicherheit fortsetzen wollten. Die FRV wurde am 15. Mai 1984 in Freiburg offiziell [&hellip;]","og_url":"https:\/\/www.ffr-frv.ch\/de\/section-sarine\/la-federation\/geschichte\/","og_site_name":"Bienvenue sur le site de la FFR-FRV","article_modified_time":"2026-04-07T10:12:45+00:00","twitter_card":"summary_large_image","twitter_misc":{"Gesch\u00e4tzte Lesezeit":"2\u00a0Minuten"},"schema":{"@context":"https:\/\/schema.org","@graph":[{"@type":"WebPage","@id":"https:\/\/www.ffr-frv.ch\/de\/section-sarine\/la-federation\/geschichte\/","url":"https:\/\/www.ffr-frv.ch\/de\/section-sarine\/la-federation\/geschichte\/","name":"Geschichte | Bienvenue sur le site de la FFR-FRV","isPartOf":{"@id":"https:\/\/www.ffr-frv.ch\/de\/#website"},"datePublished":"2026-04-07T09:48:12+00:00","dateModified":"2026-04-07T10:12:45+00:00","breadcrumb":{"@id":"https:\/\/www.ffr-frv.ch\/de\/section-sarine\/la-federation\/geschichte\/#breadcrumb"},"inLanguage":"de","potentialAction":[{"@type":"ReadAction","target":["https:\/\/www.ffr-frv.ch\/de\/section-sarine\/la-federation\/geschichte\/"]}]},{"@type":"BreadcrumbList","@id":"https:\/\/www.ffr-frv.ch\/de\/section-sarine\/la-federation\/geschichte\/#breadcrumb","itemListElement":[{"@type":"ListItem","position":1,"name":"Titelseite","item":"https:\/\/www.ffr-frv.ch\/de\/"},{"@type":"ListItem","position":2,"name":"Sektion Sarine","item":"https:\/\/www.ffr-frv.ch\/de\/section-sarine\/"},{"@type":"ListItem","position":3,"name":"Die Vereinigung","item":"https:\/\/www.ffr-frv.ch\/de\/section-sarine\/la-federation\/"},{"@type":"ListItem","position":4,"name":"Geschichte"}]},{"@type":"WebSite","@id":"https:\/\/www.ffr-frv.ch\/de\/#website","url":"https:\/\/www.ffr-frv.ch\/de\/","name":"Bienvenue sur le site de la FFR-FRV","description":"","potentialAction":[{"@type":"SearchAction","target":{"@type":"EntryPoint","urlTemplate":"https:\/\/www.ffr-frv.ch\/de\/?s={search_term_string}"},"query-input":{"@type":"PropertyValueSpecification","valueRequired":true,"valueName":"search_term_string"}}],"inLanguage":"de"}]}},"_links":{"self":[{"href":"https:\/\/www.ffr-frv.ch\/de\/wp-json\/wp\/v2\/pages\/19376","targetHints":{"allow":["GET"]}}],"collection":[{"href":"https:\/\/www.ffr-frv.ch\/de\/wp-json\/wp\/v2\/pages"}],"about":[{"href":"https:\/\/www.ffr-frv.ch\/de\/wp-json\/wp\/v2\/types\/page"}],"author":[{"embeddable":true,"href":"https:\/\/www.ffr-frv.ch\/de\/wp-json\/wp\/v2\/users\/10"}],"replies":[{"embeddable":true,"href":"https:\/\/www.ffr-frv.ch\/de\/wp-json\/wp\/v2\/comments?post=19376"}],"version-history":[{"count":5,"href":"https:\/\/www.ffr-frv.ch\/de\/wp-json\/wp\/v2\/pages\/19376\/revisions"}],"predecessor-version":[{"id":19386,"href":"https:\/\/www.ffr-frv.ch\/de\/wp-json\/wp\/v2\/pages\/19376\/revisions\/19386"}],"up":[{"embeddable":true,"href":"https:\/\/www.ffr-frv.ch\/de\/wp-json\/wp\/v2\/pages\/1307"}],"wp:attachment":[{"href":"https:\/\/www.ffr-frv.ch\/de\/wp-json\/wp\/v2\/media?parent=19376"}],"wp:term":[{"taxonomy":"folder","embeddable":true,"href":"https:\/\/www.ffr-frv.ch\/de\/wp-json\/wp\/v2\/folder?post=19376"}],"curies":[{"name":"wp","href":"https:\/\/api.w.org\/{rel}","templated":true}]}}