{"id":1751,"date":"2020-02-13T15:59:21","date_gmt":"2020-02-13T15:59:21","guid":{"rendered":"http:\/\/www.ffr-frv.ch\/section-lac\/la-federation\/qui-sommes-nous\/"},"modified":"2020-03-12T08:49:59","modified_gmt":"2020-03-12T08:49:59","slug":"qui-sommes-nous","status":"publish","type":"page","link":"https:\/\/www.ffr-frv.ch\/de\/section-lac\/la-federation\/qui-sommes-nous\/","title":{"rendered":"Qui sommes-nous"},"content":{"rendered":"<section class=\"wpb-content-wrapper\"><p>[vc_row][vc_column][vc_column_text]<\/p>\n<h2>Qui sommes-nous<\/h2>\n<p>La section du Lac fran\u00e7ais de la F\u00e9d\u00e9ration Fribourgeoise des retrait\u00e9s compte environ 450 membres. Elle a \u00e9t\u00e9 fond\u00e9e en 1995 et son premier pr\u00e9sident \u00e9tait Robert Pillonnel.<\/p>\n<p>Elle a pour but de coordonner les efforts de ses membres en vue de la d\u00e9fense de leurs int\u00e9r\u00eats \u00e9conomiques, sociaux et culturels. Elle est politiquement neutre et ouverte \u00e0 toutes les religions. Pour atteindre ce but, la section organise des rencontres, excursions, manifestations, conf\u00e9rences, sorties, qui permettent aux membres de se rencontrer, d\u2019\u00e9changer et de se distraire.<\/p>\n<p>La cotisation annuelle est de Fr. 15.- pour un membre individuel et de Fr. 25.- pour un couple.[\/vc_column_text][\/vc_column][\/vc_row]<\/p>\n<\/section>","protected":false},"excerpt":{"rendered":"<p>[vc_row][vc_column][vc_column_text] Qui sommes-nous La section du Lac fran\u00e7ais de la F\u00e9d\u00e9ration Fribourgeoise des retrait\u00e9s compte environ 450 membres. Elle a \u00e9t\u00e9 fond\u00e9e en 1995 et son premier pr\u00e9sident \u00e9tait Robert Pillonnel. Elle a pour but de coordonner les efforts de ses membres en vue de la d\u00e9fense de leurs int\u00e9r\u00eats \u00e9conomiques, sociaux et culturels. Elle [&hellip;]<\/p>\n","protected":false},"author":1,"featured_media":0,"parent":1703,"menu_order":0,"comment_status":"closed","ping_status":"closed","template":"template-with-menu.php","meta":{"_acf_changed":false,"footnotes":""},"folder":[31],"class_list":["post-1751","page","type-page","status-publish","hentry"],"acf":[],"yoast_head":"<!-- This site is optimized with the Yoast SEO plugin v27.1.1 - https:\/\/yoast.com\/product\/yoast-seo-wordpress\/ -->\n<title>Qui sommes-nous | Bienvenue sur le site de la FFR-FRV<\/title>\n<meta name=\"robots\" content=\"index, follow, max-snippet:-1, max-image-preview:large, max-video-preview:-1\" \/>\n<link rel=\"canonical\" href=\"https:\/\/www.ffr-frv.ch\/de\/section-lac\/la-federation\/qui-sommes-nous\/\" \/>\n<meta property=\"og:locale\" content=\"de_DE\" \/>\n<meta property=\"og:type\" content=\"article\" \/>\n<meta property=\"og:title\" content=\"Qui sommes-nous | Bienvenue sur le site de la FFR-FRV\" \/>\n<meta property=\"og:description\" content=\"[vc_row][vc_column][vc_column_text] Qui sommes-nous La section du Lac fran\u00e7ais de la F\u00e9d\u00e9ration Fribourgeoise des retrait\u00e9s compte environ 450 membres. Elle a \u00e9t\u00e9 fond\u00e9e en 1995 et son premier pr\u00e9sident \u00e9tait Robert Pillonnel. Elle a pour but de coordonner les efforts de ses membres en vue de la d\u00e9fense de leurs int\u00e9r\u00eats \u00e9conomiques, sociaux et culturels. Elle [&hellip;]\" \/>\n<meta property=\"og:url\" content=\"https:\/\/www.ffr-frv.ch\/de\/section-lac\/la-federation\/qui-sommes-nous\/\" \/>\n<meta property=\"og:site_name\" content=\"Bienvenue sur le site de la FFR-FRV\" \/>\n<meta property=\"article:modified_time\" content=\"2020-03-12T08:49:59+00:00\" \/>\n<meta name=\"twitter:card\" content=\"summary_large_image\" \/>\n<meta name=\"twitter:label1\" content=\"Gesch\u00e4tzte Lesezeit\" \/>\n\t<meta name=\"twitter:data1\" content=\"1\u00a0Minute\" \/>\n<script type=\"application\/ld+json\" class=\"yoast-schema-graph\">{\"@context\":\"https:\/\/schema.org\",\"@graph\":[{\"@type\":\"WebPage\",\"@id\":\"https:\/\/www.ffr-frv.ch\/de\/section-lac\/la-federation\/qui-sommes-nous\/\",\"url\":\"https:\/\/www.ffr-frv.ch\/de\/section-lac\/la-federation\/qui-sommes-nous\/\",\"name\":\"Qui sommes-nous | Bienvenue sur le site de la FFR-FRV\",\"isPartOf\":{\"@id\":\"https:\/\/www.ffr-frv.ch\/de\/#website\"},\"datePublished\":\"2020-02-13T15:59:21+00:00\",\"dateModified\":\"2020-03-12T08:49:59+00:00\",\"breadcrumb\":{\"@id\":\"https:\/\/www.ffr-frv.ch\/de\/section-lac\/la-federation\/qui-sommes-nous\/#breadcrumb\"},\"inLanguage\":\"de\",\"potentialAction\":[{\"@type\":\"ReadAction\",\"target\":[\"https:\/\/www.ffr-frv.ch\/de\/section-lac\/la-federation\/qui-sommes-nous\/\"]}]},{\"@type\":\"BreadcrumbList\",\"@id\":\"https:\/\/www.ffr-frv.ch\/de\/section-lac\/la-federation\/qui-sommes-nous\/#breadcrumb\",\"itemListElement\":[{\"@type\":\"ListItem\",\"position\":1,\"name\":\"Titelseite\",\"item\":\"https:\/\/www.ffr-frv.ch\/de\/\"},{\"@type\":\"ListItem\",\"position\":2,\"name\":\"Section Lac\",\"item\":\"https:\/\/www.ffr-frv.ch\/de\/section-lac\/\"},{\"@type\":\"ListItem\",\"position\":3,\"name\":\"La F\u00e9d\u00e9ration\",\"item\":\"https:\/\/www.ffr-frv.ch\/de\/section-lac\/la-federation\/\"},{\"@type\":\"ListItem\",\"position\":4,\"name\":\"Qui sommes-nous\"}]},{\"@type\":\"WebSite\",\"@id\":\"https:\/\/www.ffr-frv.ch\/de\/#website\",\"url\":\"https:\/\/www.ffr-frv.ch\/de\/\",\"name\":\"Bienvenue sur le site de la FFR-FRV\",\"description\":\"\",\"potentialAction\":[{\"@type\":\"SearchAction\",\"target\":{\"@type\":\"EntryPoint\",\"urlTemplate\":\"https:\/\/www.ffr-frv.ch\/de\/?s={search_term_string}\"},\"query-input\":{\"@type\":\"PropertyValueSpecification\",\"valueRequired\":true,\"valueName\":\"search_term_string\"}}],\"inLanguage\":\"de\"}]}<\/script>\n<!-- \/ Yoast SEO plugin. -->","yoast_head_json":{"title":"Qui sommes-nous | Bienvenue sur le site de la FFR-FRV","robots":{"index":"index","follow":"follow","max-snippet":"max-snippet:-1","max-image-preview":"max-image-preview:large","max-video-preview":"max-video-preview:-1"},"canonical":"https:\/\/www.ffr-frv.ch\/de\/section-lac\/la-federation\/qui-sommes-nous\/","og_locale":"de_DE","og_type":"article","og_title":"Qui sommes-nous | Bienvenue sur le site de la FFR-FRV","og_description":"[vc_row][vc_column][vc_column_text] Qui sommes-nous La section du Lac fran\u00e7ais de la F\u00e9d\u00e9ration Fribourgeoise des retrait\u00e9s compte environ 450 membres. Elle a \u00e9t\u00e9 fond\u00e9e en 1995 et son premier pr\u00e9sident \u00e9tait Robert Pillonnel. Elle a pour but de coordonner les efforts de ses membres en vue de la d\u00e9fense de leurs int\u00e9r\u00eats \u00e9conomiques, sociaux et culturels. Elle [&hellip;]","og_url":"https:\/\/www.ffr-frv.ch\/de\/section-lac\/la-federation\/qui-sommes-nous\/","og_site_name":"Bienvenue sur le site de la FFR-FRV","article_modified_time":"2020-03-12T08:49:59+00:00","twitter_card":"summary_large_image","twitter_misc":{"Gesch\u00e4tzte Lesezeit":"1\u00a0Minute"},"schema":{"@context":"https:\/\/schema.org","@graph":[{"@type":"WebPage","@id":"https:\/\/www.ffr-frv.ch\/de\/section-lac\/la-federation\/qui-sommes-nous\/","url":"https:\/\/www.ffr-frv.ch\/de\/section-lac\/la-federation\/qui-sommes-nous\/","name":"Qui sommes-nous | Bienvenue sur le site de la FFR-FRV","isPartOf":{"@id":"https:\/\/www.ffr-frv.ch\/de\/#website"},"datePublished":"2020-02-13T15:59:21+00:00","dateModified":"2020-03-12T08:49:59+00:00","breadcrumb":{"@id":"https:\/\/www.ffr-frv.ch\/de\/section-lac\/la-federation\/qui-sommes-nous\/#breadcrumb"},"inLanguage":"de","potentialAction":[{"@type":"ReadAction","target":["https:\/\/www.ffr-frv.ch\/de\/section-lac\/la-federation\/qui-sommes-nous\/"]}]},{"@type":"BreadcrumbList","@id":"https:\/\/www.ffr-frv.ch\/de\/section-lac\/la-federation\/qui-sommes-nous\/#breadcrumb","itemListElement":[{"@type":"ListItem","position":1,"name":"Titelseite","item":"https:\/\/www.ffr-frv.ch\/de\/"},{"@type":"ListItem","position":2,"name":"Section Lac","item":"https:\/\/www.ffr-frv.ch\/de\/section-lac\/"},{"@type":"ListItem","position":3,"name":"La F\u00e9d\u00e9ration","item":"https:\/\/www.ffr-frv.ch\/de\/section-lac\/la-federation\/"},{"@type":"ListItem","position":4,"name":"Qui sommes-nous"}]},{"@type":"WebSite","@id":"https:\/\/www.ffr-frv.ch\/de\/#website","url":"https:\/\/www.ffr-frv.ch\/de\/","name":"Bienvenue sur le site de la FFR-FRV","description":"","potentialAction":[{"@type":"SearchAction","target":{"@type":"EntryPoint","urlTemplate":"https:\/\/www.ffr-frv.ch\/de\/?s={search_term_string}"},"query-input":{"@type":"PropertyValueSpecification","valueRequired":true,"valueName":"search_term_string"}}],"inLanguage":"de"}]}},"_links":{"self":[{"href":"https:\/\/www.ffr-frv.ch\/de\/wp-json\/wp\/v2\/pages\/1751","targetHints":{"allow":["GET"]}}],"collection":[{"href":"https:\/\/www.ffr-frv.ch\/de\/wp-json\/wp\/v2\/pages"}],"about":[{"href":"https:\/\/www.ffr-frv.ch\/de\/wp-json\/wp\/v2\/types\/page"}],"author":[{"embeddable":true,"href":"https:\/\/www.ffr-frv.ch\/de\/wp-json\/wp\/v2\/users\/1"}],"replies":[{"embeddable":true,"href":"https:\/\/www.ffr-frv.ch\/de\/wp-json\/wp\/v2\/comments?post=1751"}],"version-history":[{"count":1,"href":"https:\/\/www.ffr-frv.ch\/de\/wp-json\/wp\/v2\/pages\/1751\/revisions"}],"predecessor-version":[{"id":1752,"href":"https:\/\/www.ffr-frv.ch\/de\/wp-json\/wp\/v2\/pages\/1751\/revisions\/1752"}],"up":[{"embeddable":true,"href":"https:\/\/www.ffr-frv.ch\/de\/wp-json\/wp\/v2\/pages\/1703"}],"wp:attachment":[{"href":"https:\/\/www.ffr-frv.ch\/de\/wp-json\/wp\/v2\/media?parent=1751"}],"wp:term":[{"taxonomy":"folder","embeddable":true,"href":"https:\/\/www.ffr-frv.ch\/de\/wp-json\/wp\/v2\/folder?post=1751"}],"curies":[{"name":"wp","href":"https:\/\/api.w.org\/{rel}","templated":true}]}}