{"id":1629,"date":"2020-02-03T11:07:57","date_gmt":"2020-02-03T11:07:57","guid":{"rendered":"http:\/\/www.ffr-frv.ch\/section-broye\/la-federation\/qui-sommes-nous\/"},"modified":"2023-12-16T08:28:00","modified_gmt":"2023-12-16T06:28:00","slug":"qui-sommes-nous","status":"publish","type":"page","link":"https:\/\/www.ffr-frv.ch\/de\/section-broye\/la-federation\/qui-sommes-nous\/","title":{"rendered":"Qui sommes-nous"},"content":{"rendered":"<section class=\"wpb-content-wrapper\"><p>[vc_row][vc_column][vc_column_text]<\/p>\n<h2>Qui sommes-nous<\/h2>\n<p><span class=\"fs12lh1-5 cf1 ff1\">Sous le nom de &#8222;F\u00e9d\u00e9ration Fribourgeoise des retrait\u00e9s &#8211; Section Broye&#8220;, il \u00a0a \u00a0\u00e9t\u00e9 \u00a0constitu\u00e9 \u00a0une \u00a0association \u00a0\u00e0 \u00a0but \u00a0id\u00e9al, \u00a0r\u00e9gie \u00a0par \u00a0les statuts de la section selon les articles 60 et suivants du CCS et \u00a0l\u2019art. 1b des statuts de la F\u00e9d\u00e9ration Fribourgeoise cantonale.<\/span><\/p>\n<p>Le si\u00e8ge de la section est fix\u00e9 dans la commune de M\u00e9ni\u00e8res.<\/p>\n<p>La section a pour but de soutenir les aspirations des membres et d\u2019assurer ainsi la d\u00e9fense de leurs int\u00e9r\u00eats \u00e9conomiques, sociaux et culturels.<\/p>\n<p>Elle est politiquement ind\u00e9pendante et confessionnellement neutre.<span class=\"fs12lh1-5 cf2 ff1\"><br \/>\n<\/span><\/p>\n<p><a href=\"http:\/\/www.ffrb.ch\/\" target=\"_blank\" rel=\"noopener noreferrer\">Voir le site officiel de la section<\/a>[\/vc_column_text][\/vc_column][\/vc_row]<\/p>\n<\/section>","protected":false},"excerpt":{"rendered":"<p>[vc_row][vc_column][vc_column_text] Qui sommes-nous Sous le nom de &#8222;F\u00e9d\u00e9ration Fribourgeoise des retrait\u00e9s &#8211; Section Broye&#8220;, il \u00a0a \u00a0\u00e9t\u00e9 \u00a0constitu\u00e9 \u00a0une \u00a0association \u00a0\u00e0 \u00a0but \u00a0id\u00e9al, \u00a0r\u00e9gie \u00a0par \u00a0les statuts de la section selon les articles 60 et suivants du CCS et \u00a0l\u2019art. 1b des statuts de la F\u00e9d\u00e9ration Fribourgeoise cantonale. Le si\u00e8ge de la section est fix\u00e9 [&hellip;]<\/p>\n","protected":false},"author":1,"featured_media":0,"parent":1623,"menu_order":0,"comment_status":"closed","ping_status":"closed","template":"template-with-menu.php","meta":{"_acf_changed":false,"footnotes":""},"folder":[27],"class_list":["post-1629","page","type-page","status-publish","hentry"],"acf":[],"yoast_head":"<!-- This site is optimized with the Yoast SEO plugin v27.1.1 - https:\/\/yoast.com\/product\/yoast-seo-wordpress\/ -->\n<title>Qui sommes-nous | Bienvenue sur le site de la FFR-FRV<\/title>\n<meta name=\"robots\" content=\"index, follow, max-snippet:-1, max-image-preview:large, max-video-preview:-1\" \/>\n<link rel=\"canonical\" href=\"https:\/\/www.ffr-frv.ch\/de\/section-broye\/la-federation\/qui-sommes-nous\/\" \/>\n<meta property=\"og:locale\" content=\"de_DE\" \/>\n<meta property=\"og:type\" content=\"article\" \/>\n<meta property=\"og:title\" content=\"Qui sommes-nous | Bienvenue sur le site de la FFR-FRV\" \/>\n<meta property=\"og:description\" content=\"[vc_row][vc_column][vc_column_text] Qui sommes-nous Sous le nom de &#8222;F\u00e9d\u00e9ration Fribourgeoise des retrait\u00e9s &#8211; Section Broye&#8220;, il \u00a0a \u00a0\u00e9t\u00e9 \u00a0constitu\u00e9 \u00a0une \u00a0association \u00a0\u00e0 \u00a0but \u00a0id\u00e9al, \u00a0r\u00e9gie \u00a0par \u00a0les statuts de la section selon les articles 60 et suivants du CCS et \u00a0l\u2019art. 1b des statuts de la F\u00e9d\u00e9ration Fribourgeoise cantonale. Le si\u00e8ge de la section est fix\u00e9 [&hellip;]\" \/>\n<meta property=\"og:url\" content=\"https:\/\/www.ffr-frv.ch\/de\/section-broye\/la-federation\/qui-sommes-nous\/\" \/>\n<meta property=\"og:site_name\" content=\"Bienvenue sur le site de la FFR-FRV\" \/>\n<meta property=\"article:modified_time\" content=\"2023-12-16T06:28:00+00:00\" \/>\n<meta name=\"twitter:card\" content=\"summary_large_image\" \/>\n<meta name=\"twitter:label1\" content=\"Gesch\u00e4tzte Lesezeit\" \/>\n\t<meta name=\"twitter:data1\" content=\"1\u00a0Minute\" \/>\n<script type=\"application\/ld+json\" class=\"yoast-schema-graph\">{\"@context\":\"https:\/\/schema.org\",\"@graph\":[{\"@type\":\"WebPage\",\"@id\":\"https:\/\/www.ffr-frv.ch\/de\/section-broye\/la-federation\/qui-sommes-nous\/\",\"url\":\"https:\/\/www.ffr-frv.ch\/de\/section-broye\/la-federation\/qui-sommes-nous\/\",\"name\":\"Qui sommes-nous | Bienvenue sur le site de la FFR-FRV\",\"isPartOf\":{\"@id\":\"https:\/\/www.ffr-frv.ch\/de\/#website\"},\"datePublished\":\"2020-02-03T11:07:57+00:00\",\"dateModified\":\"2023-12-16T06:28:00+00:00\",\"breadcrumb\":{\"@id\":\"https:\/\/www.ffr-frv.ch\/de\/section-broye\/la-federation\/qui-sommes-nous\/#breadcrumb\"},\"inLanguage\":\"de\",\"potentialAction\":[{\"@type\":\"ReadAction\",\"target\":[\"https:\/\/www.ffr-frv.ch\/de\/section-broye\/la-federation\/qui-sommes-nous\/\"]}]},{\"@type\":\"BreadcrumbList\",\"@id\":\"https:\/\/www.ffr-frv.ch\/de\/section-broye\/la-federation\/qui-sommes-nous\/#breadcrumb\",\"itemListElement\":[{\"@type\":\"ListItem\",\"position\":1,\"name\":\"Titelseite\",\"item\":\"https:\/\/www.ffr-frv.ch\/de\/\"},{\"@type\":\"ListItem\",\"position\":2,\"name\":\"Section Broye\",\"item\":\"https:\/\/www.ffr-frv.ch\/de\/section-broye\/\"},{\"@type\":\"ListItem\",\"position\":3,\"name\":\"La F\u00e9d\u00e9ration\",\"item\":\"https:\/\/www.ffr-frv.ch\/de\/section-broye\/la-federation\/\"},{\"@type\":\"ListItem\",\"position\":4,\"name\":\"Qui sommes-nous\"}]},{\"@type\":\"WebSite\",\"@id\":\"https:\/\/www.ffr-frv.ch\/de\/#website\",\"url\":\"https:\/\/www.ffr-frv.ch\/de\/\",\"name\":\"Bienvenue sur le site de la FFR-FRV\",\"description\":\"\",\"potentialAction\":[{\"@type\":\"SearchAction\",\"target\":{\"@type\":\"EntryPoint\",\"urlTemplate\":\"https:\/\/www.ffr-frv.ch\/de\/?s={search_term_string}\"},\"query-input\":{\"@type\":\"PropertyValueSpecification\",\"valueRequired\":true,\"valueName\":\"search_term_string\"}}],\"inLanguage\":\"de\"}]}<\/script>\n<!-- \/ Yoast SEO plugin. -->","yoast_head_json":{"title":"Qui sommes-nous | Bienvenue sur le site de la FFR-FRV","robots":{"index":"index","follow":"follow","max-snippet":"max-snippet:-1","max-image-preview":"max-image-preview:large","max-video-preview":"max-video-preview:-1"},"canonical":"https:\/\/www.ffr-frv.ch\/de\/section-broye\/la-federation\/qui-sommes-nous\/","og_locale":"de_DE","og_type":"article","og_title":"Qui sommes-nous | Bienvenue sur le site de la FFR-FRV","og_description":"[vc_row][vc_column][vc_column_text] Qui sommes-nous Sous le nom de &#8222;F\u00e9d\u00e9ration Fribourgeoise des retrait\u00e9s &#8211; Section Broye&#8220;, il \u00a0a \u00a0\u00e9t\u00e9 \u00a0constitu\u00e9 \u00a0une \u00a0association \u00a0\u00e0 \u00a0but \u00a0id\u00e9al, \u00a0r\u00e9gie \u00a0par \u00a0les statuts de la section selon les articles 60 et suivants du CCS et \u00a0l\u2019art. 1b des statuts de la F\u00e9d\u00e9ration Fribourgeoise cantonale. Le si\u00e8ge de la section est fix\u00e9 [&hellip;]","og_url":"https:\/\/www.ffr-frv.ch\/de\/section-broye\/la-federation\/qui-sommes-nous\/","og_site_name":"Bienvenue sur le site de la FFR-FRV","article_modified_time":"2023-12-16T06:28:00+00:00","twitter_card":"summary_large_image","twitter_misc":{"Gesch\u00e4tzte Lesezeit":"1\u00a0Minute"},"schema":{"@context":"https:\/\/schema.org","@graph":[{"@type":"WebPage","@id":"https:\/\/www.ffr-frv.ch\/de\/section-broye\/la-federation\/qui-sommes-nous\/","url":"https:\/\/www.ffr-frv.ch\/de\/section-broye\/la-federation\/qui-sommes-nous\/","name":"Qui sommes-nous | Bienvenue sur le site de la FFR-FRV","isPartOf":{"@id":"https:\/\/www.ffr-frv.ch\/de\/#website"},"datePublished":"2020-02-03T11:07:57+00:00","dateModified":"2023-12-16T06:28:00+00:00","breadcrumb":{"@id":"https:\/\/www.ffr-frv.ch\/de\/section-broye\/la-federation\/qui-sommes-nous\/#breadcrumb"},"inLanguage":"de","potentialAction":[{"@type":"ReadAction","target":["https:\/\/www.ffr-frv.ch\/de\/section-broye\/la-federation\/qui-sommes-nous\/"]}]},{"@type":"BreadcrumbList","@id":"https:\/\/www.ffr-frv.ch\/de\/section-broye\/la-federation\/qui-sommes-nous\/#breadcrumb","itemListElement":[{"@type":"ListItem","position":1,"name":"Titelseite","item":"https:\/\/www.ffr-frv.ch\/de\/"},{"@type":"ListItem","position":2,"name":"Section Broye","item":"https:\/\/www.ffr-frv.ch\/de\/section-broye\/"},{"@type":"ListItem","position":3,"name":"La F\u00e9d\u00e9ration","item":"https:\/\/www.ffr-frv.ch\/de\/section-broye\/la-federation\/"},{"@type":"ListItem","position":4,"name":"Qui sommes-nous"}]},{"@type":"WebSite","@id":"https:\/\/www.ffr-frv.ch\/de\/#website","url":"https:\/\/www.ffr-frv.ch\/de\/","name":"Bienvenue sur le site de la FFR-FRV","description":"","potentialAction":[{"@type":"SearchAction","target":{"@type":"EntryPoint","urlTemplate":"https:\/\/www.ffr-frv.ch\/de\/?s={search_term_string}"},"query-input":{"@type":"PropertyValueSpecification","valueRequired":true,"valueName":"search_term_string"}}],"inLanguage":"de"}]}},"_links":{"self":[{"href":"https:\/\/www.ffr-frv.ch\/de\/wp-json\/wp\/v2\/pages\/1629","targetHints":{"allow":["GET"]}}],"collection":[{"href":"https:\/\/www.ffr-frv.ch\/de\/wp-json\/wp\/v2\/pages"}],"about":[{"href":"https:\/\/www.ffr-frv.ch\/de\/wp-json\/wp\/v2\/types\/page"}],"author":[{"embeddable":true,"href":"https:\/\/www.ffr-frv.ch\/de\/wp-json\/wp\/v2\/users\/1"}],"replies":[{"embeddable":true,"href":"https:\/\/www.ffr-frv.ch\/de\/wp-json\/wp\/v2\/comments?post=1629"}],"version-history":[{"count":5,"href":"https:\/\/www.ffr-frv.ch\/de\/wp-json\/wp\/v2\/pages\/1629\/revisions"}],"predecessor-version":[{"id":10720,"href":"https:\/\/www.ffr-frv.ch\/de\/wp-json\/wp\/v2\/pages\/1629\/revisions\/10720"}],"up":[{"embeddable":true,"href":"https:\/\/www.ffr-frv.ch\/de\/wp-json\/wp\/v2\/pages\/1623"}],"wp:attachment":[{"href":"https:\/\/www.ffr-frv.ch\/de\/wp-json\/wp\/v2\/media?parent=1629"}],"wp:term":[{"taxonomy":"folder","embeddable":true,"href":"https:\/\/www.ffr-frv.ch\/de\/wp-json\/wp\/v2\/folder?post=1629"}],"curies":[{"name":"wp","href":"https:\/\/api.w.org\/{rel}","templated":true}]}}