{"id":1370,"date":"2020-02-13T16:02:54","date_gmt":"2020-02-13T16:02:54","guid":{"rendered":"http:\/\/www.ffr-frv.ch\/section-lac\/activites\/programme-annuel\/"},"modified":"2025-02-27T23:18:28","modified_gmt":"2025-02-27T21:18:28","slug":"programme-annuel","status":"publish","type":"page","link":"https:\/\/www.ffr-frv.ch\/de\/section-lac\/activites\/programme-annuel\/","title":{"rendered":"Programme annuel"},"content":{"rendered":"<section class=\"wpb-content-wrapper\"><p>[vc_row][vc_column][vc_column_text]<\/p>\n<h2>Programme annuel<\/h2>\n<p><a href=\"https:\/\/www.ffr-frv.ch\/wp-content\/uploads\/2025\/02\/Programme-2025-Lac.pdf\" target=\"_blank\" rel=\"noopener\"><em><span style=\"color: #008000;\">Cliquer ici pour t\u00e9l\u00e9charger<\/span><\/em><\/a><\/p>\n<p>[\/vc_column_text]<div class='agendas noborder '><div class='agenda row notall' id='match-aux-cartes-19320'><div class='col-lg-12'><div class='agendas-details-page'><span class='date'>21.05.2026 - 14h00<\/span><span class='lieu'>Salle communale Wallenried<\/span><br \/><span class='title'>Match aux cartes<\/span><\/div><div class='agendas-description'><img loading=\"lazy\" decoding=\"async\" class=\"alignnone size-full wp-image-19334\" src=\"https:\/\/www.ffr-frv.ch\/wp-content\/uploads\/2026\/04\/carte-lac.jpg\" alt=\"\" width=\"276\" height=\"183\" \/><\/div><\/div><\/div><div class='agenda row notall' id='ptanque-courtepin-19321'><div class='col-lg-12'><div class='agendas-details-page'><span class='date'>28.05.2026 - 14h00<\/span><span class='lieu'>restaurant du Chasseur<\/span><br \/><span class='title'>P\u00e9tanque Courtepin<\/span><\/div><div class='agendas-description'><img loading=\"lazy\" decoding=\"async\" class=\"alignnone size-full wp-image-19342\" src=\"https:\/\/www.ffr-frv.ch\/wp-content\/uploads\/2026\/04\/petanque.jpg\" alt=\"\" width=\"225\" height=\"225\" srcset=\"https:\/\/www.ffr-frv.ch\/wp-content\/uploads\/2026\/04\/petanque.jpg 225w, https:\/\/www.ffr-frv.ch\/wp-content\/uploads\/2026\/04\/petanque-150x150.jpg 150w\" sizes=\"auto, (max-width: 225px) 100vw, 225px\" \/><\/div><\/div><\/div><div class='agenda row notall' id='ptanque-19324'><div class='col-lg-12'><div class='agendas-details-page'><span class='date'>11.06.2026 - 14h00<\/span><span class='lieu'>Infos par groupe WhatsApp<\/span><br \/><span class='title'>P\u00e9tanque<\/span><\/div><div class='agendas-description'><img loading=\"lazy\" decoding=\"async\" class=\"alignnone size-full wp-image-19342\" src=\"https:\/\/www.ffr-frv.ch\/wp-content\/uploads\/2026\/04\/petanque.jpg\" alt=\"\" width=\"225\" height=\"225\" srcset=\"https:\/\/www.ffr-frv.ch\/wp-content\/uploads\/2026\/04\/petanque.jpg 225w, https:\/\/www.ffr-frv.ch\/wp-content\/uploads\/2026\/04\/petanque-150x150.jpg 150w\" sizes=\"auto, (max-width: 225px) 100vw, 225px\" \/><\/div><\/div><\/div><div class='agenda row notall' id='journe-rcrative-pensier-19322'><div class='col-lg-12'><div class='agendas-details-page'><span class='date'>18.06.2026 - 10h30<\/span><span class='lieu'>bord du Lac de Schiffenen<\/span><br \/><span class='title'>Journ\u00e9e r\u00e9cr\u00e9ative \u00e0 Pensier<\/span><\/div><\/div><\/div><div class='agenda row notall' id='marche-en-fort-19323'><div class='col-lg-12'><div class='agendas-details-page'><span class='date'>02.07.2026 - 14h00<\/span><span class='lieu'>cabane foresti\u00e8re Bois de Plan, Villarepos<\/span><br \/><span class='title'>Marche en for\u00eat<\/span><\/div><div class='agendas-description'><img loading=\"lazy\" decoding=\"async\" class=\"alignnone size-full wp-image-19332\" src=\"https:\/\/www.ffr-frv.ch\/wp-content\/uploads\/2026\/04\/cabane-lac.jpg\" alt=\"\" width=\"262\" height=\"192\" \/><\/div><\/div><\/div><div class='agenda row notall' id='petanque-19328'><div class='col-lg-12'><div class='agendas-details-page'><span class='date'>16.07.2026 - 14h00<\/span><span class='lieu'>infos par groupe WhatsApp<\/span><br \/><span class='title'>Petanque<\/span><\/div><div class='agendas-description'><img loading=\"lazy\" decoding=\"async\" class=\"alignnone size-full wp-image-19342\" src=\"https:\/\/www.ffr-frv.ch\/wp-content\/uploads\/2026\/04\/petanque.jpg\" alt=\"\" width=\"225\" height=\"225\" srcset=\"https:\/\/www.ffr-frv.ch\/wp-content\/uploads\/2026\/04\/petanque.jpg 225w, https:\/\/www.ffr-frv.ch\/wp-content\/uploads\/2026\/04\/petanque-150x150.jpg 150w\" sizes=\"auto, (max-width: 225px) 100vw, 225px\" \/><\/div><\/div><\/div><div class='agenda row notall' id='ptanque-19326'><div class='col-lg-12'><div class='agendas-details-page'><span class='date'>13.08.2026 - 14h00<\/span><span class='lieu'>infos par groupe WhatsApp<\/span><br \/><span class='title'>P\u00e9tanque<\/span><\/div><div class='agendas-description'><img loading=\"lazy\" decoding=\"async\" class=\"alignnone size-full wp-image-19342\" src=\"https:\/\/www.ffr-frv.ch\/wp-content\/uploads\/2026\/04\/petanque.jpg\" alt=\"\" width=\"225\" height=\"225\" srcset=\"https:\/\/www.ffr-frv.ch\/wp-content\/uploads\/2026\/04\/petanque.jpg 225w, https:\/\/www.ffr-frv.ch\/wp-content\/uploads\/2026\/04\/petanque-150x150.jpg 150w\" sizes=\"auto, (max-width: 225px) 100vw, 225px\" \/><\/div><\/div><\/div><div class='agenda row notall' id='sortie-annuelle-19327'><div class='col-lg-12'><div class='agendas-details-page'><span class='date'>10.09.2026 - <\/span><span class='lieu'>en cars dans le Seeland <\/span><br \/><span class='title'>Sortie annuelle<\/span><\/div><div class='agendas-description'><img loading=\"lazy\" decoding=\"async\" class=\"alignnone size-medium wp-image-19338\" src=\"https:\/\/www.ffr-frv.ch\/wp-content\/uploads\/2026\/04\/promenade-ac-110x300.jpg\" alt=\"\" width=\"110\" height=\"300\" srcset=\"https:\/\/www.ffr-frv.ch\/wp-content\/uploads\/2026\/04\/promenade-ac-110x300.jpg 110w, https:\/\/www.ffr-frv.ch\/wp-content\/uploads\/2026\/04\/promenade-ac.jpg 133w\" sizes=\"auto, (max-width: 110px) 100vw, 110px\" \/><\/div><\/div><\/div><div class='agenda row notall' id='journe-champignons-19329'><div class='col-lg-12'><div class='agendas-details-page'><span class='date'>24.09.2026 - 09h30<\/span><span class='lieu'>Courgevaux, place de Foot<\/span><br \/><span class='title'>Journ\u00e9e \u00ab Champignons \u00bb<\/span><\/div><\/div><\/div><div class='agenda row notall' id='ptanque-19330'><div class='col-lg-12'><div class='agendas-details-page'><span class='date'>08.10.2026 - 14h00<\/span><span class='lieu'>infos par groupe WhatsApp<\/span><br \/><span class='title'>P\u00e9tanque<\/span><\/div><div class='agendas-description'><img loading=\"lazy\" decoding=\"async\" class=\"alignnone size-full wp-image-19342\" src=\"https:\/\/www.ffr-frv.ch\/wp-content\/uploads\/2026\/04\/petanque.jpg\" alt=\"\" width=\"225\" height=\"225\" srcset=\"https:\/\/www.ffr-frv.ch\/wp-content\/uploads\/2026\/04\/petanque.jpg 225w, https:\/\/www.ffr-frv.ch\/wp-content\/uploads\/2026\/04\/petanque-150x150.jpg 150w\" sizes=\"auto, (max-width: 225px) 100vw, 225px\" \/><\/div><\/div><\/div><div class='agenda row notall' id='match-aux-cartes-19331'><div class='col-lg-12'><div class='agendas-details-page'><span class='date'>11.11.2026 - 14h00<\/span><span class='lieu'>salle paroissiale Courtion<\/span><br \/><span class='title'>Match aux cartes<\/span><\/div><div class='agendas-description'><img loading=\"lazy\" decoding=\"async\" class=\"alignnone size-full wp-image-19334\" src=\"https:\/\/www.ffr-frv.ch\/wp-content\/uploads\/2026\/04\/carte-lac.jpg\" alt=\"\" width=\"276\" height=\"183\" \/><\/div><\/div><\/div><\/div>[\/vc_column][\/vc_row]<\/p>\n<\/section>","protected":false},"excerpt":{"rendered":"<p>[vc_row][vc_column][vc_column_text] Programme annuel Cliquer ici pour t\u00e9l\u00e9charger [\/vc_column_text][\/vc_column][\/vc_row]<\/p>\n","protected":false},"author":1,"featured_media":0,"parent":1365,"menu_order":0,"comment_status":"closed","ping_status":"closed","template":"template-with-menu.php","meta":{"_acf_changed":false,"footnotes":""},"folder":[31],"class_list":["post-1370","page","type-page","status-publish","hentry"],"acf":[],"yoast_head":"<!-- This site is optimized with the Yoast SEO plugin v27.1.1 - https:\/\/yoast.com\/product\/yoast-seo-wordpress\/ -->\n<title>Programme annuel | Bienvenue sur le site de la FFR-FRV<\/title>\n<meta name=\"robots\" content=\"index, follow, max-snippet:-1, max-image-preview:large, max-video-preview:-1\" \/>\n<link rel=\"canonical\" href=\"https:\/\/www.ffr-frv.ch\/de\/section-lac\/activites\/programme-annuel\/\" \/>\n<meta property=\"og:locale\" content=\"de_DE\" \/>\n<meta property=\"og:type\" content=\"article\" \/>\n<meta property=\"og:title\" content=\"Programme annuel | Bienvenue sur le site de la FFR-FRV\" \/>\n<meta property=\"og:description\" content=\"[vc_row][vc_column][vc_column_text] Programme annuel Cliquer ici pour t\u00e9l\u00e9charger [\/vc_column_text][\/vc_column][\/vc_row]\" \/>\n<meta property=\"og:url\" content=\"https:\/\/www.ffr-frv.ch\/de\/section-lac\/activites\/programme-annuel\/\" \/>\n<meta property=\"og:site_name\" content=\"Bienvenue sur le site de la FFR-FRV\" \/>\n<meta property=\"article:modified_time\" content=\"2025-02-27T21:18:28+00:00\" \/>\n<meta name=\"twitter:card\" content=\"summary_large_image\" \/>\n<meta name=\"twitter:label1\" content=\"Gesch\u00e4tzte Lesezeit\" \/>\n\t<meta name=\"twitter:data1\" content=\"1\u00a0Minute\" \/>\n<script type=\"application\/ld+json\" class=\"yoast-schema-graph\">{\"@context\":\"https:\/\/schema.org\",\"@graph\":[{\"@type\":\"WebPage\",\"@id\":\"https:\/\/www.ffr-frv.ch\/de\/section-lac\/activites\/programme-annuel\/\",\"url\":\"https:\/\/www.ffr-frv.ch\/de\/section-lac\/activites\/programme-annuel\/\",\"name\":\"Programme annuel | Bienvenue sur le site de la FFR-FRV\",\"isPartOf\":{\"@id\":\"https:\/\/www.ffr-frv.ch\/de\/#website\"},\"datePublished\":\"2020-02-13T16:02:54+00:00\",\"dateModified\":\"2025-02-27T21:18:28+00:00\",\"breadcrumb\":{\"@id\":\"https:\/\/www.ffr-frv.ch\/de\/section-lac\/activites\/programme-annuel\/#breadcrumb\"},\"inLanguage\":\"de\",\"potentialAction\":[{\"@type\":\"ReadAction\",\"target\":[\"https:\/\/www.ffr-frv.ch\/de\/section-lac\/activites\/programme-annuel\/\"]}]},{\"@type\":\"BreadcrumbList\",\"@id\":\"https:\/\/www.ffr-frv.ch\/de\/section-lac\/activites\/programme-annuel\/#breadcrumb\",\"itemListElement\":[{\"@type\":\"ListItem\",\"position\":1,\"name\":\"Titelseite\",\"item\":\"https:\/\/www.ffr-frv.ch\/de\/\"},{\"@type\":\"ListItem\",\"position\":2,\"name\":\"Section Lac\",\"item\":\"https:\/\/www.ffr-frv.ch\/de\/section-lac\/\"},{\"@type\":\"ListItem\",\"position\":3,\"name\":\"Activit\u00e9s\",\"item\":\"https:\/\/www.ffr-frv.ch\/de\/section-lac\/activites\/\"},{\"@type\":\"ListItem\",\"position\":4,\"name\":\"Programme annuel\"}]},{\"@type\":\"WebSite\",\"@id\":\"https:\/\/www.ffr-frv.ch\/de\/#website\",\"url\":\"https:\/\/www.ffr-frv.ch\/de\/\",\"name\":\"Bienvenue sur le site de la FFR-FRV\",\"description\":\"\",\"potentialAction\":[{\"@type\":\"SearchAction\",\"target\":{\"@type\":\"EntryPoint\",\"urlTemplate\":\"https:\/\/www.ffr-frv.ch\/de\/?s={search_term_string}\"},\"query-input\":{\"@type\":\"PropertyValueSpecification\",\"valueRequired\":true,\"valueName\":\"search_term_string\"}}],\"inLanguage\":\"de\"}]}<\/script>\n<!-- \/ Yoast SEO plugin. -->","yoast_head_json":{"title":"Programme annuel | Bienvenue sur le site de la FFR-FRV","robots":{"index":"index","follow":"follow","max-snippet":"max-snippet:-1","max-image-preview":"max-image-preview:large","max-video-preview":"max-video-preview:-1"},"canonical":"https:\/\/www.ffr-frv.ch\/de\/section-lac\/activites\/programme-annuel\/","og_locale":"de_DE","og_type":"article","og_title":"Programme annuel | Bienvenue sur le site de la FFR-FRV","og_description":"[vc_row][vc_column][vc_column_text] Programme annuel Cliquer ici pour t\u00e9l\u00e9charger [\/vc_column_text][\/vc_column][\/vc_row]","og_url":"https:\/\/www.ffr-frv.ch\/de\/section-lac\/activites\/programme-annuel\/","og_site_name":"Bienvenue sur le site de la FFR-FRV","article_modified_time":"2025-02-27T21:18:28+00:00","twitter_card":"summary_large_image","twitter_misc":{"Gesch\u00e4tzte Lesezeit":"1\u00a0Minute"},"schema":{"@context":"https:\/\/schema.org","@graph":[{"@type":"WebPage","@id":"https:\/\/www.ffr-frv.ch\/de\/section-lac\/activites\/programme-annuel\/","url":"https:\/\/www.ffr-frv.ch\/de\/section-lac\/activites\/programme-annuel\/","name":"Programme annuel | Bienvenue sur le site de la FFR-FRV","isPartOf":{"@id":"https:\/\/www.ffr-frv.ch\/de\/#website"},"datePublished":"2020-02-13T16:02:54+00:00","dateModified":"2025-02-27T21:18:28+00:00","breadcrumb":{"@id":"https:\/\/www.ffr-frv.ch\/de\/section-lac\/activites\/programme-annuel\/#breadcrumb"},"inLanguage":"de","potentialAction":[{"@type":"ReadAction","target":["https:\/\/www.ffr-frv.ch\/de\/section-lac\/activites\/programme-annuel\/"]}]},{"@type":"BreadcrumbList","@id":"https:\/\/www.ffr-frv.ch\/de\/section-lac\/activites\/programme-annuel\/#breadcrumb","itemListElement":[{"@type":"ListItem","position":1,"name":"Titelseite","item":"https:\/\/www.ffr-frv.ch\/de\/"},{"@type":"ListItem","position":2,"name":"Section Lac","item":"https:\/\/www.ffr-frv.ch\/de\/section-lac\/"},{"@type":"ListItem","position":3,"name":"Activit\u00e9s","item":"https:\/\/www.ffr-frv.ch\/de\/section-lac\/activites\/"},{"@type":"ListItem","position":4,"name":"Programme annuel"}]},{"@type":"WebSite","@id":"https:\/\/www.ffr-frv.ch\/de\/#website","url":"https:\/\/www.ffr-frv.ch\/de\/","name":"Bienvenue sur le site de la FFR-FRV","description":"","potentialAction":[{"@type":"SearchAction","target":{"@type":"EntryPoint","urlTemplate":"https:\/\/www.ffr-frv.ch\/de\/?s={search_term_string}"},"query-input":{"@type":"PropertyValueSpecification","valueRequired":true,"valueName":"search_term_string"}}],"inLanguage":"de"}]}},"_links":{"self":[{"href":"https:\/\/www.ffr-frv.ch\/de\/wp-json\/wp\/v2\/pages\/1370","targetHints":{"allow":["GET"]}}],"collection":[{"href":"https:\/\/www.ffr-frv.ch\/de\/wp-json\/wp\/v2\/pages"}],"about":[{"href":"https:\/\/www.ffr-frv.ch\/de\/wp-json\/wp\/v2\/types\/page"}],"author":[{"embeddable":true,"href":"https:\/\/www.ffr-frv.ch\/de\/wp-json\/wp\/v2\/users\/1"}],"replies":[{"embeddable":true,"href":"https:\/\/www.ffr-frv.ch\/de\/wp-json\/wp\/v2\/comments?post=1370"}],"version-history":[{"count":6,"href":"https:\/\/www.ffr-frv.ch\/de\/wp-json\/wp\/v2\/pages\/1370\/revisions"}],"predecessor-version":[{"id":15268,"href":"https:\/\/www.ffr-frv.ch\/de\/wp-json\/wp\/v2\/pages\/1370\/revisions\/15268"}],"up":[{"embeddable":true,"href":"https:\/\/www.ffr-frv.ch\/de\/wp-json\/wp\/v2\/pages\/1365"}],"wp:attachment":[{"href":"https:\/\/www.ffr-frv.ch\/de\/wp-json\/wp\/v2\/media?parent=1370"}],"wp:term":[{"taxonomy":"folder","embeddable":true,"href":"https:\/\/www.ffr-frv.ch\/de\/wp-json\/wp\/v2\/folder?post=1370"}],"curies":[{"name":"wp","href":"https:\/\/api.w.org\/{rel}","templated":true}]}}