{"id":1344,"date":"2020-02-13T15:04:13","date_gmt":"2020-02-13T15:04:13","guid":{"rendered":"http:\/\/www.ffr-frv.ch\/section-glane\/activites\/programme-annuel\/"},"modified":"2020-03-05T14:07:03","modified_gmt":"2020-03-05T14:07:03","slug":"programme-annuel","status":"publish","type":"page","link":"https:\/\/www.ffr-frv.ch\/de\/section-glane\/activites\/programme-annuel\/","title":{"rendered":"Programme annuel"},"content":{"rendered":"<section class=\"wpb-content-wrapper\"><p>[vc_row][vc_column][vc_column_text]<\/p>\n<h2>Programme annuel<\/h2>\n<p>[\/vc_column_text]<div class='agendas noborder '><div class='agenda row notall' id='aprs-midi-de-jass-inter-districts-glne-8211-gruyre-19467'><div class='col-lg-12'><div class='agendas-details-page'><span class='date'>20.05.2026 - 13h30<\/span><span class='lieu'>Restaurant La Couronne \u00e0 S\u00e2les<\/span><br \/><span class='title'>Apr\u00e8s-midi de jass inter-districts Gl\u00e2ne &#8211; Gruy\u00e8re<\/span><\/div><\/div><\/div><div class='agenda row notall' id='visite-du-fort-saint-antoine-cathdrale-du-comt-19468'><div class='col-lg-12'><div class='agendas-details-page'><span class='date'>26.05.2026 - 07h30<\/span><span class='lieu'>Fort Saint-Antoine & Malbuisson\t<\/span><br \/><span class='title'>Visite du Fort Saint-Antoine, cath\u00e9drale du Comt\u00e9<\/span><\/div><\/div><\/div><div class='agenda row notall' id='visite-du-fort-saint-antoine-cathdrale-du-comt-19470'><div class='col-lg-12'><div class='agendas-details-page'><span class='date'>29.05.2026 - 07h30<\/span><span class='lieu'>Fort Saint-Antoine & Malbuisson<\/span><br \/><span class='title'>Visite du Fort Saint-Antoine, cath\u00e9drale du Comt\u00e9<\/span><\/div><\/div><\/div><div class='agenda row notall' id='ptanque-tous-les-mardis-aprs-midi-de-juin-septembre-19469'><div class='col-lg-12'><div class='agendas-details-page'><span class='date'>02.06.2026 - 13h45<\/span><span class='lieu'>Boulodrome de Billens, pr\u00e8s du terrain de foot<\/span><br \/><span class='title'>P\u00e9tanque, tous les mardis, apr\u00e8s-midi, de juin \u00e0 septembre<\/span><\/div><\/div><\/div><div class='agenda row notall' id='loto-des-retraits-19471'><div class='col-lg-12'><div class='agendas-details-page'><span class='date'>03.06.2026 - 20h00<\/span><span class='lieu'>Salle communale de Middes<\/span><br \/><span class='title'>Loto des retrait\u00e9s<\/span><\/div><\/div><\/div><div class='agenda row notall' id='visite-du-fort-saint-antoine-cathdrale-du-comt-19472'><div class='col-lg-12'><div class='agendas-details-page'><span class='date'>09.06.2026 - 08h30<\/span><span class='lieu'>Fort Saint-Antoine & Malbuisson<\/span><br \/><span class='title'>Visite du Fort Saint-Antoine, cath\u00e9drale du Comt\u00e9<\/span><\/div><\/div><\/div><div class='agenda row notall' id='visite-du-fort-saint-antoine-cathdrale-du-comt-19473'><div class='col-lg-12'><div class='agendas-details-page'><span class='date'>12.06.2026 - 07h30<\/span><span class='lieu'>Fort Saint-Antoine & Malbuisson\t<\/span><br \/><span class='title'>Visite du Fort Saint-Antoine, cath\u00e9drale du Comt\u00e9<\/span><\/div><\/div><\/div><div class='agenda row notall' id='tournoi-de-cartes-ptanque-glne-8211-gruyre-19474'><div class='col-lg-12'><div class='agendas-details-page'><span class='date'>17.06.2026 - 08h30<\/span><span class='lieu'>Buvette du foot de Vuisternens-dt-Romont <\/span><br \/><span class='title'>Tournoi de cartes \/ p\u00e9tanque Gl\u00e2ne &#8211; Gruy\u00e8re.<\/span><\/div><\/div><\/div><div class='agenda row notall' id='sortie-pique-nique-et-dtente-19475'><div class='col-lg-12'><div class='agendas-details-page'><span class='date'>08.07.2026 - 11h00<\/span><span class='lieu'>Buvette, terrain de foot de Vuisternens-dt-Romont<\/span><br \/><span class='title'>Sortie pique-nique et d\u00e9tente<\/span><\/div><\/div><\/div><div class='agenda row notall' id='sortie-pique-nique-et-dtente-19476'><div class='col-lg-12'><div class='agendas-details-page'><span class='date'>04.08.2026 - 11h00<\/span><span class='lieu'>Buvette, terrain de foot de Vuisternens-dt-Romont<\/span><br \/><span class='title'>Sortie pique-nique et d\u00e9tente<\/span><\/div><\/div><\/div><div class='agenda row notall' id='sortie-pique-nique-et-dtente-19477'><div class='col-lg-12'><div class='agendas-details-page'><span class='date'>26.08.2026 - 11h00<\/span><span class='lieu'>Buvette, terrain de foot de Vuisternens-dt-Romont<\/span><br \/><span class='title'>Sortie pique-nique et d\u00e9tente<\/span><\/div><\/div><\/div><div class='agenda row notall' id='journe-de-jass-inter-districts-glne-8211-gruyre-19478'><div class='col-lg-12'><div class='agendas-details-page'><span class='date'>07.10.2026 - 09h00<\/span><span class='lieu'>Restaurant St-Jacques \u00e0 Vuisternens-dt-Romont<\/span><br \/><span class='title'>Journ\u00e9e de jass inter-districts Gl\u00e2ne &#8211; Gruy\u00e8re<\/span><\/div><\/div><\/div><div class='agenda row notall' id='aprs-midi-de-jass-inter-districts-glne-8211-gruyre-19481'><div class='col-lg-12'><div class='agendas-details-page'><span class='date'>11.11.2026 - 13h30<\/span><span class='lieu'>Restaurant St-Jacques \u00e0 Vuisternens-dt-Romont<\/span><br \/><span class='title'>Apr\u00e8s-midi de jass inter-districts Gl\u00e2ne &#8211; Gruy\u00e8re<\/span><\/div><\/div><\/div><\/div>[\/vc_column][\/vc_row]<\/p>\n<\/section>","protected":false},"excerpt":{"rendered":"<p>[vc_row][vc_column][vc_column_text] Programme annuel [\/vc_column_text][\/vc_column][\/vc_row]<\/p>\n","protected":false},"author":1,"featured_media":0,"parent":1340,"menu_order":0,"comment_status":"closed","ping_status":"closed","template":"template-with-menu.php","meta":{"_acf_changed":false,"footnotes":""},"folder":[29],"class_list":["post-1344","page","type-page","status-publish","hentry"],"acf":[],"yoast_head":"<!-- This site is optimized with the Yoast SEO plugin v27.1.1 - https:\/\/yoast.com\/product\/yoast-seo-wordpress\/ -->\n<title>Programme annuel | Bienvenue sur le site de la FFR-FRV<\/title>\n<meta name=\"robots\" content=\"index, follow, max-snippet:-1, max-image-preview:large, max-video-preview:-1\" \/>\n<link rel=\"canonical\" href=\"https:\/\/www.ffr-frv.ch\/de\/section-glane\/activites\/programme-annuel\/\" \/>\n<meta property=\"og:locale\" content=\"de_DE\" \/>\n<meta property=\"og:type\" content=\"article\" \/>\n<meta property=\"og:title\" content=\"Programme annuel | Bienvenue sur le site de la FFR-FRV\" \/>\n<meta property=\"og:description\" content=\"[vc_row][vc_column][vc_column_text] Programme annuel [\/vc_column_text][\/vc_column][\/vc_row]\" \/>\n<meta property=\"og:url\" content=\"https:\/\/www.ffr-frv.ch\/de\/section-glane\/activites\/programme-annuel\/\" \/>\n<meta property=\"og:site_name\" content=\"Bienvenue sur le site de la FFR-FRV\" \/>\n<meta property=\"article:modified_time\" content=\"2020-03-05T14:07:03+00:00\" \/>\n<meta name=\"twitter:card\" content=\"summary_large_image\" \/>\n<script type=\"application\/ld+json\" class=\"yoast-schema-graph\">{\"@context\":\"https:\/\/schema.org\",\"@graph\":[{\"@type\":\"WebPage\",\"@id\":\"https:\/\/www.ffr-frv.ch\/de\/section-glane\/activites\/programme-annuel\/\",\"url\":\"https:\/\/www.ffr-frv.ch\/de\/section-glane\/activites\/programme-annuel\/\",\"name\":\"Programme annuel | Bienvenue sur le site de la FFR-FRV\",\"isPartOf\":{\"@id\":\"https:\/\/www.ffr-frv.ch\/de\/#website\"},\"datePublished\":\"2020-02-13T15:04:13+00:00\",\"dateModified\":\"2020-03-05T14:07:03+00:00\",\"breadcrumb\":{\"@id\":\"https:\/\/www.ffr-frv.ch\/de\/section-glane\/activites\/programme-annuel\/#breadcrumb\"},\"inLanguage\":\"de\",\"potentialAction\":[{\"@type\":\"ReadAction\",\"target\":[\"https:\/\/www.ffr-frv.ch\/de\/section-glane\/activites\/programme-annuel\/\"]}]},{\"@type\":\"BreadcrumbList\",\"@id\":\"https:\/\/www.ffr-frv.ch\/de\/section-glane\/activites\/programme-annuel\/#breadcrumb\",\"itemListElement\":[{\"@type\":\"ListItem\",\"position\":1,\"name\":\"Titelseite\",\"item\":\"https:\/\/www.ffr-frv.ch\/de\/\"},{\"@type\":\"ListItem\",\"position\":2,\"name\":\"Section Gl\u00e2ne\",\"item\":\"https:\/\/www.ffr-frv.ch\/de\/section-glane\/\"},{\"@type\":\"ListItem\",\"position\":3,\"name\":\"Activit\u00e9s\",\"item\":\"https:\/\/www.ffr-frv.ch\/de\/section-glane\/activites\/\"},{\"@type\":\"ListItem\",\"position\":4,\"name\":\"Programme annuel\"}]},{\"@type\":\"WebSite\",\"@id\":\"https:\/\/www.ffr-frv.ch\/de\/#website\",\"url\":\"https:\/\/www.ffr-frv.ch\/de\/\",\"name\":\"Bienvenue sur le site de la FFR-FRV\",\"description\":\"\",\"potentialAction\":[{\"@type\":\"SearchAction\",\"target\":{\"@type\":\"EntryPoint\",\"urlTemplate\":\"https:\/\/www.ffr-frv.ch\/de\/?s={search_term_string}\"},\"query-input\":{\"@type\":\"PropertyValueSpecification\",\"valueRequired\":true,\"valueName\":\"search_term_string\"}}],\"inLanguage\":\"de\"}]}<\/script>\n<!-- \/ Yoast SEO plugin. -->","yoast_head_json":{"title":"Programme annuel | Bienvenue sur le site de la FFR-FRV","robots":{"index":"index","follow":"follow","max-snippet":"max-snippet:-1","max-image-preview":"max-image-preview:large","max-video-preview":"max-video-preview:-1"},"canonical":"https:\/\/www.ffr-frv.ch\/de\/section-glane\/activites\/programme-annuel\/","og_locale":"de_DE","og_type":"article","og_title":"Programme annuel | Bienvenue sur le site de la FFR-FRV","og_description":"[vc_row][vc_column][vc_column_text] Programme annuel [\/vc_column_text][\/vc_column][\/vc_row]","og_url":"https:\/\/www.ffr-frv.ch\/de\/section-glane\/activites\/programme-annuel\/","og_site_name":"Bienvenue sur le site de la FFR-FRV","article_modified_time":"2020-03-05T14:07:03+00:00","twitter_card":"summary_large_image","schema":{"@context":"https:\/\/schema.org","@graph":[{"@type":"WebPage","@id":"https:\/\/www.ffr-frv.ch\/de\/section-glane\/activites\/programme-annuel\/","url":"https:\/\/www.ffr-frv.ch\/de\/section-glane\/activites\/programme-annuel\/","name":"Programme annuel | Bienvenue sur le site de la FFR-FRV","isPartOf":{"@id":"https:\/\/www.ffr-frv.ch\/de\/#website"},"datePublished":"2020-02-13T15:04:13+00:00","dateModified":"2020-03-05T14:07:03+00:00","breadcrumb":{"@id":"https:\/\/www.ffr-frv.ch\/de\/section-glane\/activites\/programme-annuel\/#breadcrumb"},"inLanguage":"de","potentialAction":[{"@type":"ReadAction","target":["https:\/\/www.ffr-frv.ch\/de\/section-glane\/activites\/programme-annuel\/"]}]},{"@type":"BreadcrumbList","@id":"https:\/\/www.ffr-frv.ch\/de\/section-glane\/activites\/programme-annuel\/#breadcrumb","itemListElement":[{"@type":"ListItem","position":1,"name":"Titelseite","item":"https:\/\/www.ffr-frv.ch\/de\/"},{"@type":"ListItem","position":2,"name":"Section Gl\u00e2ne","item":"https:\/\/www.ffr-frv.ch\/de\/section-glane\/"},{"@type":"ListItem","position":3,"name":"Activit\u00e9s","item":"https:\/\/www.ffr-frv.ch\/de\/section-glane\/activites\/"},{"@type":"ListItem","position":4,"name":"Programme annuel"}]},{"@type":"WebSite","@id":"https:\/\/www.ffr-frv.ch\/de\/#website","url":"https:\/\/www.ffr-frv.ch\/de\/","name":"Bienvenue sur le site de la FFR-FRV","description":"","potentialAction":[{"@type":"SearchAction","target":{"@type":"EntryPoint","urlTemplate":"https:\/\/www.ffr-frv.ch\/de\/?s={search_term_string}"},"query-input":{"@type":"PropertyValueSpecification","valueRequired":true,"valueName":"search_term_string"}}],"inLanguage":"de"}]}},"_links":{"self":[{"href":"https:\/\/www.ffr-frv.ch\/de\/wp-json\/wp\/v2\/pages\/1344","targetHints":{"allow":["GET"]}}],"collection":[{"href":"https:\/\/www.ffr-frv.ch\/de\/wp-json\/wp\/v2\/pages"}],"about":[{"href":"https:\/\/www.ffr-frv.ch\/de\/wp-json\/wp\/v2\/types\/page"}],"author":[{"embeddable":true,"href":"https:\/\/www.ffr-frv.ch\/de\/wp-json\/wp\/v2\/users\/1"}],"replies":[{"embeddable":true,"href":"https:\/\/www.ffr-frv.ch\/de\/wp-json\/wp\/v2\/comments?post=1344"}],"version-history":[{"count":1,"href":"https:\/\/www.ffr-frv.ch\/de\/wp-json\/wp\/v2\/pages\/1344\/revisions"}],"predecessor-version":[{"id":1345,"href":"https:\/\/www.ffr-frv.ch\/de\/wp-json\/wp\/v2\/pages\/1344\/revisions\/1345"}],"up":[{"embeddable":true,"href":"https:\/\/www.ffr-frv.ch\/de\/wp-json\/wp\/v2\/pages\/1340"}],"wp:attachment":[{"href":"https:\/\/www.ffr-frv.ch\/de\/wp-json\/wp\/v2\/media?parent=1344"}],"wp:term":[{"taxonomy":"folder","embeddable":true,"href":"https:\/\/www.ffr-frv.ch\/de\/wp-json\/wp\/v2\/folder?post=1344"}],"curies":[{"name":"wp","href":"https:\/\/api.w.org\/{rel}","templated":true}]}}