{"id":1227,"date":"2020-02-14T08:02:11","date_gmt":"2020-02-14T08:02:11","guid":{"rendered":"http:\/\/www.ffr-frv.ch\/sektion-sense\/aktivitaten\/generalversammlungen\/"},"modified":"2026-04-16T10:56:12","modified_gmt":"2026-04-16T08:56:12","slug":"generalversammlungen","status":"publish","type":"page","link":"https:\/\/www.ffr-frv.ch\/de\/sektion-sense\/aktivitaten\/generalversammlungen\/","title":{"rendered":"Generalversammlungen"},"content":{"rendered":"<p><span style=\"color: #ff0000;\"><strong>Generalversammlung vom 19. Februar 2026 im Gasthof zum Roten Kreuz in Giffers<br \/>\n<\/strong><\/span><\/p>\n<p><strong><u>Hohe Beteiligung an der GV der Rentnervereinigung des Sensebezirks (FN Tribune vom 4. M\u00e4rz 2026 Rudolf Vonlanthen)<\/u><\/strong><\/p>\n<p>149 Rentnerinnen und Rentner folgten letzten Donnerstag der Einladung. Somit war der Saal des Gasthofs zum Roten Kreuz in Giffers bis auf den letzten Platz besetzt. In seinem Jahresbericht kam der Pr\u00e4sident Heinz Wyler auf die vielen Ereignisse vom vergangenen Jahr zu sprechen. \u00a0Dabei erw\u00e4hnte er besonders die gutbesuchten Burgb\u00fchltage mit den mannigfaltigen Themen. So die Vollmachten, die im Alter zu treffen sind, \u00fcber die Gefahren, welche die Natur mit sich bringt, oder die Veranstaltung zum im Aufbau befindlichen Gesundheitsnetz Sense. Da Burgb\u00fchl die Tore schliesst m\u00fcssen wir uns nach einem anderen Raum Umschau halten.\u00a0 \u00a0Wir bedauern, dass die Verantwortlichen es so weit kommen liessen. Weiter waren wir an der Seislerm\u00e4ss sehr pr\u00e4sent. Gemeinsam mit der Pro Senectute f\u00fchrten wir einen vielbeachtenden Stand, der uns \u00fcber 100 Neumitglieder brachte. Die beliebten Tanznachmittage mit der Comebackband sorgen jeweils f\u00fcr gute Stimmung. Die P\u00e9tanque Spielnachmittage finden ebenfalls immer gr\u00f6sseren Anklang. Als neue sportliche Bet\u00e4tigung wurde der Gehfussball eingef\u00fchrt.\u00a0Der umsichtige Pr\u00e4sident Heinz Wyler, sowie der ganze Vorstand, mit Ausnahme von Albert Noth stellen sich wiederum zur Verf\u00fcgung. Sie wurden mit Dank und grossem Applaus best\u00e4tigt. F\u00fcr sein Wirken wurde Albert Noth ein Geschenk \u00fcberreicht. Ren\u00e9 Thomet, Pr\u00e4sident der Kantonalen Rentnervereinigung ist beeindruckt von der grossen Aktivit\u00e4t der Sektion Sense. Syndic Othmar Neuhaus \u00fcberbringt die Gr\u00fcsse des Gemeinderats und der ganzen Bev\u00f6lkerung von Giffers. In launigen, humorvollen Worten stellt er stolz \u00abseine\u00bb Gemeinde vor. Der Nachmittag klingt mit einem schmackhaften und freundlich servierten Imbiss aus. Er wird begleitet von musikalischen Einlagen, dargeboten vom Seniorenchor Senseoberland. \u00a0Die vielen bekannten Lieder und Melodien sorgten f\u00fcr eine gute und lockere Stimmung, sodass nach einigen Stunden alle gl\u00fccklich und zufrieden nach Hause zur\u00fcckkehren konnten.<\/p>\n<p><img loading=\"lazy\" decoding=\"async\" class=\"\" src=\"https:\/\/www.ffr-frv.ch\/wp-content\/uploads\/2026\/04\/0005_RVS-GV2026.jpg\" width=\"406\" height=\"304\" \/><\/p>\n<p><a href=\"https:\/\/www.ffr-frv.ch\/wp-content\/uploads\/2026\/04\/2026.02.19-Protokoll-GV-RVS-Rotes-Kreuz-Giffers.pdf\">Protokoll der Generalversammlung vom 19. Februar 2026 in Giffers<\/a><\/p>\n","protected":false},"excerpt":{"rendered":"<p>Generalversammlung vom 19. Februar 2026 im Gasthof zum Roten Kreuz in Giffers Hohe Beteiligung an der GV der Rentnervereinigung des Sensebezirks (FN Tribune vom 4. M\u00e4rz 2026 Rudolf Vonlanthen) 149 Rentnerinnen und Rentner folgten letzten Donnerstag der Einladung. Somit war der Saal des Gasthofs zum Roten Kreuz in Giffers bis auf den letzten Platz besetzt. [&hellip;]<\/p>\n","protected":false},"author":1,"featured_media":0,"parent":1206,"menu_order":0,"comment_status":"closed","ping_status":"closed","template":"template-with-menu.php","meta":{"_acf_changed":false,"footnotes":""},"folder":[28],"class_list":["post-1227","page","type-page","status-publish","hentry"],"acf":[],"yoast_head":"<!-- This site is optimized with the Yoast SEO plugin v27.1.1 - https:\/\/yoast.com\/product\/yoast-seo-wordpress\/ -->\n<title>Generalversammlungen | Bienvenue sur le site de la FFR-FRV<\/title>\n<meta name=\"robots\" content=\"index, follow, max-snippet:-1, max-image-preview:large, max-video-preview:-1\" \/>\n<link rel=\"canonical\" href=\"https:\/\/www.ffr-frv.ch\/de\/sektion-sense\/aktivitaten\/generalversammlungen\/\" \/>\n<meta property=\"og:locale\" content=\"de_DE\" \/>\n<meta property=\"og:type\" content=\"article\" \/>\n<meta property=\"og:title\" content=\"Generalversammlungen | Bienvenue sur le site de la FFR-FRV\" \/>\n<meta property=\"og:description\" content=\"Generalversammlung vom 19. Februar 2026 im Gasthof zum Roten Kreuz in Giffers Hohe Beteiligung an der GV der Rentnervereinigung des Sensebezirks (FN Tribune vom 4. M\u00e4rz 2026 Rudolf Vonlanthen) 149 Rentnerinnen und Rentner folgten letzten Donnerstag der Einladung. Somit war der Saal des Gasthofs zum Roten Kreuz in Giffers bis auf den letzten Platz besetzt. [&hellip;]\" \/>\n<meta property=\"og:url\" content=\"https:\/\/www.ffr-frv.ch\/de\/sektion-sense\/aktivitaten\/generalversammlungen\/\" \/>\n<meta property=\"og:site_name\" content=\"Bienvenue sur le site de la FFR-FRV\" \/>\n<meta property=\"article:modified_time\" content=\"2026-04-16T08:56:12+00:00\" \/>\n<meta property=\"og:image\" content=\"https:\/\/www.ffr-frv.ch\/wp-content\/uploads\/2026\/04\/0005_RVS-GV2026.jpg\" \/>\n<meta name=\"twitter:card\" content=\"summary_large_image\" \/>\n<meta name=\"twitter:label1\" content=\"Gesch\u00e4tzte Lesezeit\" \/>\n\t<meta name=\"twitter:data1\" content=\"2\u00a0Minuten\" \/>\n<script type=\"application\/ld+json\" class=\"yoast-schema-graph\">{\"@context\":\"https:\/\/schema.org\",\"@graph\":[{\"@type\":\"WebPage\",\"@id\":\"https:\/\/www.ffr-frv.ch\/de\/sektion-sense\/aktivitaten\/generalversammlungen\/\",\"url\":\"https:\/\/www.ffr-frv.ch\/de\/sektion-sense\/aktivitaten\/generalversammlungen\/\",\"name\":\"Generalversammlungen | Bienvenue sur le site de la FFR-FRV\",\"isPartOf\":{\"@id\":\"https:\/\/www.ffr-frv.ch\/de\/#website\"},\"primaryImageOfPage\":{\"@id\":\"https:\/\/www.ffr-frv.ch\/de\/sektion-sense\/aktivitaten\/generalversammlungen\/#primaryimage\"},\"image\":{\"@id\":\"https:\/\/www.ffr-frv.ch\/de\/sektion-sense\/aktivitaten\/generalversammlungen\/#primaryimage\"},\"thumbnailUrl\":\"https:\/\/www.ffr-frv.ch\/wp-content\/uploads\/2026\/04\/0005_RVS-GV2026.jpg\",\"datePublished\":\"2020-02-14T08:02:11+00:00\",\"dateModified\":\"2026-04-16T08:56:12+00:00\",\"breadcrumb\":{\"@id\":\"https:\/\/www.ffr-frv.ch\/de\/sektion-sense\/aktivitaten\/generalversammlungen\/#breadcrumb\"},\"inLanguage\":\"de\",\"potentialAction\":[{\"@type\":\"ReadAction\",\"target\":[\"https:\/\/www.ffr-frv.ch\/de\/sektion-sense\/aktivitaten\/generalversammlungen\/\"]}]},{\"@type\":\"ImageObject\",\"inLanguage\":\"de\",\"@id\":\"https:\/\/www.ffr-frv.ch\/de\/sektion-sense\/aktivitaten\/generalversammlungen\/#primaryimage\",\"url\":\"https:\/\/www.ffr-frv.ch\/wp-content\/uploads\/2026\/04\/0005_RVS-GV2026.jpg\",\"contentUrl\":\"https:\/\/www.ffr-frv.ch\/wp-content\/uploads\/2026\/04\/0005_RVS-GV2026.jpg\"},{\"@type\":\"BreadcrumbList\",\"@id\":\"https:\/\/www.ffr-frv.ch\/de\/sektion-sense\/aktivitaten\/generalversammlungen\/#breadcrumb\",\"itemListElement\":[{\"@type\":\"ListItem\",\"position\":1,\"name\":\"Titelseite\",\"item\":\"https:\/\/www.ffr-frv.ch\/de\/\"},{\"@type\":\"ListItem\",\"position\":2,\"name\":\"Sektion Sense\",\"item\":\"https:\/\/www.ffr-frv.ch\/de\/sektion-sense\/\"},{\"@type\":\"ListItem\",\"position\":3,\"name\":\"Aktivit\u00e4ten\",\"item\":\"https:\/\/www.ffr-frv.ch\/de\/sektion-sense\/aktivitaten\/\"},{\"@type\":\"ListItem\",\"position\":4,\"name\":\"Generalversammlungen\"}]},{\"@type\":\"WebSite\",\"@id\":\"https:\/\/www.ffr-frv.ch\/de\/#website\",\"url\":\"https:\/\/www.ffr-frv.ch\/de\/\",\"name\":\"Bienvenue sur le site de la FFR-FRV\",\"description\":\"\",\"potentialAction\":[{\"@type\":\"SearchAction\",\"target\":{\"@type\":\"EntryPoint\",\"urlTemplate\":\"https:\/\/www.ffr-frv.ch\/de\/?s={search_term_string}\"},\"query-input\":{\"@type\":\"PropertyValueSpecification\",\"valueRequired\":true,\"valueName\":\"search_term_string\"}}],\"inLanguage\":\"de\"}]}<\/script>\n<!-- \/ Yoast SEO plugin. -->","yoast_head_json":{"title":"Generalversammlungen | Bienvenue sur le site de la FFR-FRV","robots":{"index":"index","follow":"follow","max-snippet":"max-snippet:-1","max-image-preview":"max-image-preview:large","max-video-preview":"max-video-preview:-1"},"canonical":"https:\/\/www.ffr-frv.ch\/de\/sektion-sense\/aktivitaten\/generalversammlungen\/","og_locale":"de_DE","og_type":"article","og_title":"Generalversammlungen | Bienvenue sur le site de la FFR-FRV","og_description":"Generalversammlung vom 19. Februar 2026 im Gasthof zum Roten Kreuz in Giffers Hohe Beteiligung an der GV der Rentnervereinigung des Sensebezirks (FN Tribune vom 4. M\u00e4rz 2026 Rudolf Vonlanthen) 149 Rentnerinnen und Rentner folgten letzten Donnerstag der Einladung. Somit war der Saal des Gasthofs zum Roten Kreuz in Giffers bis auf den letzten Platz besetzt. [&hellip;]","og_url":"https:\/\/www.ffr-frv.ch\/de\/sektion-sense\/aktivitaten\/generalversammlungen\/","og_site_name":"Bienvenue sur le site de la FFR-FRV","article_modified_time":"2026-04-16T08:56:12+00:00","og_image":[{"url":"https:\/\/www.ffr-frv.ch\/wp-content\/uploads\/2026\/04\/0005_RVS-GV2026.jpg","type":"","width":"","height":""}],"twitter_card":"summary_large_image","twitter_misc":{"Gesch\u00e4tzte Lesezeit":"2\u00a0Minuten"},"schema":{"@context":"https:\/\/schema.org","@graph":[{"@type":"WebPage","@id":"https:\/\/www.ffr-frv.ch\/de\/sektion-sense\/aktivitaten\/generalversammlungen\/","url":"https:\/\/www.ffr-frv.ch\/de\/sektion-sense\/aktivitaten\/generalversammlungen\/","name":"Generalversammlungen | Bienvenue sur le site de la FFR-FRV","isPartOf":{"@id":"https:\/\/www.ffr-frv.ch\/de\/#website"},"primaryImageOfPage":{"@id":"https:\/\/www.ffr-frv.ch\/de\/sektion-sense\/aktivitaten\/generalversammlungen\/#primaryimage"},"image":{"@id":"https:\/\/www.ffr-frv.ch\/de\/sektion-sense\/aktivitaten\/generalversammlungen\/#primaryimage"},"thumbnailUrl":"https:\/\/www.ffr-frv.ch\/wp-content\/uploads\/2026\/04\/0005_RVS-GV2026.jpg","datePublished":"2020-02-14T08:02:11+00:00","dateModified":"2026-04-16T08:56:12+00:00","breadcrumb":{"@id":"https:\/\/www.ffr-frv.ch\/de\/sektion-sense\/aktivitaten\/generalversammlungen\/#breadcrumb"},"inLanguage":"de","potentialAction":[{"@type":"ReadAction","target":["https:\/\/www.ffr-frv.ch\/de\/sektion-sense\/aktivitaten\/generalversammlungen\/"]}]},{"@type":"ImageObject","inLanguage":"de","@id":"https:\/\/www.ffr-frv.ch\/de\/sektion-sense\/aktivitaten\/generalversammlungen\/#primaryimage","url":"https:\/\/www.ffr-frv.ch\/wp-content\/uploads\/2026\/04\/0005_RVS-GV2026.jpg","contentUrl":"https:\/\/www.ffr-frv.ch\/wp-content\/uploads\/2026\/04\/0005_RVS-GV2026.jpg"},{"@type":"BreadcrumbList","@id":"https:\/\/www.ffr-frv.ch\/de\/sektion-sense\/aktivitaten\/generalversammlungen\/#breadcrumb","itemListElement":[{"@type":"ListItem","position":1,"name":"Titelseite","item":"https:\/\/www.ffr-frv.ch\/de\/"},{"@type":"ListItem","position":2,"name":"Sektion Sense","item":"https:\/\/www.ffr-frv.ch\/de\/sektion-sense\/"},{"@type":"ListItem","position":3,"name":"Aktivit\u00e4ten","item":"https:\/\/www.ffr-frv.ch\/de\/sektion-sense\/aktivitaten\/"},{"@type":"ListItem","position":4,"name":"Generalversammlungen"}]},{"@type":"WebSite","@id":"https:\/\/www.ffr-frv.ch\/de\/#website","url":"https:\/\/www.ffr-frv.ch\/de\/","name":"Bienvenue sur le site de la FFR-FRV","description":"","potentialAction":[{"@type":"SearchAction","target":{"@type":"EntryPoint","urlTemplate":"https:\/\/www.ffr-frv.ch\/de\/?s={search_term_string}"},"query-input":{"@type":"PropertyValueSpecification","valueRequired":true,"valueName":"search_term_string"}}],"inLanguage":"de"}]}},"_links":{"self":[{"href":"https:\/\/www.ffr-frv.ch\/de\/wp-json\/wp\/v2\/pages\/1227","targetHints":{"allow":["GET"]}}],"collection":[{"href":"https:\/\/www.ffr-frv.ch\/de\/wp-json\/wp\/v2\/pages"}],"about":[{"href":"https:\/\/www.ffr-frv.ch\/de\/wp-json\/wp\/v2\/types\/page"}],"author":[{"embeddable":true,"href":"https:\/\/www.ffr-frv.ch\/de\/wp-json\/wp\/v2\/users\/1"}],"replies":[{"embeddable":true,"href":"https:\/\/www.ffr-frv.ch\/de\/wp-json\/wp\/v2\/comments?post=1227"}],"version-history":[{"count":43,"href":"https:\/\/www.ffr-frv.ch\/de\/wp-json\/wp\/v2\/pages\/1227\/revisions"}],"predecessor-version":[{"id":19454,"href":"https:\/\/www.ffr-frv.ch\/de\/wp-json\/wp\/v2\/pages\/1227\/revisions\/19454"}],"up":[{"embeddable":true,"href":"https:\/\/www.ffr-frv.ch\/de\/wp-json\/wp\/v2\/pages\/1206"}],"wp:attachment":[{"href":"https:\/\/www.ffr-frv.ch\/de\/wp-json\/wp\/v2\/media?parent=1227"}],"wp:term":[{"taxonomy":"folder","embeddable":true,"href":"https:\/\/www.ffr-frv.ch\/de\/wp-json\/wp\/v2\/folder?post=1227"}],"curies":[{"name":"wp","href":"https:\/\/api.w.org\/{rel}","templated":true}]}}