{"id":1185,"date":"2020-02-14T07:57:15","date_gmt":"2020-02-14T07:57:15","guid":{"rendered":"http:\/\/www.ffr-frv.ch\/wer-sind-wir\/"},"modified":"2024-01-17T14:43:50","modified_gmt":"2024-01-17T12:43:50","slug":"wer-sind-wir","status":"publish","type":"page","link":"https:\/\/www.ffr-frv.ch\/de\/sektion-sense\/die-vereinigung\/wer-sind-wir\/","title":{"rendered":"Wer sind wir"},"content":{"rendered":"<section class=\"wpb-content-wrapper\"><p>[vc_row][vc_column][vc_column_text]<\/p>\n<h2>Wer sind wir<\/h2>\n<p>Unter dem Namen Rentnervereinigung des Sensebezirks wurde 1991 eine Vereinigung nach Art. 60ff ZGB gegr\u00fcndet. Die Vereinigung z\u00e4hlt heute rund 1200 Mitglieder.<\/p>\n<p><strong>Mit ihr k\u00f6nnen Sie:<\/strong><\/p>\n<p><strong>Gemeinsam sich weiterbilden:<\/strong><\/p>\n<ul>\n<li>Informationen und Diskussionen zu aktuellen Themen an den Burgb\u00fchltagungen<\/li>\n<\/ul>\n<p><strong>Gemeinsam reisen:<\/strong><\/p>\n<ul>\n<li>Tagesausflug innerhalb der Schweiz<\/li>\n<li>Mehrt\u00e4gige Auslandreise<\/li>\n<\/ul>\n<p><strong>Gemeinsam feiern:<\/strong><\/p>\n<ul>\n<li>Das Fr\u00fchlingstreffen<\/li>\n<li>Die Jahresendfeier<\/li>\n<\/ul>\n<p><strong>Gemeinsam sich Sport treiben und Tanzen<\/strong><\/p>\n<ul>\n<li>Die Tanzanl\u00e4sse mit Orchester<\/li>\n<li>Die P\u00e9tanquenachmittage in W\u00fcnnewil<\/li>\n<\/ul>\n<p><strong>Im Weiteren erhalten Sie Informationen:<\/strong><\/p>\n<ul>\n<li>durch den \u201eHorizon\u201c, die Zeitschrift der freiburgischen Rentnervereinigung<\/li>\n<li>unter <a href=\"http:\/\/www.ffr-frv.ch\">ffr-frv.ch<\/a> mit Klick auf das Wappen des Sensebezirks:\n<ul>\n<li>\u00dcber die Vereinigung und ihre Aktivit\u00e4ten<\/li>\n<li>Hinweise zu Rentner relevanten Themen aus Politik, Wirtschaft und Kultur<\/li>\n<li>Links zu Hilfs- und Sozialdiensten<\/li>\n<\/ul>\n<\/li>\n<li>Agenda<\/li>\n<\/ul>\n<p>Der Jahresbeitrag betr\u00e4gt Fr. 20.&#8211;pro Person<\/p>\n<h3><strong>Ziele der Vereinigung<\/strong><\/h3>\n<ul>\n<li>Wir sind eine Vereinigung, die sich mit kulturellen, sozialen, wirtschaftlichen und gesellschaftlichen Anliegen der Rentnerinnen und Rentner befasst.<\/li>\n<li>Wir engagieren uns in regionalen und kantonalen Kommissionen, Arbeitsgruppen und Organisationen.<\/li>\n<li>Wir vertreten die Interessen der Rentnerinnen und Rentner gegen\u00fcber den Beh\u00f6rden.<\/li>\n<li>Wir f\u00f6rdern die Gemeinschaft unter den Mitgliedern.<\/li>\n<li>Wir informieren \u00fcber aktuelle Themen, die das Alter betreffen.<\/li>\n<\/ul>\n<p><strong>Unsere Vereinigung ist politisch unabh\u00e4ngig und konfessionell neutral.<\/strong>[\/vc_column_text][\/vc_column][\/vc_row]<\/p>\n<\/section>","protected":false},"excerpt":{"rendered":"<p>[vc_row][vc_column][vc_column_text] Wer sind wir Unter dem Namen Rentnervereinigung des Sensebezirks wurde 1991 eine Vereinigung nach Art. 60ff ZGB gegr\u00fcndet. Die Vereinigung z\u00e4hlt heute rund 1200 Mitglieder. Mit ihr k\u00f6nnen Sie: Gemeinsam sich weiterbilden: Informationen und Diskussionen zu aktuellen Themen an den Burgb\u00fchltagungen Gemeinsam reisen: Tagesausflug innerhalb der Schweiz Mehrt\u00e4gige Auslandreise Gemeinsam feiern: Das Fr\u00fchlingstreffen Die [&hellip;]<\/p>\n","protected":false},"author":1,"featured_media":0,"parent":1188,"menu_order":0,"comment_status":"closed","ping_status":"closed","template":"template-with-menu.php","meta":{"_acf_changed":false,"footnotes":""},"folder":[28],"class_list":["post-1185","page","type-page","status-publish","hentry"],"acf":[],"yoast_head":"<!-- This site is optimized with the Yoast SEO plugin v27.1.1 - https:\/\/yoast.com\/product\/yoast-seo-wordpress\/ -->\n<title>Wer sind wir | Bienvenue sur le site de la FFR-FRV<\/title>\n<meta name=\"robots\" content=\"index, follow, max-snippet:-1, max-image-preview:large, max-video-preview:-1\" \/>\n<link rel=\"canonical\" href=\"https:\/\/www.ffr-frv.ch\/de\/sektion-sense\/die-vereinigung\/wer-sind-wir\/\" \/>\n<meta property=\"og:locale\" content=\"de_DE\" \/>\n<meta property=\"og:type\" content=\"article\" \/>\n<meta property=\"og:title\" content=\"Wer sind wir | Bienvenue sur le site de la FFR-FRV\" \/>\n<meta property=\"og:description\" content=\"[vc_row][vc_column][vc_column_text] Wer sind wir Unter dem Namen Rentnervereinigung des Sensebezirks wurde 1991 eine Vereinigung nach Art. 60ff ZGB gegr\u00fcndet. Die Vereinigung z\u00e4hlt heute rund 1200 Mitglieder. Mit ihr k\u00f6nnen Sie: Gemeinsam sich weiterbilden: Informationen und Diskussionen zu aktuellen Themen an den Burgb\u00fchltagungen Gemeinsam reisen: Tagesausflug innerhalb der Schweiz Mehrt\u00e4gige Auslandreise Gemeinsam feiern: Das Fr\u00fchlingstreffen Die [&hellip;]\" \/>\n<meta property=\"og:url\" content=\"https:\/\/www.ffr-frv.ch\/de\/sektion-sense\/die-vereinigung\/wer-sind-wir\/\" \/>\n<meta property=\"og:site_name\" content=\"Bienvenue sur le site de la FFR-FRV\" \/>\n<meta property=\"article:modified_time\" content=\"2024-01-17T12:43:50+00:00\" \/>\n<meta name=\"twitter:card\" content=\"summary_large_image\" \/>\n<meta name=\"twitter:label1\" content=\"Gesch\u00e4tzte Lesezeit\" \/>\n\t<meta name=\"twitter:data1\" content=\"2\u00a0Minuten\" \/>\n<script type=\"application\/ld+json\" class=\"yoast-schema-graph\">{\"@context\":\"https:\/\/schema.org\",\"@graph\":[{\"@type\":\"WebPage\",\"@id\":\"https:\/\/www.ffr-frv.ch\/de\/sektion-sense\/die-vereinigung\/wer-sind-wir\/\",\"url\":\"https:\/\/www.ffr-frv.ch\/de\/sektion-sense\/die-vereinigung\/wer-sind-wir\/\",\"name\":\"Wer sind wir | Bienvenue sur le site de la FFR-FRV\",\"isPartOf\":{\"@id\":\"https:\/\/www.ffr-frv.ch\/de\/#website\"},\"datePublished\":\"2020-02-14T07:57:15+00:00\",\"dateModified\":\"2024-01-17T12:43:50+00:00\",\"breadcrumb\":{\"@id\":\"https:\/\/www.ffr-frv.ch\/de\/sektion-sense\/die-vereinigung\/wer-sind-wir\/#breadcrumb\"},\"inLanguage\":\"de\",\"potentialAction\":[{\"@type\":\"ReadAction\",\"target\":[\"https:\/\/www.ffr-frv.ch\/de\/sektion-sense\/die-vereinigung\/wer-sind-wir\/\"]}]},{\"@type\":\"BreadcrumbList\",\"@id\":\"https:\/\/www.ffr-frv.ch\/de\/sektion-sense\/die-vereinigung\/wer-sind-wir\/#breadcrumb\",\"itemListElement\":[{\"@type\":\"ListItem\",\"position\":1,\"name\":\"Titelseite\",\"item\":\"https:\/\/www.ffr-frv.ch\/de\/\"},{\"@type\":\"ListItem\",\"position\":2,\"name\":\"Sektion Sense\",\"item\":\"https:\/\/www.ffr-frv.ch\/de\/sektion-sense\/\"},{\"@type\":\"ListItem\",\"position\":3,\"name\":\"Die Vereinigung\",\"item\":\"https:\/\/www.ffr-frv.ch\/de\/sektion-sense\/die-vereinigung\/\"},{\"@type\":\"ListItem\",\"position\":4,\"name\":\"Wer sind wir\"}]},{\"@type\":\"WebSite\",\"@id\":\"https:\/\/www.ffr-frv.ch\/de\/#website\",\"url\":\"https:\/\/www.ffr-frv.ch\/de\/\",\"name\":\"Bienvenue sur le site de la FFR-FRV\",\"description\":\"\",\"potentialAction\":[{\"@type\":\"SearchAction\",\"target\":{\"@type\":\"EntryPoint\",\"urlTemplate\":\"https:\/\/www.ffr-frv.ch\/de\/?s={search_term_string}\"},\"query-input\":{\"@type\":\"PropertyValueSpecification\",\"valueRequired\":true,\"valueName\":\"search_term_string\"}}],\"inLanguage\":\"de\"}]}<\/script>\n<!-- \/ Yoast SEO plugin. -->","yoast_head_json":{"title":"Wer sind wir | Bienvenue sur le site de la FFR-FRV","robots":{"index":"index","follow":"follow","max-snippet":"max-snippet:-1","max-image-preview":"max-image-preview:large","max-video-preview":"max-video-preview:-1"},"canonical":"https:\/\/www.ffr-frv.ch\/de\/sektion-sense\/die-vereinigung\/wer-sind-wir\/","og_locale":"de_DE","og_type":"article","og_title":"Wer sind wir | Bienvenue sur le site de la FFR-FRV","og_description":"[vc_row][vc_column][vc_column_text] Wer sind wir Unter dem Namen Rentnervereinigung des Sensebezirks wurde 1991 eine Vereinigung nach Art. 60ff ZGB gegr\u00fcndet. Die Vereinigung z\u00e4hlt heute rund 1200 Mitglieder. Mit ihr k\u00f6nnen Sie: Gemeinsam sich weiterbilden: Informationen und Diskussionen zu aktuellen Themen an den Burgb\u00fchltagungen Gemeinsam reisen: Tagesausflug innerhalb der Schweiz Mehrt\u00e4gige Auslandreise Gemeinsam feiern: Das Fr\u00fchlingstreffen Die [&hellip;]","og_url":"https:\/\/www.ffr-frv.ch\/de\/sektion-sense\/die-vereinigung\/wer-sind-wir\/","og_site_name":"Bienvenue sur le site de la FFR-FRV","article_modified_time":"2024-01-17T12:43:50+00:00","twitter_card":"summary_large_image","twitter_misc":{"Gesch\u00e4tzte Lesezeit":"2\u00a0Minuten"},"schema":{"@context":"https:\/\/schema.org","@graph":[{"@type":"WebPage","@id":"https:\/\/www.ffr-frv.ch\/de\/sektion-sense\/die-vereinigung\/wer-sind-wir\/","url":"https:\/\/www.ffr-frv.ch\/de\/sektion-sense\/die-vereinigung\/wer-sind-wir\/","name":"Wer sind wir | Bienvenue sur le site de la FFR-FRV","isPartOf":{"@id":"https:\/\/www.ffr-frv.ch\/de\/#website"},"datePublished":"2020-02-14T07:57:15+00:00","dateModified":"2024-01-17T12:43:50+00:00","breadcrumb":{"@id":"https:\/\/www.ffr-frv.ch\/de\/sektion-sense\/die-vereinigung\/wer-sind-wir\/#breadcrumb"},"inLanguage":"de","potentialAction":[{"@type":"ReadAction","target":["https:\/\/www.ffr-frv.ch\/de\/sektion-sense\/die-vereinigung\/wer-sind-wir\/"]}]},{"@type":"BreadcrumbList","@id":"https:\/\/www.ffr-frv.ch\/de\/sektion-sense\/die-vereinigung\/wer-sind-wir\/#breadcrumb","itemListElement":[{"@type":"ListItem","position":1,"name":"Titelseite","item":"https:\/\/www.ffr-frv.ch\/de\/"},{"@type":"ListItem","position":2,"name":"Sektion Sense","item":"https:\/\/www.ffr-frv.ch\/de\/sektion-sense\/"},{"@type":"ListItem","position":3,"name":"Die Vereinigung","item":"https:\/\/www.ffr-frv.ch\/de\/sektion-sense\/die-vereinigung\/"},{"@type":"ListItem","position":4,"name":"Wer sind wir"}]},{"@type":"WebSite","@id":"https:\/\/www.ffr-frv.ch\/de\/#website","url":"https:\/\/www.ffr-frv.ch\/de\/","name":"Bienvenue sur le site de la FFR-FRV","description":"","potentialAction":[{"@type":"SearchAction","target":{"@type":"EntryPoint","urlTemplate":"https:\/\/www.ffr-frv.ch\/de\/?s={search_term_string}"},"query-input":{"@type":"PropertyValueSpecification","valueRequired":true,"valueName":"search_term_string"}}],"inLanguage":"de"}]}},"_links":{"self":[{"href":"https:\/\/www.ffr-frv.ch\/de\/wp-json\/wp\/v2\/pages\/1185","targetHints":{"allow":["GET"]}}],"collection":[{"href":"https:\/\/www.ffr-frv.ch\/de\/wp-json\/wp\/v2\/pages"}],"about":[{"href":"https:\/\/www.ffr-frv.ch\/de\/wp-json\/wp\/v2\/types\/page"}],"author":[{"embeddable":true,"href":"https:\/\/www.ffr-frv.ch\/de\/wp-json\/wp\/v2\/users\/1"}],"replies":[{"embeddable":true,"href":"https:\/\/www.ffr-frv.ch\/de\/wp-json\/wp\/v2\/comments?post=1185"}],"version-history":[{"count":6,"href":"https:\/\/www.ffr-frv.ch\/de\/wp-json\/wp\/v2\/pages\/1185\/revisions"}],"predecessor-version":[{"id":10898,"href":"https:\/\/www.ffr-frv.ch\/de\/wp-json\/wp\/v2\/pages\/1185\/revisions\/10898"}],"up":[{"embeddable":true,"href":"https:\/\/www.ffr-frv.ch\/de\/wp-json\/wp\/v2\/pages\/1188"}],"wp:attachment":[{"href":"https:\/\/www.ffr-frv.ch\/de\/wp-json\/wp\/v2\/media?parent=1185"}],"wp:term":[{"taxonomy":"folder","embeddable":true,"href":"https:\/\/www.ffr-frv.ch\/de\/wp-json\/wp\/v2\/folder?post=1185"}],"curies":[{"name":"wp","href":"https:\/\/api.w.org\/{rel}","templated":true}]}}