{"id":1130,"date":"2020-01-31T07:51:32","date_gmt":"2020-01-31T07:51:32","guid":{"rendered":"http:\/\/www.ffr-frv.ch\/kontakt\/devenir-membre\/"},"modified":"2023-07-23T09:55:58","modified_gmt":"2023-07-23T07:55:58","slug":"vorteile","status":"publish","type":"page","link":"https:\/\/www.ffr-frv.ch\/de\/kontakt\/mitglied-werden\/vorteile\/","title":{"rendered":"Vorteile"},"content":{"rendered":"<section class=\"wpb-content-wrapper\"><p>[vc_row][vc_column][vc_column_text]<\/p>\n<h2>Entdecken Sie die Vorteile der Mitgliedschaft!<\/h2>\n<p>Rentner und Fr\u00fchrentner, die bei Freiburgischen Rentnervereinigung (FRV) Mitglied werden m\u00f6chten, k\u00f6nnen dies auf verschiedene Weise tun:<\/p>\n<ul>\n<li>Je nach ihrem Wohnort k\u00f6nnen sie einer der 7 Bezirkssektionen beitreten<\/li>\n<li>Wenn sie Staatsangestellte waren oder bei einer angeschlossenen Gruppierung der FRV (Cardinal, Groupe E, Ilford\/Novartis, St-Paul) angestellt waren, k\u00f6nnen sie \u00fcber eine solche Berufsvereinigung eintreten.<\/li>\n<li>Es ist ausserdem m\u00f6glich, dem Mouvement des A\u00een\u00e9s (Fribourg) oder der Rentnervereinigung des Vully beizutreten, welche auch angeschlossene Gruppierungen der FRV sind.<\/li>\n<\/ul>\n<p>Da jedoch die Freiburgische Rentnervereinigung (FRV) eine Dachorganisation ist, kann man sich dort leider nicht direkt einschreiben.<\/p>\n<p>Ob Bezirkssektion oder angeschlossene Gruppierung, jede Abteilung der FRV ist eigenverantwortlich und unabh\u00e4ngig und besitzt eigene Statuten.<\/p>\n<p>Welches sind die Vorteile einer pers\u00f6nlichen Mitgliedschaft bei einer Bezirkssektion oder einer angeschlossenen Gruppierung?<\/p>\n<ul>\n<li>Jede Abteilung bietet \u00fcber das ganze Jahr Freizeitaktivit\u00e4ten an, wie zum Beispiel Wanderungen, thematische Besuche, Ausfl\u00fcge, Picknicks, Vortr\u00e4ge, unterhaltsames Beisammensein (Lottos, Jassturniere, Tanznachmittage), Konzerte, usw.<\/li>\n<li>Diese geselligen Zusammenk\u00fcnfte und Aktivit\u00e4ten helfen mit, zwischenmenschliche Beziehungen zu pflegen und auszudehnen.<\/li>\n<li>Auf Wunsch bekommen die Mitglieder halbj\u00e4hrlich die Zeitschrift <em>Horizon<\/em> zugestellt, welche speziell auf ihre Bed\u00fcrfnisse zugeschnitten ist.<\/li>\n<li>Durch die Mitgliedschaft bei einer Sektion oder einer angeschlossenen Gruppierung unterst\u00fctzt jede Person &#8211; mittels des Jahresbeitrags &#8211; die Aktivit\u00e4t der FRV. Diese vertritt die Interessen der Senioren auf der Ebene des Kantons und des Bundes. Der Beitritt beinhaltet also auch einen solidarischen Aspekt und erlaubt jedem Mitglied, seiner Stimme pers\u00f6nlich Geltung zu verschaffen und seine Vorschl\u00e4ge weiterzutragen.<\/li>\n<li>Je nach Sektion bel\u00e4uft sich der Jahresbeitrag auf 15.- bis 25.- Fr.<\/li>\n<\/ul>\n<p>&nbsp;<\/p>\n<p><a class=\"button\" href=\"https:\/\/docs.google.com\/forms\/d\/1ZVZdmr5djb7lp8C05qCHqnIYUR-xw3srmYLCz5iCN4A\/viewform?pli=1&amp;edit_requested=true\" target=\"_blank\" rel=\"noopener noreferrer\">Anmeldung<\/a>[\/vc_column_text][\/vc_column][\/vc_row]<\/p>\n<\/section>","protected":false},"excerpt":{"rendered":"<p>[vc_row][vc_column][vc_column_text] Entdecken Sie die Vorteile der Mitgliedschaft! Rentner und Fr\u00fchrentner, die bei Freiburgischen Rentnervereinigung (FRV) Mitglied werden m\u00f6chten, k\u00f6nnen dies auf verschiedene Weise tun: Je nach ihrem Wohnort k\u00f6nnen sie einer der 7 Bezirkssektionen beitreten Wenn sie Staatsangestellte waren oder bei einer angeschlossenen Gruppierung der FRV (Cardinal, Groupe E, Ilford\/Novartis, St-Paul) angestellt waren, k\u00f6nnen sie [&hellip;]<\/p>\n","protected":false},"author":1,"featured_media":0,"parent":3376,"menu_order":0,"comment_status":"closed","ping_status":"closed","template":"template-with-menu.php","meta":{"_acf_changed":false,"footnotes":""},"folder":[34],"class_list":["post-1130","page","type-page","status-publish","hentry"],"acf":[],"yoast_head":"<!-- This site is optimized with the Yoast SEO plugin v27.1.1 - https:\/\/yoast.com\/product\/yoast-seo-wordpress\/ -->\n<title>Vorteile | Bienvenue sur le site de la FFR-FRV<\/title>\n<meta name=\"robots\" content=\"index, follow, max-snippet:-1, max-image-preview:large, max-video-preview:-1\" \/>\n<link rel=\"canonical\" href=\"https:\/\/www.ffr-frv.ch\/de\/kontakt\/mitglied-werden\/vorteile\/\" \/>\n<meta property=\"og:locale\" content=\"de_DE\" \/>\n<meta property=\"og:type\" content=\"article\" \/>\n<meta property=\"og:title\" content=\"Vorteile | Bienvenue sur le site de la FFR-FRV\" \/>\n<meta property=\"og:description\" content=\"[vc_row][vc_column][vc_column_text] Entdecken Sie die Vorteile der Mitgliedschaft! Rentner und Fr\u00fchrentner, die bei Freiburgischen Rentnervereinigung (FRV) Mitglied werden m\u00f6chten, k\u00f6nnen dies auf verschiedene Weise tun: Je nach ihrem Wohnort k\u00f6nnen sie einer der 7 Bezirkssektionen beitreten Wenn sie Staatsangestellte waren oder bei einer angeschlossenen Gruppierung der FRV (Cardinal, Groupe E, Ilford\/Novartis, St-Paul) angestellt waren, k\u00f6nnen sie [&hellip;]\" \/>\n<meta property=\"og:url\" content=\"https:\/\/www.ffr-frv.ch\/de\/kontakt\/mitglied-werden\/vorteile\/\" \/>\n<meta property=\"og:site_name\" content=\"Bienvenue sur le site de la FFR-FRV\" \/>\n<meta property=\"article:modified_time\" content=\"2023-07-23T07:55:58+00:00\" \/>\n<meta name=\"twitter:card\" content=\"summary_large_image\" \/>\n<meta name=\"twitter:label1\" content=\"Gesch\u00e4tzte Lesezeit\" \/>\n\t<meta name=\"twitter:data1\" content=\"2\u00a0Minuten\" \/>\n<script type=\"application\/ld+json\" class=\"yoast-schema-graph\">{\"@context\":\"https:\/\/schema.org\",\"@graph\":[{\"@type\":\"WebPage\",\"@id\":\"https:\/\/www.ffr-frv.ch\/de\/kontakt\/mitglied-werden\/vorteile\/\",\"url\":\"https:\/\/www.ffr-frv.ch\/de\/kontakt\/mitglied-werden\/vorteile\/\",\"name\":\"Vorteile | Bienvenue sur le site de la FFR-FRV\",\"isPartOf\":{\"@id\":\"https:\/\/www.ffr-frv.ch\/de\/#website\"},\"datePublished\":\"2020-01-31T07:51:32+00:00\",\"dateModified\":\"2023-07-23T07:55:58+00:00\",\"breadcrumb\":{\"@id\":\"https:\/\/www.ffr-frv.ch\/de\/kontakt\/mitglied-werden\/vorteile\/#breadcrumb\"},\"inLanguage\":\"de\",\"potentialAction\":[{\"@type\":\"ReadAction\",\"target\":[\"https:\/\/www.ffr-frv.ch\/de\/kontakt\/mitglied-werden\/vorteile\/\"]}]},{\"@type\":\"BreadcrumbList\",\"@id\":\"https:\/\/www.ffr-frv.ch\/de\/kontakt\/mitglied-werden\/vorteile\/#breadcrumb\",\"itemListElement\":[{\"@type\":\"ListItem\",\"position\":1,\"name\":\"Titelseite\",\"item\":\"https:\/\/www.ffr-frv.ch\/de\/\"},{\"@type\":\"ListItem\",\"position\":2,\"name\":\"Kontakt\",\"item\":\"https:\/\/www.ffr-frv.ch\/de\/kontakt\/\"},{\"@type\":\"ListItem\",\"position\":3,\"name\":\"Mitglied werden\",\"item\":\"https:\/\/www.ffr-frv.ch\/de\/kontakt\/mitglied-werden\/\"},{\"@type\":\"ListItem\",\"position\":4,\"name\":\"Vorteile\"}]},{\"@type\":\"WebSite\",\"@id\":\"https:\/\/www.ffr-frv.ch\/de\/#website\",\"url\":\"https:\/\/www.ffr-frv.ch\/de\/\",\"name\":\"Bienvenue sur le site de la FFR-FRV\",\"description\":\"\",\"potentialAction\":[{\"@type\":\"SearchAction\",\"target\":{\"@type\":\"EntryPoint\",\"urlTemplate\":\"https:\/\/www.ffr-frv.ch\/de\/?s={search_term_string}\"},\"query-input\":{\"@type\":\"PropertyValueSpecification\",\"valueRequired\":true,\"valueName\":\"search_term_string\"}}],\"inLanguage\":\"de\"}]}<\/script>\n<!-- \/ Yoast SEO plugin. -->","yoast_head_json":{"title":"Vorteile | Bienvenue sur le site de la FFR-FRV","robots":{"index":"index","follow":"follow","max-snippet":"max-snippet:-1","max-image-preview":"max-image-preview:large","max-video-preview":"max-video-preview:-1"},"canonical":"https:\/\/www.ffr-frv.ch\/de\/kontakt\/mitglied-werden\/vorteile\/","og_locale":"de_DE","og_type":"article","og_title":"Vorteile | Bienvenue sur le site de la FFR-FRV","og_description":"[vc_row][vc_column][vc_column_text] Entdecken Sie die Vorteile der Mitgliedschaft! Rentner und Fr\u00fchrentner, die bei Freiburgischen Rentnervereinigung (FRV) Mitglied werden m\u00f6chten, k\u00f6nnen dies auf verschiedene Weise tun: Je nach ihrem Wohnort k\u00f6nnen sie einer der 7 Bezirkssektionen beitreten Wenn sie Staatsangestellte waren oder bei einer angeschlossenen Gruppierung der FRV (Cardinal, Groupe E, Ilford\/Novartis, St-Paul) angestellt waren, k\u00f6nnen sie [&hellip;]","og_url":"https:\/\/www.ffr-frv.ch\/de\/kontakt\/mitglied-werden\/vorteile\/","og_site_name":"Bienvenue sur le site de la FFR-FRV","article_modified_time":"2023-07-23T07:55:58+00:00","twitter_card":"summary_large_image","twitter_misc":{"Gesch\u00e4tzte Lesezeit":"2\u00a0Minuten"},"schema":{"@context":"https:\/\/schema.org","@graph":[{"@type":"WebPage","@id":"https:\/\/www.ffr-frv.ch\/de\/kontakt\/mitglied-werden\/vorteile\/","url":"https:\/\/www.ffr-frv.ch\/de\/kontakt\/mitglied-werden\/vorteile\/","name":"Vorteile | Bienvenue sur le site de la FFR-FRV","isPartOf":{"@id":"https:\/\/www.ffr-frv.ch\/de\/#website"},"datePublished":"2020-01-31T07:51:32+00:00","dateModified":"2023-07-23T07:55:58+00:00","breadcrumb":{"@id":"https:\/\/www.ffr-frv.ch\/de\/kontakt\/mitglied-werden\/vorteile\/#breadcrumb"},"inLanguage":"de","potentialAction":[{"@type":"ReadAction","target":["https:\/\/www.ffr-frv.ch\/de\/kontakt\/mitglied-werden\/vorteile\/"]}]},{"@type":"BreadcrumbList","@id":"https:\/\/www.ffr-frv.ch\/de\/kontakt\/mitglied-werden\/vorteile\/#breadcrumb","itemListElement":[{"@type":"ListItem","position":1,"name":"Titelseite","item":"https:\/\/www.ffr-frv.ch\/de\/"},{"@type":"ListItem","position":2,"name":"Kontakt","item":"https:\/\/www.ffr-frv.ch\/de\/kontakt\/"},{"@type":"ListItem","position":3,"name":"Mitglied werden","item":"https:\/\/www.ffr-frv.ch\/de\/kontakt\/mitglied-werden\/"},{"@type":"ListItem","position":4,"name":"Vorteile"}]},{"@type":"WebSite","@id":"https:\/\/www.ffr-frv.ch\/de\/#website","url":"https:\/\/www.ffr-frv.ch\/de\/","name":"Bienvenue sur le site de la FFR-FRV","description":"","potentialAction":[{"@type":"SearchAction","target":{"@type":"EntryPoint","urlTemplate":"https:\/\/www.ffr-frv.ch\/de\/?s={search_term_string}"},"query-input":{"@type":"PropertyValueSpecification","valueRequired":true,"valueName":"search_term_string"}}],"inLanguage":"de"}]}},"_links":{"self":[{"href":"https:\/\/www.ffr-frv.ch\/de\/wp-json\/wp\/v2\/pages\/1130","targetHints":{"allow":["GET"]}}],"collection":[{"href":"https:\/\/www.ffr-frv.ch\/de\/wp-json\/wp\/v2\/pages"}],"about":[{"href":"https:\/\/www.ffr-frv.ch\/de\/wp-json\/wp\/v2\/types\/page"}],"author":[{"embeddable":true,"href":"https:\/\/www.ffr-frv.ch\/de\/wp-json\/wp\/v2\/users\/1"}],"replies":[{"embeddable":true,"href":"https:\/\/www.ffr-frv.ch\/de\/wp-json\/wp\/v2\/comments?post=1130"}],"version-history":[{"count":7,"href":"https:\/\/www.ffr-frv.ch\/de\/wp-json\/wp\/v2\/pages\/1130\/revisions"}],"predecessor-version":[{"id":3384,"href":"https:\/\/www.ffr-frv.ch\/de\/wp-json\/wp\/v2\/pages\/1130\/revisions\/3384"}],"up":[{"embeddable":true,"href":"https:\/\/www.ffr-frv.ch\/de\/wp-json\/wp\/v2\/pages\/3376"}],"wp:attachment":[{"href":"https:\/\/www.ffr-frv.ch\/de\/wp-json\/wp\/v2\/media?parent=1130"}],"wp:term":[{"taxonomy":"folder","embeddable":true,"href":"https:\/\/www.ffr-frv.ch\/de\/wp-json\/wp\/v2\/folder?post=1130"}],"curies":[{"name":"wp","href":"https:\/\/api.w.org\/{rel}","templated":true}]}}