{"id":1114,"date":"2020-01-28T12:59:05","date_gmt":"2020-01-28T12:59:05","guid":{"rendered":"http:\/\/www.ffr-frv.ch\/a-propos-de-la-ffr\/buts-de-la-ffr\/"},"modified":"2025-03-11T13:04:42","modified_gmt":"2025-03-11T11:04:42","slug":"ziele-der-vereinigung","status":"publish","type":"page","link":"https:\/\/www.ffr-frv.ch\/de\/allgemeines-zur-frv\/ziele-der-vereinigung\/","title":{"rendered":"Ziele der Vereinigung"},"content":{"rendered":"<section class=\"wpb-content-wrapper\"><p>[vc_row][vc_column][vc_column_text]<\/p>\n<h2>Ziele der Vereinigung<\/h2>\n<p><strong>Die Ziele der FRV sind:<\/strong><\/p>\n<ul>\n<li>Rentnervereine zu gr\u00fcnden, sie zusammen zu bringen und zu f\u00f6rdern, um die Solidarit\u00e4t unter den Generationen zu st\u00e4rken<\/li>\n<li>Die sozialen, kulturellen und wirtschaftlichen Interessen ihrer Mitglieder zu vertreten<\/li>\n<li>Die F\u00f6rderung und Umsetzung einer sozialen Politik zu Gunsten aller Generationen<\/li>\n<li>Die Integration der \u00e4lteren Generationen in sozialen und kulturellen Bereichen zu f\u00f6rdern<\/li>\n<li>Die Rentner zu ermutigen, sich freiwillig an gemeinn\u00fctzigen Aktivit\u00e4ten zu beteiligen<\/li>\n<li>Den Dialog und die Zusammenarbeit zwischen den Generationen zu f\u00f6rdern<\/li>\n<li>Ihre Mitglieder sachdienlich zu informieren<\/li>\n<\/ul>\n<p><strong><br \/>\nAktivit\u00e4ten der FRV:<\/strong><\/p>\n<ul>\n<li>Anregung zum Anbieten von Kursen f\u00fcr die \u00e4ltere Generation in Freiburg durch die Hochschule f\u00fcr Sozialarbeit unter dem Begriff HES-Seniors in franz\u00f6sischer Sprache (2019)<\/li>\n<li>Gr\u00fcndungsmitglied von G\u00e9rontop\u00f4le. Es ist die freiburgische Plattform zum Gedankenaustausch und der Koordination der Aktivit\u00e4ten im Bereich der Arbeit f\u00fcr die \u00e4ltere Generation. Sie umfasst f\u00fcnfzehn Organisationen.<\/li>\n<li>Sich befassen mit Themen, die das Alter betreffen, durch die vier Kommissionen (Gesundheit und Soziales, Sicherheit und Transport, Wirtschaftsfragen und Kommunikation)<\/li>\n<li>Stellungnahmen zu kantonalen Vernehmlassungen<\/li>\n<li>Mitglied der V A S O S &#8211; Vereinigung aktiver Senior:innen- und Selbsthilfeorganisationen der Schweiz<\/li>\n<li>Teilnahme an und Unterst\u00fctzung von Fachtagungen, Kolloquien und Seminaren (Hilfe- und Pflegeleistungen der Angeh\u00f6rigen, Wohnformen, etc\u2026)<\/li>\n<li>Mitarbeit an diversen Forschungsprojekten betreffend Alter<\/li>\n<li>Unterst\u00fctzung der Sektionen in ihren Aktivit\u00e4ten und bei der Mitgliederwerbung<\/li>\n<li>Herausgabe der halbj\u00e4hrlichen Mitglieder Zeitschrift Horizon<\/li>\n<li>F\u00fchren und Unterhalt der Homepage www.ffr-frv.ch<\/li>\n<\/ul>\n<p><strong><br \/>\nLetzte Stellungnahmen:<\/strong><\/p>\n<ul>\n<li>Klimaplan (2021)<\/li>\n<li>Unternehmenssteuer und Finanzierung der AHV<\/li>\n<li>Revision des Gesetzes \u00fcber die Kantonspolizei<\/li>\n<li>Gesetzesvorentwurf zur \u00c4nderung des Gesetzes \u00fcber die direkten Kantonssteuern und des Sozialhilfegesetzes<\/li>\n<li>Gesetzesvorentwurf zur \u00c4nderung des Gesundheitsgesetzes (eHealth)<br \/>\nKantonale Strategie eHealth<\/li>\n<li>Gesetzentwurf \u00fcber die Brandbek\u00e4mpfung und die Rettungsdienste<\/li>\n<li>Gesetz \u00fcber den Datenschutz<\/li>\n<li>Vernehmlassung zum Gesetz und zur Verordnung zur Umsetzung des Bundesgesetzes \u00fcber die Verbesserung des Schutzes gewaltbetroffener Personen<\/li>\n<\/ul>\n<p>Die Aktivit\u00e4ten der FRV befassen sich insbesondere mit politischen und institutionellen Fragen.<\/p>\n<p>Die Sektionen sind haupts\u00e4chlich in den Bereichen F\u00f6rderung der Gemeinschaft, Unterhaltung und Freizeit aktiv.[\/vc_column_text][\/vc_column][\/vc_row]<\/p>\n<\/section>","protected":false},"excerpt":{"rendered":"<p>[vc_row][vc_column][vc_column_text] Ziele der Vereinigung Die Ziele der FRV sind: Rentnervereine zu gr\u00fcnden, sie zusammen zu bringen und zu f\u00f6rdern, um die Solidarit\u00e4t unter den Generationen zu st\u00e4rken Die sozialen, kulturellen und wirtschaftlichen Interessen ihrer Mitglieder zu vertreten Die F\u00f6rderung und Umsetzung einer sozialen Politik zu Gunsten aller Generationen Die Integration der \u00e4lteren Generationen in sozialen [&hellip;]<\/p>\n","protected":false},"author":1,"featured_media":0,"parent":1089,"menu_order":0,"comment_status":"closed","ping_status":"closed","template":"template-with-menu.php","meta":{"_acf_changed":false,"footnotes":""},"folder":[],"class_list":["post-1114","page","type-page","status-publish","hentry"],"acf":[],"yoast_head":"<!-- This site is optimized with the Yoast SEO plugin v27.1.1 - https:\/\/yoast.com\/product\/yoast-seo-wordpress\/ -->\n<title>Ziele der Vereinigung | Bienvenue sur le site de la FFR-FRV<\/title>\n<meta name=\"robots\" content=\"index, follow, max-snippet:-1, max-image-preview:large, max-video-preview:-1\" \/>\n<link rel=\"canonical\" href=\"https:\/\/www.ffr-frv.ch\/de\/allgemeines-zur-frv\/ziele-der-vereinigung\/\" \/>\n<meta property=\"og:locale\" content=\"de_DE\" \/>\n<meta property=\"og:type\" content=\"article\" \/>\n<meta property=\"og:title\" content=\"Ziele der Vereinigung | Bienvenue sur le site de la FFR-FRV\" \/>\n<meta property=\"og:description\" content=\"[vc_row][vc_column][vc_column_text] Ziele der Vereinigung Die Ziele der FRV sind: Rentnervereine zu gr\u00fcnden, sie zusammen zu bringen und zu f\u00f6rdern, um die Solidarit\u00e4t unter den Generationen zu st\u00e4rken Die sozialen, kulturellen und wirtschaftlichen Interessen ihrer Mitglieder zu vertreten Die F\u00f6rderung und Umsetzung einer sozialen Politik zu Gunsten aller Generationen Die Integration der \u00e4lteren Generationen in sozialen [&hellip;]\" \/>\n<meta property=\"og:url\" content=\"https:\/\/www.ffr-frv.ch\/de\/allgemeines-zur-frv\/ziele-der-vereinigung\/\" \/>\n<meta property=\"og:site_name\" content=\"Bienvenue sur le site de la FFR-FRV\" \/>\n<meta property=\"article:modified_time\" content=\"2025-03-11T11:04:42+00:00\" \/>\n<meta name=\"twitter:card\" content=\"summary_large_image\" \/>\n<meta name=\"twitter:label1\" content=\"Gesch\u00e4tzte Lesezeit\" \/>\n\t<meta name=\"twitter:data1\" content=\"2\u00a0Minuten\" \/>\n<script type=\"application\/ld+json\" class=\"yoast-schema-graph\">{\"@context\":\"https:\/\/schema.org\",\"@graph\":[{\"@type\":\"WebPage\",\"@id\":\"https:\/\/www.ffr-frv.ch\/de\/allgemeines-zur-frv\/ziele-der-vereinigung\/\",\"url\":\"https:\/\/www.ffr-frv.ch\/de\/allgemeines-zur-frv\/ziele-der-vereinigung\/\",\"name\":\"Ziele der Vereinigung | Bienvenue sur le site de la FFR-FRV\",\"isPartOf\":{\"@id\":\"https:\/\/www.ffr-frv.ch\/de\/#website\"},\"datePublished\":\"2020-01-28T12:59:05+00:00\",\"dateModified\":\"2025-03-11T11:04:42+00:00\",\"breadcrumb\":{\"@id\":\"https:\/\/www.ffr-frv.ch\/de\/allgemeines-zur-frv\/ziele-der-vereinigung\/#breadcrumb\"},\"inLanguage\":\"de\",\"potentialAction\":[{\"@type\":\"ReadAction\",\"target\":[\"https:\/\/www.ffr-frv.ch\/de\/allgemeines-zur-frv\/ziele-der-vereinigung\/\"]}]},{\"@type\":\"BreadcrumbList\",\"@id\":\"https:\/\/www.ffr-frv.ch\/de\/allgemeines-zur-frv\/ziele-der-vereinigung\/#breadcrumb\",\"itemListElement\":[{\"@type\":\"ListItem\",\"position\":1,\"name\":\"Titelseite\",\"item\":\"https:\/\/www.ffr-frv.ch\/de\/\"},{\"@type\":\"ListItem\",\"position\":2,\"name\":\"Allgemeines zur FRV\",\"item\":\"https:\/\/www.ffr-frv.ch\/de\/allgemeines-zur-frv\/\"},{\"@type\":\"ListItem\",\"position\":3,\"name\":\"Ziele der Vereinigung\"}]},{\"@type\":\"WebSite\",\"@id\":\"https:\/\/www.ffr-frv.ch\/de\/#website\",\"url\":\"https:\/\/www.ffr-frv.ch\/de\/\",\"name\":\"Bienvenue sur le site de la FFR-FRV\",\"description\":\"\",\"potentialAction\":[{\"@type\":\"SearchAction\",\"target\":{\"@type\":\"EntryPoint\",\"urlTemplate\":\"https:\/\/www.ffr-frv.ch\/de\/?s={search_term_string}\"},\"query-input\":{\"@type\":\"PropertyValueSpecification\",\"valueRequired\":true,\"valueName\":\"search_term_string\"}}],\"inLanguage\":\"de\"}]}<\/script>\n<!-- \/ Yoast SEO plugin. -->","yoast_head_json":{"title":"Ziele der Vereinigung | Bienvenue sur le site de la FFR-FRV","robots":{"index":"index","follow":"follow","max-snippet":"max-snippet:-1","max-image-preview":"max-image-preview:large","max-video-preview":"max-video-preview:-1"},"canonical":"https:\/\/www.ffr-frv.ch\/de\/allgemeines-zur-frv\/ziele-der-vereinigung\/","og_locale":"de_DE","og_type":"article","og_title":"Ziele der Vereinigung | Bienvenue sur le site de la FFR-FRV","og_description":"[vc_row][vc_column][vc_column_text] Ziele der Vereinigung Die Ziele der FRV sind: Rentnervereine zu gr\u00fcnden, sie zusammen zu bringen und zu f\u00f6rdern, um die Solidarit\u00e4t unter den Generationen zu st\u00e4rken Die sozialen, kulturellen und wirtschaftlichen Interessen ihrer Mitglieder zu vertreten Die F\u00f6rderung und Umsetzung einer sozialen Politik zu Gunsten aller Generationen Die Integration der \u00e4lteren Generationen in sozialen [&hellip;]","og_url":"https:\/\/www.ffr-frv.ch\/de\/allgemeines-zur-frv\/ziele-der-vereinigung\/","og_site_name":"Bienvenue sur le site de la FFR-FRV","article_modified_time":"2025-03-11T11:04:42+00:00","twitter_card":"summary_large_image","twitter_misc":{"Gesch\u00e4tzte Lesezeit":"2\u00a0Minuten"},"schema":{"@context":"https:\/\/schema.org","@graph":[{"@type":"WebPage","@id":"https:\/\/www.ffr-frv.ch\/de\/allgemeines-zur-frv\/ziele-der-vereinigung\/","url":"https:\/\/www.ffr-frv.ch\/de\/allgemeines-zur-frv\/ziele-der-vereinigung\/","name":"Ziele der Vereinigung | Bienvenue sur le site de la FFR-FRV","isPartOf":{"@id":"https:\/\/www.ffr-frv.ch\/de\/#website"},"datePublished":"2020-01-28T12:59:05+00:00","dateModified":"2025-03-11T11:04:42+00:00","breadcrumb":{"@id":"https:\/\/www.ffr-frv.ch\/de\/allgemeines-zur-frv\/ziele-der-vereinigung\/#breadcrumb"},"inLanguage":"de","potentialAction":[{"@type":"ReadAction","target":["https:\/\/www.ffr-frv.ch\/de\/allgemeines-zur-frv\/ziele-der-vereinigung\/"]}]},{"@type":"BreadcrumbList","@id":"https:\/\/www.ffr-frv.ch\/de\/allgemeines-zur-frv\/ziele-der-vereinigung\/#breadcrumb","itemListElement":[{"@type":"ListItem","position":1,"name":"Titelseite","item":"https:\/\/www.ffr-frv.ch\/de\/"},{"@type":"ListItem","position":2,"name":"Allgemeines zur FRV","item":"https:\/\/www.ffr-frv.ch\/de\/allgemeines-zur-frv\/"},{"@type":"ListItem","position":3,"name":"Ziele der Vereinigung"}]},{"@type":"WebSite","@id":"https:\/\/www.ffr-frv.ch\/de\/#website","url":"https:\/\/www.ffr-frv.ch\/de\/","name":"Bienvenue sur le site de la FFR-FRV","description":"","potentialAction":[{"@type":"SearchAction","target":{"@type":"EntryPoint","urlTemplate":"https:\/\/www.ffr-frv.ch\/de\/?s={search_term_string}"},"query-input":{"@type":"PropertyValueSpecification","valueRequired":true,"valueName":"search_term_string"}}],"inLanguage":"de"}]}},"_links":{"self":[{"href":"https:\/\/www.ffr-frv.ch\/de\/wp-json\/wp\/v2\/pages\/1114","targetHints":{"allow":["GET"]}}],"collection":[{"href":"https:\/\/www.ffr-frv.ch\/de\/wp-json\/wp\/v2\/pages"}],"about":[{"href":"https:\/\/www.ffr-frv.ch\/de\/wp-json\/wp\/v2\/types\/page"}],"author":[{"embeddable":true,"href":"https:\/\/www.ffr-frv.ch\/de\/wp-json\/wp\/v2\/users\/1"}],"replies":[{"embeddable":true,"href":"https:\/\/www.ffr-frv.ch\/de\/wp-json\/wp\/v2\/comments?post=1114"}],"version-history":[{"count":7,"href":"https:\/\/www.ffr-frv.ch\/de\/wp-json\/wp\/v2\/pages\/1114\/revisions"}],"predecessor-version":[{"id":15333,"href":"https:\/\/www.ffr-frv.ch\/de\/wp-json\/wp\/v2\/pages\/1114\/revisions\/15333"}],"up":[{"embeddable":true,"href":"https:\/\/www.ffr-frv.ch\/de\/wp-json\/wp\/v2\/pages\/1089"}],"wp:attachment":[{"href":"https:\/\/www.ffr-frv.ch\/de\/wp-json\/wp\/v2\/media?parent=1114"}],"wp:term":[{"taxonomy":"folder","embeddable":true,"href":"https:\/\/www.ffr-frv.ch\/de\/wp-json\/wp\/v2\/folder?post=1114"}],"curies":[{"name":"wp","href":"https:\/\/api.w.org\/{rel}","templated":true}]}}