{"id":1092,"date":"2020-02-24T13:26:12","date_gmt":"2020-02-24T13:26:12","guid":{"rendered":"http:\/\/www.ffr-frv.ch\/anhang\/"},"modified":"2020-02-24T14:21:40","modified_gmt":"2020-02-24T14:21:40","slug":"anhang","status":"publish","type":"page","link":"https:\/\/www.ffr-frv.ch\/de\/allgemeines-zur-frv\/statuten\/anhang\/","title":{"rendered":"Anhang"},"content":{"rendered":"<section class=\"wpb-content-wrapper\"><p>[vc_row][vc_column][vc_column_text]<\/p>\n<h2>Anhang zu den Statuten<\/h2>\n<p>Die Sektionen oder assoziierten Gruppierungen von Rentnern die \u00fcber keine eigenen Statuten verf\u00fcgen halten sich an die folgenden Bestimmungen:<\/p>\n<h4>Generalversammlung<\/h4>\n<p>Die Mitgliederversammlung jeder Sektion oder angeschlossenen Gruppierung:<br \/>\na) w\u00e4hlt einen Vorstand und einen Pr\u00e4sident ;<br \/>\nb) w\u00e4hlt ein Rechnungsrevisionsorgan.<\/p>\n<h4>Vorstand<\/h4>\n<p>Der Vorstand ist das F\u00fchrungsorgan der Sektion oder der assoziierten Gruppierung. Er konstituiert sich selbst. Seine wichtigsten Aufgaben sind:<br \/>\na) Einberufung der j\u00e4hrlichen Generalversammlung<br \/>\nb) Erstellung eines T\u00e4tigkeitsprogrammes, entsprechend den Zielen der Freiburger Vereinigung<br \/>\nc) Bestimmung von Delegierten f\u00fcr die kantonale Delegiertenversammlung<br \/>\nd) Mitgliederbeitr\u00e4ge einnehmen und die f\u00fcr die Freiburger Vereinigung bestimmten Beitr\u00e4ge an diese weiterleiten.<\/p>\n<h4>Selbstst\u00e4ndigkeit<\/h4>\n<p>Jede Sektion und jede assoziierten Gruppierung sind selbstst\u00e4ndig. Die Statuten der Freiburger Vereinigung sind jedoch zu befolgen, insbesondere die Art. 1 und 2.[\/vc_column_text][\/vc_column][\/vc_row]<\/p>\n<\/section>","protected":false},"excerpt":{"rendered":"<p>[vc_row][vc_column][vc_column_text] Anhang zu den Statuten Die Sektionen oder assoziierten Gruppierungen von Rentnern die \u00fcber keine eigenen Statuten verf\u00fcgen halten sich an die folgenden Bestimmungen: Generalversammlung Die Mitgliederversammlung jeder Sektion oder angeschlossenen Gruppierung: a) w\u00e4hlt einen Vorstand und einen Pr\u00e4sident ; b) w\u00e4hlt ein Rechnungsrevisionsorgan. Vorstand Der Vorstand ist das F\u00fchrungsorgan der Sektion oder der assoziierten [&hellip;]<\/p>\n","protected":false},"author":1,"featured_media":0,"parent":1097,"menu_order":0,"comment_status":"closed","ping_status":"closed","template":"template-with-menu.php","meta":{"_acf_changed":false,"footnotes":""},"folder":[],"class_list":["post-1092","page","type-page","status-publish","hentry"],"acf":[],"yoast_head":"<!-- This site is optimized with the Yoast SEO plugin v27.1.1 - https:\/\/yoast.com\/product\/yoast-seo-wordpress\/ -->\n<title>Anhang | Bienvenue sur le site de la FFR-FRV<\/title>\n<meta name=\"robots\" content=\"index, follow, max-snippet:-1, max-image-preview:large, max-video-preview:-1\" \/>\n<link rel=\"canonical\" href=\"https:\/\/www.ffr-frv.ch\/de\/allgemeines-zur-frv\/statuten\/anhang\/\" \/>\n<meta property=\"og:locale\" content=\"de_DE\" \/>\n<meta property=\"og:type\" content=\"article\" \/>\n<meta property=\"og:title\" content=\"Anhang | Bienvenue sur le site de la FFR-FRV\" \/>\n<meta property=\"og:description\" content=\"[vc_row][vc_column][vc_column_text] Anhang zu den Statuten Die Sektionen oder assoziierten Gruppierungen von Rentnern die \u00fcber keine eigenen Statuten verf\u00fcgen halten sich an die folgenden Bestimmungen: Generalversammlung Die Mitgliederversammlung jeder Sektion oder angeschlossenen Gruppierung: a) w\u00e4hlt einen Vorstand und einen Pr\u00e4sident ; b) w\u00e4hlt ein Rechnungsrevisionsorgan. Vorstand Der Vorstand ist das F\u00fchrungsorgan der Sektion oder der assoziierten [&hellip;]\" \/>\n<meta property=\"og:url\" content=\"https:\/\/www.ffr-frv.ch\/de\/allgemeines-zur-frv\/statuten\/anhang\/\" \/>\n<meta property=\"og:site_name\" content=\"Bienvenue sur le site de la FFR-FRV\" \/>\n<meta property=\"article:modified_time\" content=\"2020-02-24T14:21:40+00:00\" \/>\n<meta name=\"twitter:card\" content=\"summary_large_image\" \/>\n<meta name=\"twitter:label1\" content=\"Gesch\u00e4tzte Lesezeit\" \/>\n\t<meta name=\"twitter:data1\" content=\"1\u00a0Minute\" \/>\n<script type=\"application\/ld+json\" class=\"yoast-schema-graph\">{\"@context\":\"https:\/\/schema.org\",\"@graph\":[{\"@type\":\"WebPage\",\"@id\":\"https:\/\/www.ffr-frv.ch\/de\/allgemeines-zur-frv\/statuten\/anhang\/\",\"url\":\"https:\/\/www.ffr-frv.ch\/de\/allgemeines-zur-frv\/statuten\/anhang\/\",\"name\":\"Anhang | Bienvenue sur le site de la FFR-FRV\",\"isPartOf\":{\"@id\":\"https:\/\/www.ffr-frv.ch\/de\/#website\"},\"datePublished\":\"2020-02-24T13:26:12+00:00\",\"dateModified\":\"2020-02-24T14:21:40+00:00\",\"breadcrumb\":{\"@id\":\"https:\/\/www.ffr-frv.ch\/de\/allgemeines-zur-frv\/statuten\/anhang\/#breadcrumb\"},\"inLanguage\":\"de\",\"potentialAction\":[{\"@type\":\"ReadAction\",\"target\":[\"https:\/\/www.ffr-frv.ch\/de\/allgemeines-zur-frv\/statuten\/anhang\/\"]}]},{\"@type\":\"BreadcrumbList\",\"@id\":\"https:\/\/www.ffr-frv.ch\/de\/allgemeines-zur-frv\/statuten\/anhang\/#breadcrumb\",\"itemListElement\":[{\"@type\":\"ListItem\",\"position\":1,\"name\":\"Titelseite\",\"item\":\"https:\/\/www.ffr-frv.ch\/de\/\"},{\"@type\":\"ListItem\",\"position\":2,\"name\":\"Allgemeines zur FRV\",\"item\":\"https:\/\/www.ffr-frv.ch\/de\/allgemeines-zur-frv\/\"},{\"@type\":\"ListItem\",\"position\":3,\"name\":\"Statuten\",\"item\":\"https:\/\/www.ffr-frv.ch\/de\/allgemeines-zur-frv\/statuten\/\"},{\"@type\":\"ListItem\",\"position\":4,\"name\":\"Anhang\"}]},{\"@type\":\"WebSite\",\"@id\":\"https:\/\/www.ffr-frv.ch\/de\/#website\",\"url\":\"https:\/\/www.ffr-frv.ch\/de\/\",\"name\":\"Bienvenue sur le site de la FFR-FRV\",\"description\":\"\",\"potentialAction\":[{\"@type\":\"SearchAction\",\"target\":{\"@type\":\"EntryPoint\",\"urlTemplate\":\"https:\/\/www.ffr-frv.ch\/de\/?s={search_term_string}\"},\"query-input\":{\"@type\":\"PropertyValueSpecification\",\"valueRequired\":true,\"valueName\":\"search_term_string\"}}],\"inLanguage\":\"de\"}]}<\/script>\n<!-- \/ Yoast SEO plugin. -->","yoast_head_json":{"title":"Anhang | Bienvenue sur le site de la FFR-FRV","robots":{"index":"index","follow":"follow","max-snippet":"max-snippet:-1","max-image-preview":"max-image-preview:large","max-video-preview":"max-video-preview:-1"},"canonical":"https:\/\/www.ffr-frv.ch\/de\/allgemeines-zur-frv\/statuten\/anhang\/","og_locale":"de_DE","og_type":"article","og_title":"Anhang | Bienvenue sur le site de la FFR-FRV","og_description":"[vc_row][vc_column][vc_column_text] Anhang zu den Statuten Die Sektionen oder assoziierten Gruppierungen von Rentnern die \u00fcber keine eigenen Statuten verf\u00fcgen halten sich an die folgenden Bestimmungen: Generalversammlung Die Mitgliederversammlung jeder Sektion oder angeschlossenen Gruppierung: a) w\u00e4hlt einen Vorstand und einen Pr\u00e4sident ; b) w\u00e4hlt ein Rechnungsrevisionsorgan. Vorstand Der Vorstand ist das F\u00fchrungsorgan der Sektion oder der assoziierten [&hellip;]","og_url":"https:\/\/www.ffr-frv.ch\/de\/allgemeines-zur-frv\/statuten\/anhang\/","og_site_name":"Bienvenue sur le site de la FFR-FRV","article_modified_time":"2020-02-24T14:21:40+00:00","twitter_card":"summary_large_image","twitter_misc":{"Gesch\u00e4tzte Lesezeit":"1\u00a0Minute"},"schema":{"@context":"https:\/\/schema.org","@graph":[{"@type":"WebPage","@id":"https:\/\/www.ffr-frv.ch\/de\/allgemeines-zur-frv\/statuten\/anhang\/","url":"https:\/\/www.ffr-frv.ch\/de\/allgemeines-zur-frv\/statuten\/anhang\/","name":"Anhang | Bienvenue sur le site de la FFR-FRV","isPartOf":{"@id":"https:\/\/www.ffr-frv.ch\/de\/#website"},"datePublished":"2020-02-24T13:26:12+00:00","dateModified":"2020-02-24T14:21:40+00:00","breadcrumb":{"@id":"https:\/\/www.ffr-frv.ch\/de\/allgemeines-zur-frv\/statuten\/anhang\/#breadcrumb"},"inLanguage":"de","potentialAction":[{"@type":"ReadAction","target":["https:\/\/www.ffr-frv.ch\/de\/allgemeines-zur-frv\/statuten\/anhang\/"]}]},{"@type":"BreadcrumbList","@id":"https:\/\/www.ffr-frv.ch\/de\/allgemeines-zur-frv\/statuten\/anhang\/#breadcrumb","itemListElement":[{"@type":"ListItem","position":1,"name":"Titelseite","item":"https:\/\/www.ffr-frv.ch\/de\/"},{"@type":"ListItem","position":2,"name":"Allgemeines zur FRV","item":"https:\/\/www.ffr-frv.ch\/de\/allgemeines-zur-frv\/"},{"@type":"ListItem","position":3,"name":"Statuten","item":"https:\/\/www.ffr-frv.ch\/de\/allgemeines-zur-frv\/statuten\/"},{"@type":"ListItem","position":4,"name":"Anhang"}]},{"@type":"WebSite","@id":"https:\/\/www.ffr-frv.ch\/de\/#website","url":"https:\/\/www.ffr-frv.ch\/de\/","name":"Bienvenue sur le site de la FFR-FRV","description":"","potentialAction":[{"@type":"SearchAction","target":{"@type":"EntryPoint","urlTemplate":"https:\/\/www.ffr-frv.ch\/de\/?s={search_term_string}"},"query-input":{"@type":"PropertyValueSpecification","valueRequired":true,"valueName":"search_term_string"}}],"inLanguage":"de"}]}},"_links":{"self":[{"href":"https:\/\/www.ffr-frv.ch\/de\/wp-json\/wp\/v2\/pages\/1092","targetHints":{"allow":["GET"]}}],"collection":[{"href":"https:\/\/www.ffr-frv.ch\/de\/wp-json\/wp\/v2\/pages"}],"about":[{"href":"https:\/\/www.ffr-frv.ch\/de\/wp-json\/wp\/v2\/types\/page"}],"author":[{"embeddable":true,"href":"https:\/\/www.ffr-frv.ch\/de\/wp-json\/wp\/v2\/users\/1"}],"replies":[{"embeddable":true,"href":"https:\/\/www.ffr-frv.ch\/de\/wp-json\/wp\/v2\/comments?post=1092"}],"version-history":[{"count":2,"href":"https:\/\/www.ffr-frv.ch\/de\/wp-json\/wp\/v2\/pages\/1092\/revisions"}],"predecessor-version":[{"id":1099,"href":"https:\/\/www.ffr-frv.ch\/de\/wp-json\/wp\/v2\/pages\/1092\/revisions\/1099"}],"up":[{"embeddable":true,"href":"https:\/\/www.ffr-frv.ch\/de\/wp-json\/wp\/v2\/pages\/1097"}],"wp:attachment":[{"href":"https:\/\/www.ffr-frv.ch\/de\/wp-json\/wp\/v2\/media?parent=1092"}],"wp:term":[{"taxonomy":"folder","embeddable":true,"href":"https:\/\/www.ffr-frv.ch\/de\/wp-json\/wp\/v2\/folder?post=1092"}],"curies":[{"name":"wp","href":"https:\/\/api.w.org\/{rel}","templated":true}]}}