{"id":1072,"date":"2020-02-24T13:17:05","date_gmt":"2020-02-24T13:17:05","guid":{"rendered":"http:\/\/www.ffr-frv.ch\/chapitre-4\/"},"modified":"2020-02-24T14:06:32","modified_gmt":"2020-02-24T14:06:32","slug":"kapitel-4","status":"publish","type":"page","link":"https:\/\/www.ffr-frv.ch\/de\/allgemeines-zur-frv\/statuten\/kapitel-4\/","title":{"rendered":"Kapitel 4"},"content":{"rendered":"<section class=\"wpb-content-wrapper\"><p>[vc_row][vc_column][vc_column_text]<\/p>\n<h2>Kapitel 4: Finanzen<\/h2>\n<h4>Artikel 14: Einnahmen<\/h4>\n<p>Die Einnahmen der Vereinigung sind:<br \/>\na) die Mitgliederbeitr\u00e4ge ;<br \/>\nb) die Spenden und Legate;<br \/>\nc) die Subventionen ;<br \/>\nd) die Ertr\u00e4ge aus speziellen Aktionen;<br \/>\ne) die Zinsertr\u00e4ge.<\/p>\n<h4>Artikel 15: Haftung<\/h4>\n<p>F\u00fcr die Verpflichtungen der Vereinigung haftet nur dasVereinsverm\u00f6gen. Die Vereinigung haftet auf keinem Fall f\u00fcr die Verpflichtungen einer Sektion oder einer angeschlossenen Gruppierung.<\/p>\n<h4>Artikel 16: Rechnung<\/h4>\n<p>Das Rechnungsjahr der Vereinigung entspricht dem Kalenderjahr. Nach der Pr\u00fcfung durch den Vorstand werden die Rechnung und Revisorenbericht der Delegiertenversammlung zur Annahme und zur Entlastung des Kassiers und des Vorstands vorgelegt.[\/vc_column_text][\/vc_column][\/vc_row]<\/p>\n<\/section>","protected":false},"excerpt":{"rendered":"<p>[vc_row][vc_column][vc_column_text] Kapitel 4: Finanzen Artikel 14: Einnahmen Die Einnahmen der Vereinigung sind: a) die Mitgliederbeitr\u00e4ge ; b) die Spenden und Legate; c) die Subventionen ; d) die Ertr\u00e4ge aus speziellen Aktionen; e) die Zinsertr\u00e4ge. Artikel 15: Haftung F\u00fcr die Verpflichtungen der Vereinigung haftet nur dasVereinsverm\u00f6gen. Die Vereinigung haftet auf keinem Fall f\u00fcr die Verpflichtungen einer [&hellip;]<\/p>\n","protected":false},"author":1,"featured_media":0,"parent":1097,"menu_order":0,"comment_status":"closed","ping_status":"closed","template":"template-with-menu.php","meta":{"_acf_changed":false,"footnotes":""},"folder":[],"class_list":["post-1072","page","type-page","status-publish","hentry"],"acf":[],"yoast_head":"<!-- This site is optimized with the Yoast SEO plugin v27.1.1 - https:\/\/yoast.com\/product\/yoast-seo-wordpress\/ -->\n<title>Kapitel 4 | Bienvenue sur le site de la FFR-FRV<\/title>\n<meta name=\"robots\" content=\"index, follow, max-snippet:-1, max-image-preview:large, max-video-preview:-1\" \/>\n<link rel=\"canonical\" href=\"https:\/\/www.ffr-frv.ch\/de\/allgemeines-zur-frv\/statuten\/kapitel-4\/\" \/>\n<meta property=\"og:locale\" content=\"de_DE\" \/>\n<meta property=\"og:type\" content=\"article\" \/>\n<meta property=\"og:title\" content=\"Kapitel 4 | Bienvenue sur le site de la FFR-FRV\" \/>\n<meta property=\"og:description\" content=\"[vc_row][vc_column][vc_column_text] Kapitel 4: Finanzen Artikel 14: Einnahmen Die Einnahmen der Vereinigung sind: a) die Mitgliederbeitr\u00e4ge ; b) die Spenden und Legate; c) die Subventionen ; d) die Ertr\u00e4ge aus speziellen Aktionen; e) die Zinsertr\u00e4ge. Artikel 15: Haftung F\u00fcr die Verpflichtungen der Vereinigung haftet nur dasVereinsverm\u00f6gen. Die Vereinigung haftet auf keinem Fall f\u00fcr die Verpflichtungen einer [&hellip;]\" \/>\n<meta property=\"og:url\" content=\"https:\/\/www.ffr-frv.ch\/de\/allgemeines-zur-frv\/statuten\/kapitel-4\/\" \/>\n<meta property=\"og:site_name\" content=\"Bienvenue sur le site de la FFR-FRV\" \/>\n<meta property=\"article:modified_time\" content=\"2020-02-24T14:06:32+00:00\" \/>\n<meta name=\"twitter:card\" content=\"summary_large_image\" \/>\n<meta name=\"twitter:label1\" content=\"Gesch\u00e4tzte Lesezeit\" \/>\n\t<meta name=\"twitter:data1\" content=\"1\u00a0Minute\" \/>\n<script type=\"application\/ld+json\" class=\"yoast-schema-graph\">{\"@context\":\"https:\/\/schema.org\",\"@graph\":[{\"@type\":\"WebPage\",\"@id\":\"https:\/\/www.ffr-frv.ch\/de\/allgemeines-zur-frv\/statuten\/kapitel-4\/\",\"url\":\"https:\/\/www.ffr-frv.ch\/de\/allgemeines-zur-frv\/statuten\/kapitel-4\/\",\"name\":\"Kapitel 4 | Bienvenue sur le site de la FFR-FRV\",\"isPartOf\":{\"@id\":\"https:\/\/www.ffr-frv.ch\/de\/#website\"},\"datePublished\":\"2020-02-24T13:17:05+00:00\",\"dateModified\":\"2020-02-24T14:06:32+00:00\",\"breadcrumb\":{\"@id\":\"https:\/\/www.ffr-frv.ch\/de\/allgemeines-zur-frv\/statuten\/kapitel-4\/#breadcrumb\"},\"inLanguage\":\"de\",\"potentialAction\":[{\"@type\":\"ReadAction\",\"target\":[\"https:\/\/www.ffr-frv.ch\/de\/allgemeines-zur-frv\/statuten\/kapitel-4\/\"]}]},{\"@type\":\"BreadcrumbList\",\"@id\":\"https:\/\/www.ffr-frv.ch\/de\/allgemeines-zur-frv\/statuten\/kapitel-4\/#breadcrumb\",\"itemListElement\":[{\"@type\":\"ListItem\",\"position\":1,\"name\":\"Titelseite\",\"item\":\"https:\/\/www.ffr-frv.ch\/de\/\"},{\"@type\":\"ListItem\",\"position\":2,\"name\":\"Allgemeines zur FRV\",\"item\":\"https:\/\/www.ffr-frv.ch\/de\/allgemeines-zur-frv\/\"},{\"@type\":\"ListItem\",\"position\":3,\"name\":\"Statuten\",\"item\":\"https:\/\/www.ffr-frv.ch\/de\/allgemeines-zur-frv\/statuten\/\"},{\"@type\":\"ListItem\",\"position\":4,\"name\":\"Kapitel 4\"}]},{\"@type\":\"WebSite\",\"@id\":\"https:\/\/www.ffr-frv.ch\/de\/#website\",\"url\":\"https:\/\/www.ffr-frv.ch\/de\/\",\"name\":\"Bienvenue sur le site de la FFR-FRV\",\"description\":\"\",\"potentialAction\":[{\"@type\":\"SearchAction\",\"target\":{\"@type\":\"EntryPoint\",\"urlTemplate\":\"https:\/\/www.ffr-frv.ch\/de\/?s={search_term_string}\"},\"query-input\":{\"@type\":\"PropertyValueSpecification\",\"valueRequired\":true,\"valueName\":\"search_term_string\"}}],\"inLanguage\":\"de\"}]}<\/script>\n<!-- \/ Yoast SEO plugin. -->","yoast_head_json":{"title":"Kapitel 4 | Bienvenue sur le site de la FFR-FRV","robots":{"index":"index","follow":"follow","max-snippet":"max-snippet:-1","max-image-preview":"max-image-preview:large","max-video-preview":"max-video-preview:-1"},"canonical":"https:\/\/www.ffr-frv.ch\/de\/allgemeines-zur-frv\/statuten\/kapitel-4\/","og_locale":"de_DE","og_type":"article","og_title":"Kapitel 4 | Bienvenue sur le site de la FFR-FRV","og_description":"[vc_row][vc_column][vc_column_text] Kapitel 4: Finanzen Artikel 14: Einnahmen Die Einnahmen der Vereinigung sind: a) die Mitgliederbeitr\u00e4ge ; b) die Spenden und Legate; c) die Subventionen ; d) die Ertr\u00e4ge aus speziellen Aktionen; e) die Zinsertr\u00e4ge. Artikel 15: Haftung F\u00fcr die Verpflichtungen der Vereinigung haftet nur dasVereinsverm\u00f6gen. Die Vereinigung haftet auf keinem Fall f\u00fcr die Verpflichtungen einer [&hellip;]","og_url":"https:\/\/www.ffr-frv.ch\/de\/allgemeines-zur-frv\/statuten\/kapitel-4\/","og_site_name":"Bienvenue sur le site de la FFR-FRV","article_modified_time":"2020-02-24T14:06:32+00:00","twitter_card":"summary_large_image","twitter_misc":{"Gesch\u00e4tzte Lesezeit":"1\u00a0Minute"},"schema":{"@context":"https:\/\/schema.org","@graph":[{"@type":"WebPage","@id":"https:\/\/www.ffr-frv.ch\/de\/allgemeines-zur-frv\/statuten\/kapitel-4\/","url":"https:\/\/www.ffr-frv.ch\/de\/allgemeines-zur-frv\/statuten\/kapitel-4\/","name":"Kapitel 4 | Bienvenue sur le site de la FFR-FRV","isPartOf":{"@id":"https:\/\/www.ffr-frv.ch\/de\/#website"},"datePublished":"2020-02-24T13:17:05+00:00","dateModified":"2020-02-24T14:06:32+00:00","breadcrumb":{"@id":"https:\/\/www.ffr-frv.ch\/de\/allgemeines-zur-frv\/statuten\/kapitel-4\/#breadcrumb"},"inLanguage":"de","potentialAction":[{"@type":"ReadAction","target":["https:\/\/www.ffr-frv.ch\/de\/allgemeines-zur-frv\/statuten\/kapitel-4\/"]}]},{"@type":"BreadcrumbList","@id":"https:\/\/www.ffr-frv.ch\/de\/allgemeines-zur-frv\/statuten\/kapitel-4\/#breadcrumb","itemListElement":[{"@type":"ListItem","position":1,"name":"Titelseite","item":"https:\/\/www.ffr-frv.ch\/de\/"},{"@type":"ListItem","position":2,"name":"Allgemeines zur FRV","item":"https:\/\/www.ffr-frv.ch\/de\/allgemeines-zur-frv\/"},{"@type":"ListItem","position":3,"name":"Statuten","item":"https:\/\/www.ffr-frv.ch\/de\/allgemeines-zur-frv\/statuten\/"},{"@type":"ListItem","position":4,"name":"Kapitel 4"}]},{"@type":"WebSite","@id":"https:\/\/www.ffr-frv.ch\/de\/#website","url":"https:\/\/www.ffr-frv.ch\/de\/","name":"Bienvenue sur le site de la FFR-FRV","description":"","potentialAction":[{"@type":"SearchAction","target":{"@type":"EntryPoint","urlTemplate":"https:\/\/www.ffr-frv.ch\/de\/?s={search_term_string}"},"query-input":{"@type":"PropertyValueSpecification","valueRequired":true,"valueName":"search_term_string"}}],"inLanguage":"de"}]}},"_links":{"self":[{"href":"https:\/\/www.ffr-frv.ch\/de\/wp-json\/wp\/v2\/pages\/1072","targetHints":{"allow":["GET"]}}],"collection":[{"href":"https:\/\/www.ffr-frv.ch\/de\/wp-json\/wp\/v2\/pages"}],"about":[{"href":"https:\/\/www.ffr-frv.ch\/de\/wp-json\/wp\/v2\/types\/page"}],"author":[{"embeddable":true,"href":"https:\/\/www.ffr-frv.ch\/de\/wp-json\/wp\/v2\/users\/1"}],"replies":[{"embeddable":true,"href":"https:\/\/www.ffr-frv.ch\/de\/wp-json\/wp\/v2\/comments?post=1072"}],"version-history":[{"count":4,"href":"https:\/\/www.ffr-frv.ch\/de\/wp-json\/wp\/v2\/pages\/1072\/revisions"}],"predecessor-version":[{"id":1076,"href":"https:\/\/www.ffr-frv.ch\/de\/wp-json\/wp\/v2\/pages\/1072\/revisions\/1076"}],"up":[{"embeddable":true,"href":"https:\/\/www.ffr-frv.ch\/de\/wp-json\/wp\/v2\/pages\/1097"}],"wp:attachment":[{"href":"https:\/\/www.ffr-frv.ch\/de\/wp-json\/wp\/v2\/media?parent=1072"}],"wp:term":[{"taxonomy":"folder","embeddable":true,"href":"https:\/\/www.ffr-frv.ch\/de\/wp-json\/wp\/v2\/folder?post=1072"}],"curies":[{"name":"wp","href":"https:\/\/api.w.org\/{rel}","templated":true}]}}